{"id":15171,"date":"2025-02-24T22:48:18","date_gmt":"2025-02-24T21:48:18","guid":{"rendered":"https:\/\/staviori.com.pl\/product\/pierscionek-z-diamentem-pbd6094\/"},"modified":"2026-02-11T00:09:08","modified_gmt":"2026-02-10T23:09:08","slug":"pierscionek-z-diamentem-pbd6094","status":"publish","type":"product","link":"https:\/\/staviori.com.pl\/de\/product\/pierscionek-z-diamentem-pbd6094\/","title":{"rendered":"Exklusiver | sch\u00f6ner moderner Diamantring in 18K Gold"},"content":{"rendered":"<p>Model: PBD6094<br \/>\nWaga ok. 2,70g<\/p>\n<p>Ring.<br \/>\nWei\u00dfgold 0,750.<br \/>\n32 Diamenty, szlif brylantowy, o masie ok. 0,32ct, barwa G, czysto\u015b\u0107 VS1-SI2.<\/p>\n<p>Produkt in jeder Gr\u00f6\u00dfe, nur auf Anfrage erh\u00e4ltlich, Lieferzeit ca. 2 Wochen.<\/p>","protected":false},"excerpt":{"rendered":"<p>Nowoczesny pier\u015bcionek z bia\u0142ego z\u0142ota pr\u00f3by 0,750, kt\u00f3rego forma zachwyca geometrycznym krzy\u017cuj\u0105cym si\u0119 wzorem. A\u017c 32 diamenty w szlifie brylantowym o \u0142\u0105cznej masie 0,32 ct subtelnie po\u0142yskuj\u0105 na finezyjnych liniach z\u0142ota, tworz\u0105c kompozycj\u0119 pe\u0142n\u0105 blasku i charakteru. To bi\u017cuteria idealna dla kobiet, kt\u00f3re ceni\u0105 odwa\u017cny design i unikalny styl z nut\u0105 elegancji.<\/p>","protected":false},"featured_media":5618,"comment_status":"closed","ping_status":"closed","template":"","meta":{"om_disable_all_campaigns":false},"product_brand":[2284],"product_cat":[1803,1838,2182,801],"product_tag":[2308,4933,4480,4928,5089,5088,2280,5090,4071,2983,4708,3777],"class_list":{"0":"post-15171","1":"product","2":"type-product","3":"status-publish","4":"has-post-thumbnail","6":"product_brand-staviori","7":"product_cat-brylanty-exclusive","8":"product_cat-diamenty","9":"product_cat-pierscionek-z-diamentem","10":"product_cat-pierscionki","11":"product_tag-biale-zloto","12":"product_tag-designer-jewelry","13":"product_tag-designerska-bizuteria","14":"product_tag-diamond-ring","15":"product_tag-geometric-ring","16":"product_tag-geometryczny-pierscionek","17":"product_tag-luksusowa-bizuteria","18":"product_tag-luxury-accessory","19":"product_tag-modern-style","20":"product_tag-nowoczesny-styl","21":"product_tag-pierscionek-z-diamentami","22":"product_tag-white-gold","23":"pa_barwa-g-2","24":"pa_czystosc-vs1","25":"pa_dostawca-hosgor","26":"pa_kamien-brylanty","27":"pa_kolor-biale","28":"pa_kruszec-zloto","29":"pa_proba-0-750","30":"pa_waga-270g","32":"first","33":"onbackorder","34":"purchasable","35":"product-type-simple"},"aioseo_notices":[],"_links":{"self":[{"href":"https:\/\/staviori.com.pl\/de\/wp-json\/wp\/v2\/product\/15171","targetHints":{"allow":["GET"]}}],"collection":[{"href":"https:\/\/staviori.com.pl\/de\/wp-json\/wp\/v2\/product"}],"about":[{"href":"https:\/\/staviori.com.pl\/de\/wp-json\/wp\/v2\/types\/product"}],"replies":[{"embeddable":true,"href":"https:\/\/staviori.com.pl\/de\/wp-json\/wp\/v2\/comments?post=15171"}],"wp:featuredmedia":[{"embeddable":true,"href":"https:\/\/staviori.com.pl\/de\/wp-json\/wp\/v2\/media\/5618"}],"wp:attachment":[{"href":"https:\/\/staviori.com.pl\/de\/wp-json\/wp\/v2\/media?parent=15171"}],"wp:term":[{"taxonomy":"product_brand","embeddable":true,"href":"https:\/\/staviori.com.pl\/de\/wp-json\/wp\/v2\/product_brand?post=15171"},{"taxonomy":"product_cat","embeddable":true,"href":"https:\/\/staviori.com.pl\/de\/wp-json\/wp\/v2\/product_cat?post=15171"},{"taxonomy":"product_tag","embeddable":true,"href":"https:\/\/staviori.com.pl\/de\/wp-json\/wp\/v2\/product_tag?post=15171"}],"curies":[{"name":"wp","href":"https:\/\/api.w.org\/{rel}","templated":true}]}}