{"id":15170,"date":"2025-02-24T22:48:18","date_gmt":"2025-02-24T21:48:18","guid":{"rendered":"https:\/\/staviori.com.pl\/product\/pierscionek-z-diamentem-pbd6093\/"},"modified":"2026-02-11T00:09:08","modified_gmt":"2026-02-10T23:09:08","slug":"pierscionek-z-diamentem-pbd6093","status":"publish","type":"product","link":"https:\/\/staviori.com.pl\/de\/product\/pierscionek-z-diamentem-pbd6093\/","title":{"rendered":"Exklusive | sch\u00f6ne Diamantblume aus 18-kar\u00e4tigem Gold"},"content":{"rendered":"<p>Model: PBD6093<br \/>\nWaga ok. 1,95g<\/p>\n<p>Ring.<br \/>\nWei\u00dfgold 0,750.<br \/>\n1 Diament, szlif markiza, o masie 0,09ct, barwa G, czysto\u015b\u0107 VS1-SI2.<br \/>\n2 Diamenty, szlif gruszka, o masie 0,28ct, barwa G, czysto\u015b\u0107 VS1-SI2.<br \/>\n24 Diamenty, szlif brylantowy, o masie 0,20ct, barwa G, czysto\u015b\u0107 VS1-SI2.<\/p>\n<p>Kann auch in einer anderen Goldfarbe hergestellt werden.<\/p>\n<p>Produkt in jeder Gr\u00f6\u00dfe, nur auf Anfrage erh\u00e4ltlich, Lieferzeit ca. 2 Wochen.<\/p>","protected":false},"excerpt":{"rendered":"<p>Zachwycaj\u0105cy pier\u015bcionek z bia\u0142ego z\u0142ota pr\u00f3by 0,750 o wyj\u0105tkowej formie przypominaj\u0105cej delikatnego motyla lub kokard\u0119. Kompozycj\u0119 tworz\u0105 diamenty w szlifach markiza, gruszka i brylantowym \u2013 \u0142\u0105cznie a\u017c 27 kamieni o \u0142\u0105cznej masie 0,57 ct. Ich kunsztowne rozmieszczenie tworzy pe\u0142en blasku, niezwykle kobiecy wz\u00f3r. Idealny dla os\u00f3b szukaj\u0105cych bi\u017cuterii z dusz\u0105 \u2013 finezyjnej, lekkiej, a zarazem pe\u0142nej presti\u017cu.<\/p>","protected":false},"featured_media":5614,"comment_status":"closed","ping_status":"closed","template":"","meta":{"om_disable_all_campaigns":false},"product_brand":[2284],"product_cat":[1803,1838,2182,801],"product_tag":[2308,3781,4995,5084,4923,4928,5083,5085,4988,2280,3747,4042,5086,5081,4708,5082,5087,3777],"class_list":{"0":"post-15170","1":"product","2":"type-product","3":"status-publish","4":"has-post-thumbnail","6":"product_brand-staviori","7":"product_cat-brylanty-exclusive","8":"product_cat-diamenty","9":"product_cat-pierscionek-z-diamentem","10":"product_cat-pierscionki","11":"product_tag-biale-zloto","12":"product_tag-bile-zlato","13":"product_tag-bow-ring","14":"product_tag-butterfly-motif","15":"product_tag-diamantovy-prsten","16":"product_tag-diamond-ring","17":"product_tag-elegancki-design","18":"product_tag-elegant-design","19":"product_tag-elegantni-design","20":"product_tag-luksusowa-bizuteria","21":"product_tag-luxury-jewelry","22":"product_tag-luxusni-sperk","23":"product_tag-motiv-motyla","24":"product_tag-motyw-motyla","25":"product_tag-pierscionek-z-diamentami","26":"product_tag-pierscionek-z-kokarda","27":"product_tag-prsten-s-masli","28":"product_tag-white-gold","29":"pa_barwa-g-2","30":"pa_czystosc-vs1","31":"pa_dostawca-hosgor","32":"pa_kamien-brylanty","33":"pa_kolor-biale","34":"pa_kruszec-zloto","35":"pa_motyw-kwiatek","36":"pa_proba-0-750","37":"pa_waga-195g","39":"first","40":"onbackorder","41":"purchasable","42":"product-type-simple"},"aioseo_notices":[],"_links":{"self":[{"href":"https:\/\/staviori.com.pl\/de\/wp-json\/wp\/v2\/product\/15170","targetHints":{"allow":["GET"]}}],"collection":[{"href":"https:\/\/staviori.com.pl\/de\/wp-json\/wp\/v2\/product"}],"about":[{"href":"https:\/\/staviori.com.pl\/de\/wp-json\/wp\/v2\/types\/product"}],"replies":[{"embeddable":true,"href":"https:\/\/staviori.com.pl\/de\/wp-json\/wp\/v2\/comments?post=15170"}],"wp:featuredmedia":[{"embeddable":true,"href":"https:\/\/staviori.com.pl\/de\/wp-json\/wp\/v2\/media\/5614"}],"wp:attachment":[{"href":"https:\/\/staviori.com.pl\/de\/wp-json\/wp\/v2\/media?parent=15170"}],"wp:term":[{"taxonomy":"product_brand","embeddable":true,"href":"https:\/\/staviori.com.pl\/de\/wp-json\/wp\/v2\/product_brand?post=15170"},{"taxonomy":"product_cat","embeddable":true,"href":"https:\/\/staviori.com.pl\/de\/wp-json\/wp\/v2\/product_cat?post=15170"},{"taxonomy":"product_tag","embeddable":true,"href":"https:\/\/staviori.com.pl\/de\/wp-json\/wp\/v2\/product_tag?post=15170"}],"curies":[{"name":"wp","href":"https:\/\/api.w.org\/{rel}","templated":true}]}}