{"id":15169,"date":"2025-02-24T22:48:18","date_gmt":"2025-02-24T21:48:18","guid":{"rendered":"https:\/\/staviori.com.pl\/product\/pierscionek-z-diamentem-pbd6090s\/"},"modified":"2026-02-11T00:09:08","modified_gmt":"2026-02-10T23:09:08","slug":"pierscionek-z-diamentem-pbd6090s","status":"publish","type":"product","link":"https:\/\/staviori.com.pl\/de\/product\/pierscionek-z-diamentem-pbd6090s\/","title":{"rendered":"Exklusive | Tropfenring mit Diamanten und Saphiren aus 18 Karat Gold"},"content":{"rendered":"<p>Model: PBD6090S<br \/>\nGewicht ca. 1,90g<\/p>\n<p>Ring.<br \/>\nWei\u00dfgold 0,750.<br \/>\n30 Diament\u00f3w, szlif brylantowy, o masie 0,09ct, barwa G, czysto\u015b\u0107 VS1-SI2.<br \/>\n1 Szafir, o masie 0,31ct.<\/p>\n<p>\u015arednica korony ok. 7&#215;5 mm.<\/p>\n<p>Produkt in jeder Gr\u00f6\u00dfe, nur auf Anfrage erh\u00e4ltlich, Lieferzeit ca. 2 Wochen.<\/p>","protected":false},"excerpt":{"rendered":"<p>Zjawiskowy pier\u015bcionek z bia\u0142ego z\u0142ota pr\u00f3by 0,750, w kt\u00f3rym g\u0142\u00f3wn\u0105 rol\u0119 gra szafir o masie 0,31 ct., oszlifowany w elegancki kszta\u0142t \u0142ezki. Otoczony a\u017c 30 l\u015bni\u0105cymi diamentami w szlifie brylantowym, tworzy kompozycj\u0119 pe\u0142n\u0105 blasku i finezji. Delikatna obr\u0105czka z dodatkowym diamentowym zdobieniem nadaje ca\u0142o\u015bci lekko\u015bci i luksusowego charakteru. To pier\u015bcionek dla kobiety, kt\u00f3ra kocha wyrafinowane detale i niebanaln\u0105 elegancj\u0119.<\/p>","protected":false},"featured_media":19671,"comment_status":"closed","ping_status":"closed","template":"","meta":{"om_disable_all_campaigns":false},"product_brand":[2284],"product_cat":[1803,1838,2182,801],"product_tag":[2308,2591,2296,4672,5080,4668,4153],"class_list":{"0":"post-15169","1":"product","2":"type-product","3":"status-publish","4":"has-post-thumbnail","6":"product_brand-staviori","7":"product_cat-brylanty-exclusive","8":"product_cat-diamenty","9":"product_cat-pierscionek-z-diamentem","10":"product_cat-pierscionki","11":"product_tag-biale-zloto","12":"product_tag-bizuteria-premium","13":"product_tag-diamenty","14":"product_tag-elegancki-pierscionek","15":"product_tag-pbd6090s","16":"product_tag-pierscionek-zareczynowy","17":"product_tag-szafir","18":"pa_barwa-g-2","19":"pa_czystosc-vs1","20":"pa_dostawca-hosgor","21":"pa_kamien-brylanty","22":"pa_kamien-szafir","23":"pa_kolor-biale","24":"pa_kruszec-zloto","25":"pa_proba-0-750","26":"pa_srednica-korony-ok-7x5mm","27":"pa_waga-190g","29":"first","30":"onbackorder","31":"purchasable","32":"product-type-simple"},"aioseo_notices":[],"_links":{"self":[{"href":"https:\/\/staviori.com.pl\/de\/wp-json\/wp\/v2\/product\/15169","targetHints":{"allow":["GET"]}}],"collection":[{"href":"https:\/\/staviori.com.pl\/de\/wp-json\/wp\/v2\/product"}],"about":[{"href":"https:\/\/staviori.com.pl\/de\/wp-json\/wp\/v2\/types\/product"}],"replies":[{"embeddable":true,"href":"https:\/\/staviori.com.pl\/de\/wp-json\/wp\/v2\/comments?post=15169"}],"wp:featuredmedia":[{"embeddable":true,"href":"https:\/\/staviori.com.pl\/de\/wp-json\/wp\/v2\/media\/19671"}],"wp:attachment":[{"href":"https:\/\/staviori.com.pl\/de\/wp-json\/wp\/v2\/media?parent=15169"}],"wp:term":[{"taxonomy":"product_brand","embeddable":true,"href":"https:\/\/staviori.com.pl\/de\/wp-json\/wp\/v2\/product_brand?post=15169"},{"taxonomy":"product_cat","embeddable":true,"href":"https:\/\/staviori.com.pl\/de\/wp-json\/wp\/v2\/product_cat?post=15169"},{"taxonomy":"product_tag","embeddable":true,"href":"https:\/\/staviori.com.pl\/de\/wp-json\/wp\/v2\/product_tag?post=15169"}],"curies":[{"name":"wp","href":"https:\/\/api.w.org\/{rel}","templated":true}]}}