{"id":15163,"date":"2025-02-24T22:48:18","date_gmt":"2025-02-24T21:48:18","guid":{"rendered":"https:\/\/staviori.com.pl\/product\/pierscionek-z-diamentem-pbd5224\/"},"modified":"2026-02-11T00:09:08","modified_gmt":"2026-02-10T23:09:08","slug":"pierscionek-z-diamentem-pbd5224","status":"publish","type":"product","link":"https:\/\/staviori.com.pl\/de\/product\/pierscionek-z-diamentem-pbd5224\/","title":{"rendered":"Zarter Diamantring aus Wei\u00dfgold"},"content":{"rendered":"<p>Model: PBD5224<br \/>\nWaga ok. 2,10g<\/p>\n<p>Ring.<br \/>\nWei\u00dfgold 0,585.<br \/>\n12 Diament\u00f3w, szlif brylantowy, o masie 0,16ct, barwa H, czysto\u015b\u0107 I1.<\/p>\n<p>Nur einige Gr\u00f6\u00dfen verf\u00fcgbar - bitte anfragen<\/p>","protected":false},"excerpt":{"rendered":"<p>Zachwycaj\u0105cy pier\u015bcionek z bia\u0142ego z\u0142ota pr\u00f3by 0,585, ozdobiony a\u017c 12 diamentami o klasycznym szlifie brylantowym. Centralny kamie\u0144 otoczony promienistym halo tworzy subtelny, a zarazem ol\u015bniewaj\u0105cy efekt rozb\u0142ysku \u015bwiat\u0142a. Delikatna obr\u0105czka pi\u0119knie podkre\u015bla kompozycj\u0119, czyni\u0105c ten model idealnym wyborem na zar\u0119czyny lub wyj\u0105tkowy prezent dla ukochanej osoby. Ponadczasowy blask i kobieca elegancja zamkni\u0119te w jednej formie.<\/p>","protected":false},"featured_media":5568,"comment_status":"closed","ping_status":"closed","template":"","meta":{"om_disable_all_campaigns":false},"product_brand":[2284],"product_cat":[1838,2182,801],"product_tag":[4807,2317,5140,5138,4773,5139,4746,4708],"class_list":{"0":"post-15163","1":"product","2":"type-product","3":"status-publish","4":"has-post-thumbnail","6":"product_brand-staviori","7":"product_cat-diamenty","8":"product_cat-pierscionek-z-diamentem","9":"product_cat-pierscionki","10":"product_tag-biale-zloto-585","11":"product_tag-elegancka-bizuteria","12":"product_tag-klasyczny-pierscionek-zareczynowy","13":"product_tag-pbd5224","14":"product_tag-pierscionek-dla-niej","15":"product_tag-pierscionek-halo","16":"product_tag-pierscionek-z-brylantami","17":"product_tag-pierscionek-z-diamentami","18":"pa_barwa-h-2","19":"pa_czystosc-i1","20":"pa_dostawca-estrella","21":"pa_kamien-brylanty","22":"pa_kolor-biale","23":"pa_kruszec-zloto","24":"pa_proba-0-585","25":"pa_rozmiar-2353","26":"pa_waga-210g","28":"first","29":"instock","30":"sold-individually","31":"purchasable","32":"product-type-simple"},"aioseo_notices":[],"_links":{"self":[{"href":"https:\/\/staviori.com.pl\/de\/wp-json\/wp\/v2\/product\/15163","targetHints":{"allow":["GET"]}}],"collection":[{"href":"https:\/\/staviori.com.pl\/de\/wp-json\/wp\/v2\/product"}],"about":[{"href":"https:\/\/staviori.com.pl\/de\/wp-json\/wp\/v2\/types\/product"}],"replies":[{"embeddable":true,"href":"https:\/\/staviori.com.pl\/de\/wp-json\/wp\/v2\/comments?post=15163"}],"wp:featuredmedia":[{"embeddable":true,"href":"https:\/\/staviori.com.pl\/de\/wp-json\/wp\/v2\/media\/5568"}],"wp:attachment":[{"href":"https:\/\/staviori.com.pl\/de\/wp-json\/wp\/v2\/media?parent=15163"}],"wp:term":[{"taxonomy":"product_brand","embeddable":true,"href":"https:\/\/staviori.com.pl\/de\/wp-json\/wp\/v2\/product_brand?post=15163"},{"taxonomy":"product_cat","embeddable":true,"href":"https:\/\/staviori.com.pl\/de\/wp-json\/wp\/v2\/product_cat?post=15163"},{"taxonomy":"product_tag","embeddable":true,"href":"https:\/\/staviori.com.pl\/de\/wp-json\/wp\/v2\/product_tag?post=15163"}],"curies":[{"name":"wp","href":"https:\/\/api.w.org\/{rel}","templated":true}]}}