{"id":15157,"date":"2025-02-24T22:48:12","date_gmt":"2025-02-24T21:48:12","guid":{"rendered":"https:\/\/staviori.com.pl\/product\/bizuteria-inwestycyjna-pierscionek-pbd4434\/"},"modified":"2026-02-11T00:09:08","modified_gmt":"2026-02-10T23:09:08","slug":"bizuteria-inwestycyjna-pierscionek-pbd4434","status":"publish","type":"product","link":"https:\/\/staviori.com.pl\/de\/product\/bizuteria-inwestycyjna-pierscionek-pbd4434\/","title":{"rendered":"Exklusiver Verlobungsring aus Wei\u00dfgold mit Diamanten"},"content":{"rendered":"<p>Model: DDR0167<br \/>\nWaga ok. 3,50g<\/p>\n<p>Ring.<br \/>\nWei\u00dfgold 0,750.<br \/>\n1 Diament, szlif brylantowy, o masie 0,19ct, barwa G, czysto\u015b\u0107 SI1.<br \/>\n10 Diament\u00f3w, szlif brylantowy, o masie 0,18ct, barwa G-H, czysto\u015b\u0107 SI1.<\/p>\n<p>\u015arednica korony ok. 4.04 mm.<br \/>\nWysoko\u015b\u0107 4.8 mm.<br \/>\nSzeroko\u015b\u0107 obr\u0105czki ok. 2.6 mm.<\/p>\n<p>Produkt w dowolnym rozmiarze oraz kolorze z\u0142ota &#8211; dost\u0119pny wy\u0142\u0105cznie na zam\u00f3wienie, czas realizacji ok. 5 tygodni.<\/p>","protected":false},"excerpt":{"rendered":"<p>Elegancki pier\u015bcionek zar\u0119czynowy z bia\u0142ego z\u0142ota pr\u00f3by 0,750, stworzony z my\u015bl\u0105 o wyj\u0105tkowych chwilach. W centrum kompozycji l\u015bni brylant o masie 0,19 ct, podkre\u015blony przez dziesi\u0119\u0107 mniejszych diament\u00f3w, harmonijnie osadzonych wzd\u0142u\u017c obr\u0105czki. Subtelna forma i doskona\u0142a symetria sprawiaj\u0105, \u017ce pier\u015bcionek zachwyca klas\u0105 i ponadczasowym wdzi\u0119kiem. Idealny wyb\u00f3r dla kobiety, kt\u00f3ra ceni sobie klasyk\u0119 w luksusowym wydaniu.<\/p>","protected":false},"featured_media":19928,"comment_status":"closed","ping_status":"closed","template":"","meta":{"om_disable_all_campaigns":false},"product_brand":[2284],"product_cat":[1803,6741,801],"product_tag":[2308,4352,4123,5282,2296,4672,4673,5283,4668],"class_list":{"0":"post-15157","1":"product","2":"type-product","3":"status-publish","4":"has-post-thumbnail","6":"product_brand-staviori","7":"product_cat-brylanty-exclusive","8":"product_cat-pierscionki-brylanty-exclusive","9":"product_cat-pierscionki","10":"product_tag-biale-zloto","11":"product_tag-bizuteria-slubna","12":"product_tag-brylant","13":"product_tag-ddr0167","14":"product_tag-diamenty","15":"product_tag-elegancki-pierscionek","16":"product_tag-klasyczny-pierscionek","17":"product_tag-pbd4434","18":"product_tag-pierscionek-zareczynowy","19":"pa_barwa-g-2","20":"pa_czystosc-si1","21":"pa_dostawca-draco","22":"pa_kamien-brylanty","23":"pa_kolor-biale","24":"pa_kruszec-zloto","25":"pa_okazja-idealne-na-zareczyny","26":"pa_proba-0-750","27":"pa_srednica-korony-ok-4-04mm","28":"pa_waga-350g","29":"pa_wysokosc-4-8mm","31":"first","32":"onbackorder","33":"purchasable","34":"product-type-simple"},"aioseo_notices":[],"_links":{"self":[{"href":"https:\/\/staviori.com.pl\/de\/wp-json\/wp\/v2\/product\/15157","targetHints":{"allow":["GET"]}}],"collection":[{"href":"https:\/\/staviori.com.pl\/de\/wp-json\/wp\/v2\/product"}],"about":[{"href":"https:\/\/staviori.com.pl\/de\/wp-json\/wp\/v2\/types\/product"}],"replies":[{"embeddable":true,"href":"https:\/\/staviori.com.pl\/de\/wp-json\/wp\/v2\/comments?post=15157"}],"wp:featuredmedia":[{"embeddable":true,"href":"https:\/\/staviori.com.pl\/de\/wp-json\/wp\/v2\/media\/19928"}],"wp:attachment":[{"href":"https:\/\/staviori.com.pl\/de\/wp-json\/wp\/v2\/media?parent=15157"}],"wp:term":[{"taxonomy":"product_brand","embeddable":true,"href":"https:\/\/staviori.com.pl\/de\/wp-json\/wp\/v2\/product_brand?post=15157"},{"taxonomy":"product_cat","embeddable":true,"href":"https:\/\/staviori.com.pl\/de\/wp-json\/wp\/v2\/product_cat?post=15157"},{"taxonomy":"product_tag","embeddable":true,"href":"https:\/\/staviori.com.pl\/de\/wp-json\/wp\/v2\/product_tag?post=15157"}],"curies":[{"name":"wp","href":"https:\/\/api.w.org\/{rel}","templated":true}]}}