{"id":15151,"date":"2025-02-24T22:48:12","date_gmt":"2025-02-24T21:48:12","guid":{"rendered":"https:\/\/staviori.com.pl\/product\/bizuteria-inwestycyjna-pierscionek-pbd4410\/"},"modified":"2026-02-11T00:09:07","modified_gmt":"2026-02-10T23:09:07","slug":"bizuteria-inwestycyjna-pierscionek-pbd4410","status":"publish","type":"product","link":"https:\/\/staviori.com.pl\/de\/product\/bizuteria-inwestycyjna-pierscionek-pbd4410\/","title":{"rendered":"Exklusiver | klassischer 0,50ct Verlobungsring aus 0,750er Wei\u00dfgold"},"content":{"rendered":"<p>Model: PBD4410<br \/>\nGewicht ca. 2,90g<\/p>\n<p>Ring.<br \/>\nWei\u00dfgold 0,750.<br \/>\n1 Diament, szlif brylantowy, o masie 0,50ct, barwa F, czysto\u015b\u0107 SI1.<\/p>\n<p>\u015arednica korony ok. 6.2 mm.<br \/>\nWysoko\u015b\u0107 5.4 mm.<br \/>\nSzeroko\u015b\u0107 obr\u0105czki ok. 1.8 mm.<\/p>\n<p>Dost\u0119pny na indywidualne zam\u00f3wienie z dowolnym innym Brylantem.<br \/>\nTermin realizacji oko\u0142o 2 tygodnie.<\/p>","protected":false},"excerpt":{"rendered":"<p>Luksusowy pier\u015bcionek zar\u0119czynowy wykonany z bia\u0142ego z\u0142ota pr\u00f3by 0,750, zachwycaj\u0105cy klasycznym wzornictwem w stylu Tiffany. Centralny brylant o imponuj\u0105cej masie 0,50 ct, barwie F i czysto\u015bci SI1, osadzony jest w sze\u015bcioramiennej koronie, kt\u00f3ra pi\u0119knie eksponuje kamie\u0144 i podkre\u015bla jego niepowtarzalny blask. Smuk\u0142a obr\u0105czka dope\u0142nia kompozycji, dodaj\u0105c jej lekko\u015bci i elegancji. Idealna propozycja dla os\u00f3b szukaj\u0105cych wyrazistego, ponadczasowego symbolu mi\u0142o\u015bci.<\/p>","protected":false},"featured_media":5437,"comment_status":"closed","ping_status":"closed","template":"","meta":{"om_disable_all_campaigns":false},"product_brand":[2284],"product_cat":[1803,801,6741],"product_tag":[2278,2311,5024,4993,4672,4673,4668,5025,5021],"class_list":{"0":"post-15151","1":"product","2":"type-product","3":"status-publish","4":"has-post-thumbnail","6":"product_brand-staviori","7":"product_cat-brylanty-exclusive","8":"product_cat-pierscionki","9":"product_cat-pierscionki-brylanty-exclusive","10":"product_tag-biale-zloto-18k","11":"product_tag-bizuteria-luksusowa","12":"product_tag-brylant-0-50ct","13":"product_tag-diamentowy-pierscionek","14":"product_tag-elegancki-pierscionek","15":"product_tag-klasyczny-pierscionek","16":"product_tag-pierscionek-zareczynowy","17":"product_tag-styl-tiffany","18":"product_tag-szaton-szescioramienny","19":"pa_barwa-f-2","20":"pa_czystosc-si1","21":"pa_dostawca-estrella","22":"pa_kamien-brylant","23":"pa_kolor-biale","24":"pa_kruszec-zloto","25":"pa_okazja-idealne-na-zareczyny","26":"pa_proba-0-750","27":"pa_srednica-korony-ok-6-2mm","28":"pa_waga-g","29":"pa_wysokosc-5-4mm","31":"first","32":"onbackorder","33":"purchasable","34":"product-type-simple"},"aioseo_notices":[],"_links":{"self":[{"href":"https:\/\/staviori.com.pl\/de\/wp-json\/wp\/v2\/product\/15151","targetHints":{"allow":["GET"]}}],"collection":[{"href":"https:\/\/staviori.com.pl\/de\/wp-json\/wp\/v2\/product"}],"about":[{"href":"https:\/\/staviori.com.pl\/de\/wp-json\/wp\/v2\/types\/product"}],"replies":[{"embeddable":true,"href":"https:\/\/staviori.com.pl\/de\/wp-json\/wp\/v2\/comments?post=15151"}],"wp:featuredmedia":[{"embeddable":true,"href":"https:\/\/staviori.com.pl\/de\/wp-json\/wp\/v2\/media\/5437"}],"wp:attachment":[{"href":"https:\/\/staviori.com.pl\/de\/wp-json\/wp\/v2\/media?parent=15151"}],"wp:term":[{"taxonomy":"product_brand","embeddable":true,"href":"https:\/\/staviori.com.pl\/de\/wp-json\/wp\/v2\/product_brand?post=15151"},{"taxonomy":"product_cat","embeddable":true,"href":"https:\/\/staviori.com.pl\/de\/wp-json\/wp\/v2\/product_cat?post=15151"},{"taxonomy":"product_tag","embeddable":true,"href":"https:\/\/staviori.com.pl\/de\/wp-json\/wp\/v2\/product_tag?post=15151"}],"curies":[{"name":"wp","href":"https:\/\/api.w.org\/{rel}","templated":true}]}}