{"id":15150,"date":"2025-02-24T22:48:12","date_gmt":"2025-02-24T21:48:12","guid":{"rendered":"https:\/\/staviori.com.pl\/product\/pierscionek-z-diamentem-pbd4409\/"},"modified":"2026-02-11T00:09:07","modified_gmt":"2026-02-10T23:09:07","slug":"pierscionek-z-diamentem-pbd4409","status":"publish","type":"product","link":"https:\/\/staviori.com.pl\/de\/product\/pierscionek-z-diamentem-pbd4409\/","title":{"rendered":"Exklusiver | klassischer Verlobungsring mit 0,25ct Diamant in 0,750er Wei\u00dfgold"},"content":{"rendered":"<p>Model: PBD4409<br \/>\nWaga ok. 2,65g<\/p>\n<p>Ring.<br \/>\nWei\u00dfgold 0,750.<br \/>\n1 Diament, szlif brylantowy, o masie 0,25ct, barwa G, czysto\u015b\u0107 SI.<\/p>\n<p>\u015arednica korony ok. 4.9 mm.<br \/>\nWysoko\u015b\u0107 4.6 mm.<br \/>\nSzeroko\u015b\u0107 obr\u0105czki ok. 1.8 mm.<\/p>\n<p>Pier\u015bcionek zar\u0119czynowy<br \/>\nDost\u0119pny na zam\u00f3wienie &#8211; termin realizacji oko\u0142o 1 tydzie\u0144.<\/p>\n<p>Propozycja dla os\u00f3b, kt\u00f3re lubi\u0105 klasyk\u0119 w najlepszym wydaniu. Pier\u015bcionek wykonany zosta\u0142 z bardzo modnego, bia\u0142ego 18-karatowego z\u0142ota. Sze\u015bcioramienna korona zosta\u0142a doskonale zaprojektowana, aby solidnie i bezpiecznie utrzyma\u0107 brylant o masie 0,25ct. Ten produkt to najlepszy wyb\u00f3r zar\u00f3wno na prezent zar\u0119czynowy, jak i inn\u0105 okazj\u0119. Zawsze doskona\u0142y do okazania mi\u0142o\u015bci.<\/p>","protected":false},"excerpt":{"rendered":"<p>Klasyczny pier\u015bcionek zar\u0119czynowy z bia\u0142ego z\u0142ota pr\u00f3by 0,750, kt\u00f3ry zachwyca ponadczasow\u0105 form\u0105 i doskona\u0142ym wykonaniem. W centralnym punkcie osadzono brylant o masie 0,25 ct, oprawiony w eleganck\u0105, sze\u015bcioramienn\u0105 koron\u0119 \u2013 dla pe\u0142nej ekspozycji blasku i pewno\u015bci mocowania. Smuk\u0142a obr\u0105czka subtelnie dope\u0142nia ca\u0142o\u015b\u0107, tworz\u0105c pier\u015bcionek idealny na zar\u0119czyny, rocznic\u0119 lub jako symbol szczerych uczu\u0107. Luksus w klasycznej ods\u0142onie dla najbardziej wymagaj\u0105cych.<\/p>","protected":false},"featured_media":5423,"comment_status":"closed","ping_status":"closed","template":"","meta":{"om_disable_all_campaigns":false},"product_brand":[2284],"product_cat":[1803,1838,2182,801,6741],"product_tag":[2337,2278,4352,5022,4993,2317,4673,4317,4668,5023],"class_list":{"0":"post-15150","1":"product","2":"type-product","3":"status-publish","4":"has-post-thumbnail","6":"product_brand-staviori","7":"product_cat-brylanty-exclusive","8":"product_cat-diamenty","9":"product_cat-pierscionek-z-diamentem","10":"product_cat-pierscionki","11":"product_cat-pierscionki-brylanty-exclusive","12":"product_tag-2337","13":"product_tag-biale-zloto-18k","14":"product_tag-bizuteria-slubna","15":"product_tag-brylant-0-25ct","16":"product_tag-diamentowy-pierscionek","17":"product_tag-elegancka-bizuteria","18":"product_tag-klasyczny-pierscionek","19":"product_tag-luksusowy-prezent","20":"product_tag-pierscionek-zareczynowy","21":"product_tag-szescioramienny-szaton","22":"pa_barwa-g-2","23":"pa_czystosc-si1","24":"pa_dostawca-estrella","25":"pa_kamien-brylant","26":"pa_kolor-biale","27":"pa_kruszec-zloto","28":"pa_okazja-idealne-na-zareczyny","29":"pa_proba-0-750","30":"pa_srednica-korony-ok-4-9mm","31":"pa_waga-265g","32":"pa_wysokosc-4-6mm","34":"first","35":"onbackorder","36":"purchasable","37":"product-type-simple"},"aioseo_notices":[],"_links":{"self":[{"href":"https:\/\/staviori.com.pl\/de\/wp-json\/wp\/v2\/product\/15150","targetHints":{"allow":["GET"]}}],"collection":[{"href":"https:\/\/staviori.com.pl\/de\/wp-json\/wp\/v2\/product"}],"about":[{"href":"https:\/\/staviori.com.pl\/de\/wp-json\/wp\/v2\/types\/product"}],"replies":[{"embeddable":true,"href":"https:\/\/staviori.com.pl\/de\/wp-json\/wp\/v2\/comments?post=15150"}],"wp:featuredmedia":[{"embeddable":true,"href":"https:\/\/staviori.com.pl\/de\/wp-json\/wp\/v2\/media\/5423"}],"wp:attachment":[{"href":"https:\/\/staviori.com.pl\/de\/wp-json\/wp\/v2\/media?parent=15150"}],"wp:term":[{"taxonomy":"product_brand","embeddable":true,"href":"https:\/\/staviori.com.pl\/de\/wp-json\/wp\/v2\/product_brand?post=15150"},{"taxonomy":"product_cat","embeddable":true,"href":"https:\/\/staviori.com.pl\/de\/wp-json\/wp\/v2\/product_cat?post=15150"},{"taxonomy":"product_tag","embeddable":true,"href":"https:\/\/staviori.com.pl\/de\/wp-json\/wp\/v2\/product_tag?post=15150"}],"curies":[{"name":"wp","href":"https:\/\/api.w.org\/{rel}","templated":true}]}}