{"id":15149,"date":"2025-02-24T22:48:12","date_gmt":"2025-02-24T21:48:12","guid":{"rendered":"https:\/\/staviori.com.pl\/product\/pierscionek-z-diamentem-pbd4408\/"},"modified":"2026-02-11T00:09:07","modified_gmt":"2026-02-10T23:09:07","slug":"pierscionek-z-diamentem-pbd4408","status":"publish","type":"product","link":"https:\/\/staviori.com.pl\/de\/product\/pierscionek-z-diamentem-pbd4408\/","title":{"rendered":"klassischer Verlobungsring mit 0,15ct Diamant"},"content":{"rendered":"<p>Model: PBD4408<br \/>\nGewicht ca. 1,90g<\/p>\n<p>Ring.<br \/>\nWei\u00dfgold 0,585.<br \/>\n1 Diament, szlif brylantowy, o masie 0,15ct, barwa G-H, czysto\u015b\u0107 Si.<br \/>\nPier\u015bcionek zar\u0119czynowy<\/p>\n<p>Dost\u0119pny tylko na zam\u00f3wienie w terminie oko\u0142o 1 tygodnia.<\/p>\n<p>Przepi\u0119kny, klasyczny pier\u015bcionek zar\u0119czynowy. Wykonany z 14-karatowego z\u0142ota. Solidny sze\u015bcioramienny szaton stanowi doskona\u0142\u0105 opraw\u0119 dla l\u015bni\u0105cego diamentu o masie 0.16 ct. Niezwykle pi\u0119kny, klasyczny, a zarazem wyszukany produkt, kt\u00f3ry z pewno\u015bci\u0105 spodoba si\u0119 ka\u017cdej kobiecie kt\u00f3ra kocha wyj\u0105tkowe wyroby jubilerskie<\/p>","protected":false},"excerpt":{"rendered":"<p>Ponadczasowa elegancja zamkni\u0119ta w formie klasycznego pier\u015bcionka zar\u0119czynowego z bia\u0142ego z\u0142ota pr\u00f3by 0,585. Centralny punkt stanowi ol\u015bniewaj\u0105cy diament o masie 0,15 ct, osadzony w sze\u015bcioramiennym szatonie, kt\u00f3ry pi\u0119knie eksponuje kamie\u0144 i podkre\u015bla jego blask. Subtelna obr\u0105czka dodaje ca\u0142o\u015bci lekko\u015bci i harmonii. Idealny wyb\u00f3r dla kobiet ceni\u0105cych klasyk\u0119 z nut\u0105 luksusu. Ponadczasowy design, kt\u00f3ry zawsze b\u0119dzie na czasie.<\/p>","protected":false},"featured_media":5413,"comment_status":"closed","ping_status":"closed","template":"","meta":{"om_disable_all_campaigns":false},"product_brand":[2284],"product_cat":[1838,6752,2182,801],"product_tag":[2308,4674,4823,4993,2317,4673,4668,5021],"class_list":{"0":"post-15149","1":"product","2":"type-product","3":"status-publish","4":"has-post-thumbnail","6":"product_brand-staviori","7":"product_cat-diamenty","8":"product_cat-kolekcja-staviori-must-have","9":"product_cat-pierscionek-z-diamentem","10":"product_cat-pierscionki","11":"product_tag-biale-zloto","12":"product_tag-bizuteria-zareczynowa","13":"product_tag-diament-0-15ct","14":"product_tag-diamentowy-pierscionek","15":"product_tag-elegancka-bizuteria","16":"product_tag-klasyczny-pierscionek","17":"product_tag-pierscionek-zareczynowy","18":"product_tag-szaton-szescioramienny","19":"pa_barwa-g-h","20":"pa_czystosc-si1-si2","21":"pa_dostawca-estrella","22":"pa_dostawca-iza","23":"pa_kamien-brylant","24":"pa_kolor-biale","25":"pa_kruszec-zloto","26":"pa_proba-0-585","27":"pa_waga-190g","29":"first","30":"onbackorder","31":"purchasable","32":"product-type-simple"},"aioseo_notices":[],"_links":{"self":[{"href":"https:\/\/staviori.com.pl\/de\/wp-json\/wp\/v2\/product\/15149","targetHints":{"allow":["GET"]}}],"collection":[{"href":"https:\/\/staviori.com.pl\/de\/wp-json\/wp\/v2\/product"}],"about":[{"href":"https:\/\/staviori.com.pl\/de\/wp-json\/wp\/v2\/types\/product"}],"replies":[{"embeddable":true,"href":"https:\/\/staviori.com.pl\/de\/wp-json\/wp\/v2\/comments?post=15149"}],"wp:featuredmedia":[{"embeddable":true,"href":"https:\/\/staviori.com.pl\/de\/wp-json\/wp\/v2\/media\/5413"}],"wp:attachment":[{"href":"https:\/\/staviori.com.pl\/de\/wp-json\/wp\/v2\/media?parent=15149"}],"wp:term":[{"taxonomy":"product_brand","embeddable":true,"href":"https:\/\/staviori.com.pl\/de\/wp-json\/wp\/v2\/product_brand?post=15149"},{"taxonomy":"product_cat","embeddable":true,"href":"https:\/\/staviori.com.pl\/de\/wp-json\/wp\/v2\/product_cat?post=15149"},{"taxonomy":"product_tag","embeddable":true,"href":"https:\/\/staviori.com.pl\/de\/wp-json\/wp\/v2\/product_tag?post=15149"}],"curies":[{"name":"wp","href":"https:\/\/api.w.org\/{rel}","templated":true}]}}