{"id":15134,"date":"2025-02-24T22:48:09","date_gmt":"2025-02-24T21:48:09","guid":{"rendered":"https:\/\/staviori.com.pl\/product\/bizuteria-inwestycyjna-pierscionek-pbd4032\/"},"modified":"2026-02-11T00:09:06","modified_gmt":"2026-02-10T23:09:06","slug":"bizuteria-inwestycyjna-pierscionek-pbd4032","status":"publish","type":"product","link":"https:\/\/staviori.com.pl\/de\/product\/bizuteria-inwestycyjna-pierscionek-pbd4032\/","title":{"rendered":"Exklusiver | ungew\u00f6hnlicher Ring aus 750er Wei\u00dfgold mit Diamanten"},"content":{"rendered":"<p>Model: DDR1874<br \/>\nWaga ok. 5,60g<\/p>\n<p>Ring.<br \/>\nBia\u0142e Z\u0142oto 0,750<br \/>\n33 Diamenty, szlif brylantowy, o masie 1,14ct, barwa G-H, czysto\u015b\u0107 SI1.<\/p>\n<p>Szeroko\u015b\u0107 10.5 mm.<br \/>\nGrubo\u015b\u0107 2.6 mm.<br \/>\nSzeroko\u015b\u0107 obr\u0105czki ok. 5.4 mm.<\/p>\n<p>Produkt in jeder Gr\u00f6\u00dfe, nur auf Anfrage erh\u00e4ltlich, Lieferzeit ca. 5 Wochen.<\/p>","protected":false},"excerpt":{"rendered":"<p>Elegancki pier\u015bcionek z bia\u0142ego z\u0142ota pr\u00f3by 750, kt\u00f3rego wyj\u0105tkowy design opiera si\u0119 na wielu r\u00f3wnoleg\u0142ych liniach ozdobionych diamentami. 33 brylanty o \u0142\u0105cznej masie 1,14 ct pi\u0119knie po\u0142yskuj\u0105, tworz\u0105c kompozycj\u0119 pe\u0142n\u0105 blasku i subtelnej harmonii. Szeroka forma pier\u015bcionka sprawia, \u017ce prezentuje si\u0119 niezwykle efektownie, a jednocze\u015bnie pozostaje pe\u0142en klasy i ponadczasowej elegancji.<\/p>","protected":false},"featured_media":5322,"comment_status":"closed","ping_status":"closed","template":"","meta":{"om_disable_all_campaigns":false},"product_brand":[2284],"product_cat":[1803,6741,801],"product_tag":[2311,6467,4928,3747,6478,4767,4746,4708,6479,6460,6468,5058,2341],"class_list":{"0":"post-15134","1":"product","2":"type-product","3":"status-publish","4":"has-post-thumbnail","6":"product_brand-staviori","7":"product_cat-brylanty-exclusive","8":"product_cat-pierscionki-brylanty-exclusive","9":"product_cat-pierscionki","10":"product_tag-bizuteria-luksusowa","11":"product_tag-diamantenring","12":"product_tag-diamond-ring","13":"product_tag-luxury-jewelry","14":"product_tag-pbd4032","15":"product_tag-pierscionek-z-bialego-zlota","16":"product_tag-pierscionek-z-brylantami","17":"product_tag-pierscionek-z-diamentami","18":"product_tag-prsten-s-bileho-zlata","19":"product_tag-prsten-s-diamanty","20":"product_tag-weisgold-ring","21":"product_tag-white-gold-ring","22":"product_tag-zloto-750","23":"pa_barwa-g-h","24":"pa_czystosc-si1","25":"pa_grubosc-2-6mm","26":"pa_kamien-brylanty","27":"pa_kolor-biale","28":"pa_kruszec-zloto","29":"pa_proba-0-750","30":"pa_szerokosc-10-5mm","31":"pa_waga-550g","33":"first","34":"onbackorder","35":"purchasable","36":"product-type-simple"},"aioseo_notices":[],"_links":{"self":[{"href":"https:\/\/staviori.com.pl\/de\/wp-json\/wp\/v2\/product\/15134","targetHints":{"allow":["GET"]}}],"collection":[{"href":"https:\/\/staviori.com.pl\/de\/wp-json\/wp\/v2\/product"}],"about":[{"href":"https:\/\/staviori.com.pl\/de\/wp-json\/wp\/v2\/types\/product"}],"replies":[{"embeddable":true,"href":"https:\/\/staviori.com.pl\/de\/wp-json\/wp\/v2\/comments?post=15134"}],"wp:featuredmedia":[{"embeddable":true,"href":"https:\/\/staviori.com.pl\/de\/wp-json\/wp\/v2\/media\/5322"}],"wp:attachment":[{"href":"https:\/\/staviori.com.pl\/de\/wp-json\/wp\/v2\/media?parent=15134"}],"wp:term":[{"taxonomy":"product_brand","embeddable":true,"href":"https:\/\/staviori.com.pl\/de\/wp-json\/wp\/v2\/product_brand?post=15134"},{"taxonomy":"product_cat","embeddable":true,"href":"https:\/\/staviori.com.pl\/de\/wp-json\/wp\/v2\/product_cat?post=15134"},{"taxonomy":"product_tag","embeddable":true,"href":"https:\/\/staviori.com.pl\/de\/wp-json\/wp\/v2\/product_tag?post=15134"}],"curies":[{"name":"wp","href":"https:\/\/api.w.org\/{rel}","templated":true}]}}