{"id":15128,"date":"2025-02-24T22:48:09","date_gmt":"2025-02-24T21:48:09","guid":{"rendered":"https:\/\/staviori.com.pl\/product\/bizuteria-inwestycyjna-pierscionek-pbd3943\/"},"modified":"2026-02-11T00:09:06","modified_gmt":"2026-02-10T23:09:06","slug":"bizuteria-inwestycyjna-pierscionek-pbd3943","status":"publish","type":"product","link":"https:\/\/staviori.com.pl\/de\/product\/bizuteria-inwestycyjna-pierscionek-pbd3943\/","title":{"rendered":"Exklusiv | ein wundersch\u00f6ner, stattlicher Ring mit verschiedenen Diamantenarten"},"content":{"rendered":"<p>Model: DDR1778<br \/>\nWaga ok. 4,20g<\/p>\n<p>Ring.<br \/>\nWei\u00dfgold 0,750.<br \/>\n1 Diament, szlif szmaragdowy, o masie 0,17ct, barwa G, czysto\u015b\u0107 SI1.<br \/>\n42 Diamenty, szlif brylantowy, o masie 0,18ct, barwa G-H, czysto\u015b\u0107 SI1.<br \/>\n26 Diament\u00f3w, szlif bagieta, o masie 1,03ct, barwa G-H, czysto\u015b\u0107 SI1.<\/p>\n<p>Korona 9&#215;8 mm.<br \/>\nWysoko\u015b\u0107 4.7 mm.<br \/>\nSzeroko\u015b\u0107 obr\u0105czki ok. 5-3 mm.<\/p>\n<p>Produkt in jeder Gr\u00f6\u00dfe, nur auf Anfrage erh\u00e4ltlich, Lieferzeit ca. 5 Wochen.<\/p>","protected":false},"excerpt":{"rendered":"<p>Zachwycaj\u0105cy pier\u015bcionek zar\u0119czynowy z bia\u0142ego z\u0142ota pr\u00f3by 0,750, kt\u00f3ry ol\u015bniewa blaskiem i precyzj\u0105 wykonania. Centralny diament o szlifie szmaragdowym subtelnie podkre\u015bla elegancj\u0119 kompozycji, a towarzysz\u0105ce mu brylanty oraz diamenty o szlifie bagietkowym nadaj\u0105 ca\u0142o\u015bci luksusowego charakteru. Szeroka obr\u0105czka wysadzana kamieniami tworzy efektown\u0105 ram\u0119 dla korony o wymiarach 9&#215;8 mm. Ten niezwyk\u0142y model emanuje presti\u017cem i b\u0119dzie doskona\u0142ym wyborem dla kobiet ceni\u0105cych klasyk\u0119 w nowoczesnym wydaniu.<\/p>","protected":false},"featured_media":5301,"comment_status":"closed","ping_status":"closed","template":"","meta":{"om_disable_all_campaigns":false},"product_brand":[2284],"product_cat":[1803,801,6741],"product_tag":[4912,4905,4908,2308,3781,3793,4062,2301,4903,3751,2296,3745,4672,4909,4913,4907,4906,2280,3747,4042,4902,4668,4911,4904,3777,4910],"class_list":{"0":"post-15128","1":"product","2":"type-product","3":"status-publish","4":"has-post-thumbnail","6":"product_brand-staviori","7":"product_cat-brylanty-exclusive","8":"product_cat-pierscionki","9":"product_cat-pierscionki-brylanty-exclusive","10":"product_tag-bagetove-diamanty","11":"product_tag-bagietki","12":"product_tag-baguette-diamonds","13":"product_tag-biale-zloto","14":"product_tag-bile-zlato","15":"product_tag-brilianty","16":"product_tag-brilliant-cut","17":"product_tag-brylanty","18":"product_tag-ddr1778","19":"product_tag-diamanty","20":"product_tag-diamenty","21":"product_tag-diamonds","22":"product_tag-elegancki-pierscionek","23":"product_tag-elegant-ring","24":"product_tag-elegantni-prsten","25":"product_tag-emerald-cut","26":"product_tag-engagement-ring","27":"product_tag-luksusowa-bizuteria","28":"product_tag-luxury-jewelry","29":"product_tag-luxusni-sperk","30":"product_tag-pbd3943","31":"product_tag-pierscionek-zareczynowy","32":"product_tag-smaragdovy-brus","33":"product_tag-szlif-szmaragdowy","34":"product_tag-white-gold","35":"product_tag-zasnubni-prsten","36":"pa_barwa-g","37":"pa_czystosc-si1","38":"pa_kamien-diament-diamenty-diamentow","39":"pa_kolor-biale","40":"pa_korona-9x8mm","41":"pa_kruszec-zloto","42":"pa_okazja-idealne-na-zareczyny","43":"pa_proba-0-750","44":"pa_rozmiar-cm","45":"pa_waga-g","46":"pa_wysokosc-4-7mm","48":"first","49":"onbackorder","50":"purchasable","51":"product-type-simple"},"aioseo_notices":[],"_links":{"self":[{"href":"https:\/\/staviori.com.pl\/de\/wp-json\/wp\/v2\/product\/15128","targetHints":{"allow":["GET"]}}],"collection":[{"href":"https:\/\/staviori.com.pl\/de\/wp-json\/wp\/v2\/product"}],"about":[{"href":"https:\/\/staviori.com.pl\/de\/wp-json\/wp\/v2\/types\/product"}],"replies":[{"embeddable":true,"href":"https:\/\/staviori.com.pl\/de\/wp-json\/wp\/v2\/comments?post=15128"}],"wp:featuredmedia":[{"embeddable":true,"href":"https:\/\/staviori.com.pl\/de\/wp-json\/wp\/v2\/media\/5301"}],"wp:attachment":[{"href":"https:\/\/staviori.com.pl\/de\/wp-json\/wp\/v2\/media?parent=15128"}],"wp:term":[{"taxonomy":"product_brand","embeddable":true,"href":"https:\/\/staviori.com.pl\/de\/wp-json\/wp\/v2\/product_brand?post=15128"},{"taxonomy":"product_cat","embeddable":true,"href":"https:\/\/staviori.com.pl\/de\/wp-json\/wp\/v2\/product_cat?post=15128"},{"taxonomy":"product_tag","embeddable":true,"href":"https:\/\/staviori.com.pl\/de\/wp-json\/wp\/v2\/product_tag?post=15128"}],"curies":[{"name":"wp","href":"https:\/\/api.w.org\/{rel}","templated":true}]}}