{"id":15123,"date":"2025-02-24T22:48:09","date_gmt":"2025-02-24T21:48:09","guid":{"rendered":"https:\/\/staviori.com.pl\/product\/bizuteria-inwestycyjna-pierscionek-pbd3938\/"},"modified":"2026-02-11T00:09:05","modified_gmt":"2026-02-10T23:09:05","slug":"bizuteria-inwestycyjna-pierscionek-pbd3938","status":"publish","type":"product","link":"https:\/\/staviori.com.pl\/de\/product\/bizuteria-inwestycyjna-pierscionek-pbd3938\/","title":{"rendered":"Exklusiver Ring mit Lapis und Diamanten aus 18 Karat Gold"},"content":{"rendered":"<p>Model: DSR1944L<br \/>\nWaga ok. 6,50g<\/p>\n<p>Ring.<br \/>\nWei\u00dfgold 0,750.<br \/>\n72 Diamenty, szlif brylantowy, o masie 0,37 ct., barwa G-H, czysto\u015b\u0107 SI1.<br \/>\n1 Lapis, o masie 9,45 ct..<br \/>\n\u015arednica korony ok. 18.3 mm.<br \/>\nWysoko\u015b\u0107 8.7 mm.<br \/>\nSzeroko\u015b\u0107 obr\u0105czki ok. 3.5 mm.<br \/>\nProdukt w dowolnym rozmiarze, dost\u0119pny wy\u0142\u0105cznie na zam\u00f3wienie, czas realizacji ok. 4 tygodnie.<\/p>","protected":false},"excerpt":{"rendered":"<p>Wyj\u0105tkowy pier\u015bcionek z bia\u0142ego z\u0142ota pr\u00f3by 0,750, kt\u00f3ry zachwyca szlachetn\u0105 form\u0105 i intensywnym kolorem kamienia. W centrum kompozycji znajduje si\u0119 naturalny lapis lazuli o masie 9,45 ct, uformowany w kszta\u0142t czterolistnej koniczyny i otoczony 72 iskrz\u0105cymi si\u0119 brylantami. Harmonijne po\u0142\u0105czenie g\u0142\u0119bokiego granatu i diamentowego blasku tworzy niepowtarzalny efekt. Idealna bi\u017cuteria dla kobiet poszukuj\u0105cych wyrafinowanego, artystycznego stylu.<\/p>","protected":false},"featured_media":5287,"comment_status":"closed","ping_status":"closed","template":"","meta":{"om_disable_all_campaigns":false},"product_brand":[2284],"product_cat":[1803,6741,801],"product_tag":[2308,3781,3793,2301,4958,4928,4966,4967,2317,3831,4913,4970,4969,4971,4713,4932,4042,4972,4965,4957,4968,4975,4974,4973,3777],"class_list":{"0":"post-15123","1":"product","2":"type-product","3":"status-publish","4":"has-post-thumbnail","6":"product_brand-staviori","7":"product_cat-brylanty-exclusive","8":"product_cat-pierscionki-brylanty-exclusive","9":"product_cat-pierscionki","10":"product_tag-biale-zloto","11":"product_tag-bile-zlato","12":"product_tag-brilianty","13":"product_tag-brylanty","14":"product_tag-clover-ring","15":"product_tag-diamond-ring","16":"product_tag-dsr1944","17":"product_tag-dsr1944l","18":"product_tag-elegancka-bizuteria","19":"product_tag-elegant-jewelry","20":"product_tag-elegantni-prsten","21":"product_tag-kamien-naturalny","22":"product_tag-lapis-lazuli","23":"product_tag-lapis-ring","24":"product_tag-luksusowy-pierscionek","25":"product_tag-luxury-ring","26":"product_tag-luxusni-sperk","27":"product_tag-natural-gemstone","28":"product_tag-pbd3938","29":"product_tag-pierscionek-koniczyna","30":"product_tag-pierscionek-z-lapisem","31":"product_tag-prirodni-kamen","32":"product_tag-prsten-ctyrlistek","33":"product_tag-prsten-s-lapisem","34":"product_tag-white-gold","35":"pa_barwa-g-h","36":"pa_czystosc-si1","37":"pa_dostawca-draco","38":"pa_kamien-brylanty","39":"pa_kamien-lapis","40":"pa_kolor-biale","41":"pa_kruszec-zloto","42":"pa_proba-0-750","43":"pa_srednica-korony-ok-18-3mm","44":"pa_waga-650g","45":"pa_wysokosc-8-7mm","47":"first","48":"onbackorder","49":"purchasable","50":"product-type-simple"},"aioseo_notices":[],"_links":{"self":[{"href":"https:\/\/staviori.com.pl\/de\/wp-json\/wp\/v2\/product\/15123","targetHints":{"allow":["GET"]}}],"collection":[{"href":"https:\/\/staviori.com.pl\/de\/wp-json\/wp\/v2\/product"}],"about":[{"href":"https:\/\/staviori.com.pl\/de\/wp-json\/wp\/v2\/types\/product"}],"replies":[{"embeddable":true,"href":"https:\/\/staviori.com.pl\/de\/wp-json\/wp\/v2\/comments?post=15123"}],"wp:featuredmedia":[{"embeddable":true,"href":"https:\/\/staviori.com.pl\/de\/wp-json\/wp\/v2\/media\/5287"}],"wp:attachment":[{"href":"https:\/\/staviori.com.pl\/de\/wp-json\/wp\/v2\/media?parent=15123"}],"wp:term":[{"taxonomy":"product_brand","embeddable":true,"href":"https:\/\/staviori.com.pl\/de\/wp-json\/wp\/v2\/product_brand?post=15123"},{"taxonomy":"product_cat","embeddable":true,"href":"https:\/\/staviori.com.pl\/de\/wp-json\/wp\/v2\/product_cat?post=15123"},{"taxonomy":"product_tag","embeddable":true,"href":"https:\/\/staviori.com.pl\/de\/wp-json\/wp\/v2\/product_tag?post=15123"}],"curies":[{"name":"wp","href":"https:\/\/api.w.org\/{rel}","templated":true}]}}