{"id":15120,"date":"2025-02-24T22:48:09","date_gmt":"2025-02-24T21:48:09","guid":{"rendered":"https:\/\/staviori.com.pl\/product\/bizuteria-inwestycyjna-pierscionek-pbd3935\/"},"modified":"2026-02-11T00:09:05","modified_gmt":"2026-02-10T23:09:05","slug":"bizuteria-inwestycyjna-pierscionek-pbd3935","status":"publish","type":"product","link":"https:\/\/staviori.com.pl\/de\/product\/bizuteria-inwestycyjna-pierscionek-pbd3935\/","title":{"rendered":"Exklusive | ungew\u00f6hnliche Diamantringschleife"},"content":{"rendered":"<p>Model: DDR1901<br \/>\nWaga ok. 5,60g<\/p>\n<p>Ring.<br \/>\nWei\u00dfgold 0,750.<br \/>\n107 Diament\u00f3w, szlif brylantowy, o masie 1,22ct., barwa G-H, czysto\u015b\u0107 SI1.<\/p>\n<p>Korona 25&#215;9.6 mm.<br \/>\nGrubo\u015b\u0107 5.6 mm.<br \/>\nSzeroko\u015b\u0107 obr\u0105czki ok. 2.8 mm.<\/p>\n<p>Pier\u015bcionek kokardka<br \/>\nProdukt in jeder Gr\u00f6\u00dfe, nur auf Anfrage erh\u00e4ltlich, Lieferzeit ca. 5 Wochen.<\/p>","protected":false},"excerpt":{"rendered":"<p>Uroczy i zjawiskowy pier\u015bcionek zar\u0119czynowy z bia\u0142ego z\u0142ota pr\u00f3by 0,750, kt\u00f3rego forma w kszta\u0142cie kokardy przyci\u0105ga spojrzenia. Wysadzany a\u017c 107 brylantami o \u0142\u0105cznej masie 1,22 ct, zachwyca subtelnym blaskiem i romantycznym charakterem. To idealna propozycja dla kobiet, kt\u00f3re ceni\u0105 nietuzinkowy styl, lekko\u015b\u0107 i elegancj\u0119 zamkni\u0119te w wyj\u0105tkowej formie. Bi\u017cuteria pe\u0142na wdzi\u0119ku, kt\u00f3ra symbolizuje mi\u0142o\u015b\u0107 w najpi\u0119kniejszej postaci.<\/p>","protected":false},"featured_media":19596,"comment_status":"closed","ping_status":"closed","template":"","meta":{"om_disable_all_campaigns":false},"product_brand":[2284],"product_cat":[1803,6741,801],"product_tag":[2308,3781,4995,3793,4943,2301,3751,4993,4928,4909,4906,4997,2391,4317,5000,4245,4992,4668,4996,4998,2579,4994,3777,4910,4999],"class_list":{"0":"post-15120","1":"product","2":"type-product","3":"status-publish","4":"has-post-thumbnail","6":"product_brand-staviori","7":"product_cat-brylanty-exclusive","8":"product_cat-pierscionki-brylanty-exclusive","9":"product_cat-pierscionki","10":"product_tag-biale-zloto","11":"product_tag-bile-zlato","12":"product_tag-bow-ring","13":"product_tag-brilianty","14":"product_tag-brilliant-cut-diamonds","15":"product_tag-brylanty","16":"product_tag-diamanty","17":"product_tag-diamentowy-pierscionek","18":"product_tag-diamond-ring","19":"product_tag-elegant-ring","20":"product_tag-engagement-ring","21":"product_tag-feminine-style","22":"product_tag-kokarda","23":"product_tag-luksusowy-prezent","24":"product_tag-luxusni-zasnubni-prsten","25":"product_tag-masle","26":"product_tag-pbd3935","27":"product_tag-pierscionek-zareczynowy","28":"product_tag-romantic-jewelry","29":"product_tag-romanticky-styl","30":"product_tag-romantyczna-bizuteria","31":"product_tag-subtelny-styl","32":"product_tag-white-gold","33":"product_tag-zasnubni-prsten","34":"product_tag-zensky-sperk","35":"pa_barwa-g-h","36":"pa_czystosc-si1","37":"pa_dostawca-draco","38":"pa_grubosc-5-6mm","39":"pa_kamien-brylanty","40":"pa_kolor-biale","41":"pa_korona-25x9-6mm","42":"pa_kruszec-zloto","43":"pa_proba-0-750","44":"pa_waga-560g","46":"first","47":"onbackorder","48":"purchasable","49":"product-type-simple"},"aioseo_notices":[],"_links":{"self":[{"href":"https:\/\/staviori.com.pl\/de\/wp-json\/wp\/v2\/product\/15120","targetHints":{"allow":["GET"]}}],"collection":[{"href":"https:\/\/staviori.com.pl\/de\/wp-json\/wp\/v2\/product"}],"about":[{"href":"https:\/\/staviori.com.pl\/de\/wp-json\/wp\/v2\/types\/product"}],"replies":[{"embeddable":true,"href":"https:\/\/staviori.com.pl\/de\/wp-json\/wp\/v2\/comments?post=15120"}],"wp:featuredmedia":[{"embeddable":true,"href":"https:\/\/staviori.com.pl\/de\/wp-json\/wp\/v2\/media\/19596"}],"wp:attachment":[{"href":"https:\/\/staviori.com.pl\/de\/wp-json\/wp\/v2\/media?parent=15120"}],"wp:term":[{"taxonomy":"product_brand","embeddable":true,"href":"https:\/\/staviori.com.pl\/de\/wp-json\/wp\/v2\/product_brand?post=15120"},{"taxonomy":"product_cat","embeddable":true,"href":"https:\/\/staviori.com.pl\/de\/wp-json\/wp\/v2\/product_cat?post=15120"},{"taxonomy":"product_tag","embeddable":true,"href":"https:\/\/staviori.com.pl\/de\/wp-json\/wp\/v2\/product_tag?post=15120"}],"curies":[{"name":"wp","href":"https:\/\/api.w.org\/{rel}","templated":true}]}}