{"id":15119,"date":"2025-02-24T22:48:09","date_gmt":"2025-02-24T21:48:09","guid":{"rendered":"https:\/\/staviori.com.pl\/product\/bizuteria-inwestycyjna-pierscionek-pbd3932\/"},"modified":"2026-02-11T00:09:05","modified_gmt":"2026-02-10T23:09:05","slug":"bizuteria-inwestycyjna-pierscionek-pbd3932","status":"publish","type":"product","link":"https:\/\/staviori.com.pl\/de\/product\/bizuteria-inwestycyjna-pierscionek-pbd3932\/","title":{"rendered":"Exklusiver Ring | Schleife aus 18 Karat Wei\u00dfgold mit Diamanten"},"content":{"rendered":"<p>Model: DDR1257W<br \/>\nWaga ok. 9,00g<\/p>\n<p>Ring.<br \/>\nWei\u00dfgold 0,750.<br \/>\n175 Diament\u00f3w, szlif brylantowy, o masie 2,84ct, barwa G-H, czysto\u015b\u0107 SI1.<\/p>\n<p>Korona 11&#215;36 mm.<br \/>\nGrubo\u015b\u0107 6.7 mm.<br \/>\nSzeroko\u015b\u0107 obr\u0105czki ok. 4.1 mm.<\/p>\n<p>Produkt in jeder Gr\u00f6\u00dfe, nur auf Anfrage erh\u00e4ltlich, Lieferzeit ca. 5 Wochen.<\/p>","protected":false},"excerpt":{"rendered":"<p>Zachwycaj\u0105cy pier\u015bcionek z bia\u0142ego z\u0142ota pr\u00f3by 0,750, kt\u00f3rego korona w kszta\u0142cie kokardy urzeka niezwyk\u0142\u0105 precyzj\u0105 wykonania i ol\u015bniewaj\u0105cym blaskiem. A\u017c 175 diament\u00f3w o \u0142\u0105cznej masie 2,84 ct tworzy hipnotyzuj\u0105cy po\u0142ysk, kt\u00f3ry przyci\u0105ga spojrzenia i emanuje elegancj\u0105. Szeroka forma i efektowne wyko\u0144czenie czyni\u0105 ten model wyj\u0105tkowym wyborem dla kobiet ceni\u0105cych luksus i wyrazisty styl. Idealny zar\u00f3wno na wyj\u0105tkowy prezent, jak i jako spektakularna ozdoba wieczorowej kreacji.<\/p>","protected":false},"featured_media":5275,"comment_status":"closed","ping_status":"closed","template":"","meta":{"om_disable_all_campaigns":false},"product_brand":[2284],"product_cat":[1803,6741,801],"product_tag":[2308,2293,5002,2296,4672,2391,2280,5001,4108,5003,4708],"class_list":{"0":"post-15119","1":"product","2":"type-product","3":"status-publish","4":"has-post-thumbnail","6":"product_brand-staviori","7":"product_cat-brylanty-exclusive","8":"product_cat-pierscionki-brylanty-exclusive","9":"product_cat-pierscionki","10":"product_tag-biale-zloto","11":"product_tag-bizuteria-na-zamowienie","12":"product_tag-ddr1257w","13":"product_tag-diamenty","14":"product_tag-elegancki-pierscionek","15":"product_tag-kokarda","16":"product_tag-luksusowa-bizuteria","17":"product_tag-pbd3932","18":"product_tag-pierscionek","19":"product_tag-pierscionek-wieczorowy","20":"product_tag-pierscionek-z-diamentami","21":"pa_barwa-g-h","22":"pa_czystosc-si1","23":"pa_dostawca-draco","24":"pa_grubosc-6-7mm","25":"pa_kamien-brylanty","26":"pa_kolor-biale","27":"pa_korona-11x36mm","28":"pa_kruszec-zloto","29":"pa_motyw-kokardka","30":"pa_proba-0-750","31":"pa_waga-890g","33":"first","34":"onbackorder","35":"purchasable","36":"product-type-simple"},"aioseo_notices":[],"_links":{"self":[{"href":"https:\/\/staviori.com.pl\/de\/wp-json\/wp\/v2\/product\/15119","targetHints":{"allow":["GET"]}}],"collection":[{"href":"https:\/\/staviori.com.pl\/de\/wp-json\/wp\/v2\/product"}],"about":[{"href":"https:\/\/staviori.com.pl\/de\/wp-json\/wp\/v2\/types\/product"}],"replies":[{"embeddable":true,"href":"https:\/\/staviori.com.pl\/de\/wp-json\/wp\/v2\/comments?post=15119"}],"wp:featuredmedia":[{"embeddable":true,"href":"https:\/\/staviori.com.pl\/de\/wp-json\/wp\/v2\/media\/5275"}],"wp:attachment":[{"href":"https:\/\/staviori.com.pl\/de\/wp-json\/wp\/v2\/media?parent=15119"}],"wp:term":[{"taxonomy":"product_brand","embeddable":true,"href":"https:\/\/staviori.com.pl\/de\/wp-json\/wp\/v2\/product_brand?post=15119"},{"taxonomy":"product_cat","embeddable":true,"href":"https:\/\/staviori.com.pl\/de\/wp-json\/wp\/v2\/product_cat?post=15119"},{"taxonomy":"product_tag","embeddable":true,"href":"https:\/\/staviori.com.pl\/de\/wp-json\/wp\/v2\/product_tag?post=15119"}],"curies":[{"name":"wp","href":"https:\/\/api.w.org\/{rel}","templated":true}]}}