{"id":15117,"date":"2025-02-24T22:48:05","date_gmt":"2025-02-24T21:48:05","guid":{"rendered":"https:\/\/staviori.com.pl\/product\/bizuteria-inwestycyjna-pierscionek-pbd3927\/"},"modified":"2026-02-11T00:09:05","modified_gmt":"2026-02-10T23:09:05","slug":"bizuteria-inwestycyjna-pierscionek-pbd3927","status":"publish","type":"product","link":"https:\/\/staviori.com.pl\/de\/product\/bizuteria-inwestycyjna-pierscionek-pbd3927\/","title":{"rendered":"Exclusive | pier\u015bcionek z bia\u0142ego z\u0142ota 750 z czarnymi i bia\u0142ymi diamentami"},"content":{"rendered":"<p>Model: DDR1462B<br \/>\nGewicht ca. 11,20g<\/p>\n<p>Ring.<br \/>\nWei\u00dfgold 0,750.<br \/>\n36 Diament\u00f3w, szlif brylantowy, o masie ok. 1,50ct, barwa G-H, czysto\u015b\u0107 SI1.<br \/>\n154 Diamenty, kolor czarny, szlif brylantowy, o masie ok. 3,15ct.<\/p>\n<p>Szeroko\u015b\u0107 17.5-9 mm.<br \/>\nGrubo\u015b\u0107 4.3 mm.<\/p>\n<p>Produkt in jeder Gr\u00f6\u00dfe, nur auf Anfrage erh\u00e4ltlich, Lieferzeit ca. 5 Wochen.<\/p>","protected":false},"excerpt":{"rendered":"<p>Spektakularny pier\u015bcionek wykonany z bia\u0142ego z\u0142ota pr\u00f3by 0,750, kt\u00f3ry zachwyca kontrastem elegancji i nowoczesno\u015bci. W jego szerokiej formie osadzono a\u017c 190 brylant\u00f3w \u2013 36 bia\u0142ych o \u0142\u0105cznej masie 1,50 ct oraz 154 czarne o masie 3,15 ct. \u015arodkowy pas z l\u015bni\u0105cych bia\u0142ych diament\u00f3w wspaniale odbija \u015bwiat\u0142o, podkre\u015blaj\u0105c g\u0142\u0119bi\u0119 otaczaj\u0105cych go czarnych kamieni. To wyrazisty i luksusowy projekt, idealny dla kobiet poszukuj\u0105cych odwa\u017cnej bi\u017cuterii o niebanalnym charakterze.<\/p>","protected":false},"featured_media":19520,"comment_status":"closed","ping_status":"closed","template":"","meta":{"om_disable_all_campaigns":false},"product_brand":[2284],"product_cat":[1803,6741,801],"product_tag":[4878,3059,2319,4877,4700,2280,4876,4708,4872],"class_list":{"0":"post-15117","1":"product","2":"type-product","3":"status-publish","4":"has-post-thumbnail","6":"product_brand-staviori","7":"product_cat-brylanty-exclusive","8":"product_cat-pierscionki-brylanty-exclusive","9":"product_cat-pierscionki","10":"product_tag-bialo-czarny-pierscionek","11":"product_tag-bizuteria-glamour","12":"product_tag-czarne-diamenty","13":"product_tag-ddr1462b","14":"product_tag-ekskluzywny-pierscionek","15":"product_tag-luksusowa-bizuteria","16":"product_tag-pbd3927","17":"product_tag-pierscionek-z-diamentami","18":"product_tag-szeroki-pierscionek","19":"pa_barwa-g-h","20":"pa_czystosc-si1","21":"pa_dostawca-draco","22":"pa_grubosc-4-3mm","23":"pa_kamien-biale-diamenty","24":"pa_kamien-czarne-diamenty","25":"pa_kolor-biale","26":"pa_kruszec-zloto","27":"pa_proba-0-750","28":"pa_szerokosc-17-5-9mm","29":"pa_szlif-brylantowy-okragly","30":"pa_waga-1120g","32":"first","33":"onbackorder","34":"purchasable","35":"product-type-simple"},"aioseo_notices":[],"_links":{"self":[{"href":"https:\/\/staviori.com.pl\/de\/wp-json\/wp\/v2\/product\/15117","targetHints":{"allow":["GET"]}}],"collection":[{"href":"https:\/\/staviori.com.pl\/de\/wp-json\/wp\/v2\/product"}],"about":[{"href":"https:\/\/staviori.com.pl\/de\/wp-json\/wp\/v2\/types\/product"}],"replies":[{"embeddable":true,"href":"https:\/\/staviori.com.pl\/de\/wp-json\/wp\/v2\/comments?post=15117"}],"wp:featuredmedia":[{"embeddable":true,"href":"https:\/\/staviori.com.pl\/de\/wp-json\/wp\/v2\/media\/19520"}],"wp:attachment":[{"href":"https:\/\/staviori.com.pl\/de\/wp-json\/wp\/v2\/media?parent=15117"}],"wp:term":[{"taxonomy":"product_brand","embeddable":true,"href":"https:\/\/staviori.com.pl\/de\/wp-json\/wp\/v2\/product_brand?post=15117"},{"taxonomy":"product_cat","embeddable":true,"href":"https:\/\/staviori.com.pl\/de\/wp-json\/wp\/v2\/product_cat?post=15117"},{"taxonomy":"product_tag","embeddable":true,"href":"https:\/\/staviori.com.pl\/de\/wp-json\/wp\/v2\/product_tag?post=15117"}],"curies":[{"name":"wp","href":"https:\/\/api.w.org\/{rel}","templated":true}]}}