{"id":15116,"date":"2025-02-24T22:48:05","date_gmt":"2025-02-24T21:48:05","guid":{"rendered":"https:\/\/staviori.com.pl\/product\/pierscionek-z-diamentem-pbd3907\/"},"modified":"2026-02-11T00:09:05","modified_gmt":"2026-02-10T23:09:05","slug":"pierscionek-z-diamentem-pbd3907","status":"publish","type":"product","link":"https:\/\/staviori.com.pl\/de\/product\/pierscionek-z-diamentem-pbd3907\/","title":{"rendered":"Verlobungsring Herz und Unendlichkeit mit Diamanten"},"content":{"rendered":"<p>Model: PBD3907<br \/>\nGewicht ca. 2,80g<\/p>\n<p>Ring.<br \/>\nWei\u00dfgold 0,585.<br \/>\n9 Diament\u00f3w, szlif brylantowy, o masie 0,05ct, barwa H, czysto\u015b\u0107 SI1-SI2.<\/p>\n<p>\u015arednica korony ok. 7.2&#215;16 mm.<br \/>\nWysoko\u015b\u0107 3.7 mm.<\/p>\n<p>Pier\u015bcionek zar\u0119czynowy lub rocznicowy<br \/>\nProdukt w dowolnym rozmiarze, dost\u0119pny wy\u0142\u0105cznie na zam\u00f3wienie, czas realizacji ok. 5 tygodnie.<\/p>","protected":false},"excerpt":{"rendered":"<p>Delikatny pier\u015bcionek zar\u0119czynowy z bia\u0142ego z\u0142ota pr\u00f3by 0,585, kt\u00f3ry zachwyca romantyczn\u0105 symbolik\u0105 i subtelnym blaskiem. Motyw niesko\u0144czono\u015bci po\u0142\u0105czony z sercem tworzy wyj\u0105tkow\u0105 kompozycj\u0119, symbolizuj\u0105c\u0105 wieczn\u0105 mi\u0142o\u015b\u0107 i oddanie. Dziewi\u0119\u0107 drobnych diament\u00f3w o \u0142\u0105cznej masie 0,05 ct dodaje ca\u0142o\u015bci elegancji i lekko\u015bci. Idealny wyb\u00f3r dla kobiety ceni\u0105cej minimalistyczn\u0105 i pe\u0142n\u0105 znaczenia bi\u017cuteri\u0119.<\/p>","protected":false},"featured_media":5255,"comment_status":"closed","ping_status":"closed","template":"","meta":{"om_disable_all_campaigns":false},"product_brand":[2284],"product_cat":[1838,2182,801],"product_tag":[2308,2565,2296,4856,4880,4668,3713,1414,4879],"class_list":{"0":"post-15116","1":"product","2":"type-product","3":"status-publish","4":"has-post-thumbnail","6":"product_brand-staviori","7":"product_cat-diamenty","8":"product_cat-pierscionek-z-diamentem","9":"product_cat-pierscionki","10":"product_tag-biale-zloto","11":"product_tag-delikatna-bizuteria","12":"product_tag-diamenty","13":"product_tag-minimalistyczny-pierscionek","14":"product_tag-pbd3907","15":"product_tag-pierscionek-zareczynowy","16":"product_tag-romantyczny-prezent","17":"product_tag-serce","18":"product_tag-symbol-nieskonczonosci","19":"pa_barwa-h-2","20":"pa_czystosc-si1","21":"pa_dostawca-estrella","22":"pa_kamien-diamenty","23":"pa_kamien-brylanty","24":"pa_kolor-biale","25":"pa_kruszec-zloto","26":"pa_motyw-nieskonczonosc","27":"pa_motyw-serce","28":"pa_proba-0-585","29":"pa_srednica-korony-ok-7-2x16mm","30":"pa_waga-280g","31":"pa_wysokosc-3-7mm","33":"first","34":"onbackorder","35":"purchasable","36":"product-type-simple"},"aioseo_notices":[],"_links":{"self":[{"href":"https:\/\/staviori.com.pl\/de\/wp-json\/wp\/v2\/product\/15116","targetHints":{"allow":["GET"]}}],"collection":[{"href":"https:\/\/staviori.com.pl\/de\/wp-json\/wp\/v2\/product"}],"about":[{"href":"https:\/\/staviori.com.pl\/de\/wp-json\/wp\/v2\/types\/product"}],"replies":[{"embeddable":true,"href":"https:\/\/staviori.com.pl\/de\/wp-json\/wp\/v2\/comments?post=15116"}],"wp:featuredmedia":[{"embeddable":true,"href":"https:\/\/staviori.com.pl\/de\/wp-json\/wp\/v2\/media\/5255"}],"wp:attachment":[{"href":"https:\/\/staviori.com.pl\/de\/wp-json\/wp\/v2\/media?parent=15116"}],"wp:term":[{"taxonomy":"product_brand","embeddable":true,"href":"https:\/\/staviori.com.pl\/de\/wp-json\/wp\/v2\/product_brand?post=15116"},{"taxonomy":"product_cat","embeddable":true,"href":"https:\/\/staviori.com.pl\/de\/wp-json\/wp\/v2\/product_cat?post=15116"},{"taxonomy":"product_tag","embeddable":true,"href":"https:\/\/staviori.com.pl\/de\/wp-json\/wp\/v2\/product_tag?post=15116"}],"curies":[{"name":"wp","href":"https:\/\/api.w.org\/{rel}","templated":true}]}}