{"id":15115,"date":"2025-02-24T22:48:05","date_gmt":"2025-02-24T21:48:05","guid":{"rendered":"https:\/\/staviori.com.pl\/product\/pierscionek-z-diamentem-pbd3906\/"},"modified":"2026-02-11T00:09:05","modified_gmt":"2026-02-10T23:09:05","slug":"pierscionek-z-diamentem-pbd3906","status":"publish","type":"product","link":"https:\/\/staviori.com.pl\/de\/product\/pierscionek-z-diamentem-pbd3906\/","title":{"rendered":"Unendlichkeitsring aus Wei\u00dfgold mit schwarzen und wei\u00dfen Diamanten"},"content":{"rendered":"<p>Model: PBD3906<br \/>\nWaga ok. 2,60g<\/p>\n<p>Ring.<br \/>\nWei\u00dfgold 0,585.<br \/>\n9 Diament\u00f3w, szlif brylantowy, o masie 0,04ct, barwa H, czysto\u015b\u0107 SI2.<br \/>\n9 Diament\u00f3w, kolor czarny, szlif brylantowy, o masie 0,04ct.<\/p>\n<p>\u015arednica korony ok. 7.2&#215;16 mm.<br \/>\nWysoko\u015b\u0107 3.7 mm.<br \/>\nSzeroko\u015b\u0107 obr\u0105czki ok. 1.6 mm.<\/p>\n<p>Pier\u015bcionek zar\u0119czynowy lub rocznicowy<br \/>\nProdukt in jeder Gr\u00f6\u00dfe, nur auf Anfrage erh\u00e4ltlich, Lieferzeit ca. 5 Wochen.<\/p>","protected":false},"excerpt":{"rendered":"<p>Zachwycaj\u0105cy pier\u015bcionek z bia\u0142ego z\u0142ota 14K, kt\u00f3ry \u0142\u0105czy symbol niesko\u0144czono\u015bci z subtelnym blaskiem diament\u00f3w. Delikatna forma obr\u0105czki oplata palec niczym znak wiecznej mi\u0142o\u015bci, a efektowny kontrast bia\u0142ych i czarnych brylant\u00f3w nadaje ca\u0142o\u015bci nowoczesny charakter. Elegancja w najlepszym wydaniu \u2013 idealny wyb\u00f3r na wyj\u0105tkowy prezent lub zar\u0119czyny z klas\u0105.<\/p>","protected":false},"featured_media":19534,"comment_status":"closed","ping_status":"closed","template":"","meta":{"om_disable_all_campaigns":false},"product_brand":[2284],"product_cat":[1838,2182,801],"product_tag":[4882,2308,2319,2317,4757,4881,4746,4668,4879],"class_list":{"0":"post-15115","1":"product","2":"type-product","3":"status-publish","4":"has-post-thumbnail","6":"product_brand-staviori","7":"product_cat-diamenty","8":"product_cat-pierscionek-z-diamentem","9":"product_cat-pierscionki","10":"product_tag-biale-diamenty","11":"product_tag-biale-zloto","12":"product_tag-czarne-diamenty","13":"product_tag-elegancka-bizuteria","14":"product_tag-nowoczesny-pierscionek","15":"product_tag-pbd3906","16":"product_tag-pierscionek-z-brylantami","17":"product_tag-pierscionek-zareczynowy","18":"product_tag-symbol-nieskonczonosci","19":"pa_barwa-h-2","20":"pa_czystosc-si2","21":"pa_dostawca-estrella","22":"pa_kamien-biale-diamenty","23":"pa_kamien-czarne-diamenty","24":"pa_kolor-biale","25":"pa_kruszec-zloto","26":"pa_motyw-nieskonczonosc","27":"pa_proba-0-585","28":"pa_srednica-korony-ok-7-2x16mm","29":"pa_szlif-brylantowy-okragly","30":"pa_waga-260g","31":"pa_wysokosc-3-7mm","33":"first","34":"onbackorder","35":"purchasable","36":"product-type-simple"},"aioseo_notices":[],"_links":{"self":[{"href":"https:\/\/staviori.com.pl\/de\/wp-json\/wp\/v2\/product\/15115","targetHints":{"allow":["GET"]}}],"collection":[{"href":"https:\/\/staviori.com.pl\/de\/wp-json\/wp\/v2\/product"}],"about":[{"href":"https:\/\/staviori.com.pl\/de\/wp-json\/wp\/v2\/types\/product"}],"replies":[{"embeddable":true,"href":"https:\/\/staviori.com.pl\/de\/wp-json\/wp\/v2\/comments?post=15115"}],"wp:featuredmedia":[{"embeddable":true,"href":"https:\/\/staviori.com.pl\/de\/wp-json\/wp\/v2\/media\/19534"}],"wp:attachment":[{"href":"https:\/\/staviori.com.pl\/de\/wp-json\/wp\/v2\/media?parent=15115"}],"wp:term":[{"taxonomy":"product_brand","embeddable":true,"href":"https:\/\/staviori.com.pl\/de\/wp-json\/wp\/v2\/product_brand?post=15115"},{"taxonomy":"product_cat","embeddable":true,"href":"https:\/\/staviori.com.pl\/de\/wp-json\/wp\/v2\/product_cat?post=15115"},{"taxonomy":"product_tag","embeddable":true,"href":"https:\/\/staviori.com.pl\/de\/wp-json\/wp\/v2\/product_tag?post=15115"}],"curies":[{"name":"wp","href":"https:\/\/api.w.org\/{rel}","templated":true}]}}