{"id":15112,"date":"2025-02-24T22:48:05","date_gmt":"2025-02-24T21:48:05","guid":{"rendered":"https:\/\/staviori.com.pl\/product\/pierscionek-z-diamentem-pbd3903\/"},"modified":"2026-02-11T00:09:46","modified_gmt":"2026-02-10T23:09:46","slug":"pierscionek-z-diamentem-pbd3903","status":"publish","type":"product","link":"https:\/\/staviori.com.pl\/de\/product\/pierscionek-z-diamentem-pbd3903\/","title":{"rendered":"Ring aus Wei\u00df- oder Gelbgold - zwei Herzen mit einem Diamanten"},"content":{"rendered":"<p>Model: PBD3903<br \/>\nGewicht ca. 1,50g<\/p>\n<p>Ring.<br \/>\nBia\u0142e, \u017b\u00f3\u0142te lub R\u00f3\u017cowe Z\u0142oto 0,585.<br \/>\n1 Diament, szlif brylantowy, o masie 0,03ct, barwa H, czysto\u015b\u0107 SI1-SI2.<\/p>\n<p>4 mm breit.<\/p>\n<p>Produkt in jeder Gr\u00f6\u00dfe, nur auf Anfrage erh\u00e4ltlich, Lieferzeit ca. 2 Wochen.<\/p>","protected":false},"excerpt":{"rendered":"<p>Uroczy pier\u015bcionek z bia\u0142ego z\u0142ota 14K, ozdobiony l\u015bni\u0105cym brylantem oprawionym w delikatny motyw serca. Symbolika mi\u0142o\u015bci i subtelna elegancja tworz\u0105 razem wyj\u0105tkow\u0105 kompozycj\u0119, kt\u00f3ra doskonale sprawdzi si\u0119 jako pier\u015bcionek zar\u0119czynowy lub romantyczny prezent. Niezwykle kobiecy model, kt\u00f3ry przyci\u0105ga spojrzenia i zachwyca swoj\u0105 prostot\u0105.<\/p>","protected":false},"featured_media":19557,"comment_status":"closed","ping_status":"closed","template":"","meta":{"om_disable_all_campaigns":false},"product_brand":[2284],"product_cat":[1838,2182,801],"product_tag":[2308,3722,4884,4883,4668,2579,1414,3686],"class_list":{"0":"post-15112","1":"product","2":"type-product","3":"status-publish","4":"has-post-thumbnail","6":"product_brand-staviori","7":"product_cat-diamenty","8":"product_cat-pierscionek-z-diamentem","9":"product_cat-pierscionki","10":"product_tag-biale-zloto","11":"product_tag-diament","12":"product_tag-kobiecy-pierscionek","13":"product_tag-pbd3903","14":"product_tag-pierscionek-zareczynowy","15":"product_tag-romantyczna-bizuteria","16":"product_tag-serce","17":"product_tag-subtelna-elegancja","18":"pa_barwa-h-2","19":"pa_czystosc-si1-si2","20":"pa_dostawca-iza","21":"pa_kamien-brylant","22":"pa_kolor-biale","23":"pa_kolor-rozowe","24":"pa_kolor-zolte","25":"pa_kruszec-zloto","26":"pa_motyw-serce","27":"pa_proba-0-585","28":"pa_szerokosc-4mm","29":"pa_waga-150g","31":"first","32":"onbackorder","33":"purchasable","34":"product-type-variable","35":"has-default-attributes"},"aioseo_notices":[],"_links":{"self":[{"href":"https:\/\/staviori.com.pl\/de\/wp-json\/wp\/v2\/product\/15112","targetHints":{"allow":["GET"]}}],"collection":[{"href":"https:\/\/staviori.com.pl\/de\/wp-json\/wp\/v2\/product"}],"about":[{"href":"https:\/\/staviori.com.pl\/de\/wp-json\/wp\/v2\/types\/product"}],"replies":[{"embeddable":true,"href":"https:\/\/staviori.com.pl\/de\/wp-json\/wp\/v2\/comments?post=15112"}],"wp:featuredmedia":[{"embeddable":true,"href":"https:\/\/staviori.com.pl\/de\/wp-json\/wp\/v2\/media\/19557"}],"wp:attachment":[{"href":"https:\/\/staviori.com.pl\/de\/wp-json\/wp\/v2\/media?parent=15112"}],"wp:term":[{"taxonomy":"product_brand","embeddable":true,"href":"https:\/\/staviori.com.pl\/de\/wp-json\/wp\/v2\/product_brand?post=15112"},{"taxonomy":"product_cat","embeddable":true,"href":"https:\/\/staviori.com.pl\/de\/wp-json\/wp\/v2\/product_cat?post=15112"},{"taxonomy":"product_tag","embeddable":true,"href":"https:\/\/staviori.com.pl\/de\/wp-json\/wp\/v2\/product_tag?post=15112"}],"curies":[{"name":"wp","href":"https:\/\/api.w.org\/{rel}","templated":true}]}}