{"id":15087,"date":"2025-02-24T22:48:00","date_gmt":"2025-02-24T21:48:00","guid":{"rendered":"https:\/\/staviori.com.pl\/product\/pierscionek-z-diamentem-pbd3813\/"},"modified":"2026-02-11T00:09:05","modified_gmt":"2026-02-10T23:09:05","slug":"pierscionek-z-diamentem-pbd3813","status":"publish","type":"product","link":"https:\/\/staviori.com.pl\/de\/product\/pierscionek-z-diamentem-pbd3813\/","title":{"rendered":"eleganter Ring mit schwarzen und wei\u00dfen Diamanten"},"content":{"rendered":"<p>Modell: PBD3813<br \/>\nGewicht ca. 3,90g<\/p>\n<p>Ring.<br \/>\nWei\u00dfgold 0,585.<br \/>\n36 Diamanten im Brillantschliff, Gewicht 0,30ct, Farbe H, Reinheit I1.<br \/>\n12 Diamanten, schwarze Farbe, Brillantschliff, Gewicht 0,46ct.<\/p>\n<p>6 mm breit.<\/p>\n<p>Produkt in jeder Gr\u00f6\u00dfe, nur auf Anfrage erh\u00e4ltlich, Lieferzeit ca. 5 Wochen.<br \/>\nAlternative zu schwarzen Diamanten: 12 Saphire, Brillantschliff, Gewicht 0,45ct.<\/p>","protected":false},"excerpt":{"rendered":"<p>Ein beeindruckender Ring aus 0,585er Wei\u00dfgold, der durch seine kontrastreiche Kombination aus Klassik und Moderne besticht. Das Mittelst\u00fcck ist mit zw\u00f6lf schwarzen Diamanten mit einem Gesamtgewicht von 0,46 ct besetzt, die von zwei Reihen wei\u00dfer Diamanten mit einem Gewicht von 0,30 ct umgeben sind. Die Edelsteine bilden eine schillernde Komposition voller Brillanz und Tiefe. Eine ideale Wahl f\u00fcr die Frau, die unverwechselbaren, eleganten Schmuck mit einzigartigem Charakter liebt.<\/p>","protected":false},"featured_media":5110,"comment_status":"closed","ping_status":"closed","template":"","meta":{"om_disable_all_campaigns":false},"product_brand":[2284],"product_cat":[1838,2182,801],"product_tag":[2326,2555,4713,4870,4767,4871,4827,4872],"class_list":{"0":"post-15087","1":"product","2":"type-product","3":"status-publish","4":"has-post-thumbnail","6":"product_brand-staviori","7":"product_cat-diamenty","8":"product_cat-pierscionek-z-diamentem","9":"product_cat-pierscionki","10":"product_tag-bizuteria-z-diamentami","11":"product_tag-ekskluzywna-bizuteria","12":"product_tag-luksusowy-pierscionek","13":"product_tag-pbd3813","14":"product_tag-pierscionek-z-bialego-zlota","15":"product_tag-pierscionek-z-bialymi-diamentami","16":"product_tag-pierscionek-z-czarnym-diamentem","17":"product_tag-szeroki-pierscionek","18":"pa_barwa-h-2","19":"pa_czystosc-i1","20":"pa_dostawca-estrella","21":"pa_dostawca-jigar","22":"pa_kamien-biale-diamenty","23":"pa_kamien-czarne-diamenty","24":"pa_kolor-biale","25":"pa_kruszec-zloto","26":"pa_proba-0-585","27":"pa_szerokosc-6mm","28":"pa_szlif-brylantowy-okragly","29":"pa_waga-390g","31":"first","32":"onbackorder","33":"purchasable","34":"product-type-simple"},"aioseo_notices":[],"_links":{"self":[{"href":"https:\/\/staviori.com.pl\/de\/wp-json\/wp\/v2\/product\/15087","targetHints":{"allow":["GET"]}}],"collection":[{"href":"https:\/\/staviori.com.pl\/de\/wp-json\/wp\/v2\/product"}],"about":[{"href":"https:\/\/staviori.com.pl\/de\/wp-json\/wp\/v2\/types\/product"}],"replies":[{"embeddable":true,"href":"https:\/\/staviori.com.pl\/de\/wp-json\/wp\/v2\/comments?post=15087"}],"wp:featuredmedia":[{"embeddable":true,"href":"https:\/\/staviori.com.pl\/de\/wp-json\/wp\/v2\/media\/5110"}],"wp:attachment":[{"href":"https:\/\/staviori.com.pl\/de\/wp-json\/wp\/v2\/media?parent=15087"}],"wp:term":[{"taxonomy":"product_brand","embeddable":true,"href":"https:\/\/staviori.com.pl\/de\/wp-json\/wp\/v2\/product_brand?post=15087"},{"taxonomy":"product_cat","embeddable":true,"href":"https:\/\/staviori.com.pl\/de\/wp-json\/wp\/v2\/product_cat?post=15087"},{"taxonomy":"product_tag","embeddable":true,"href":"https:\/\/staviori.com.pl\/de\/wp-json\/wp\/v2\/product_tag?post=15087"}],"curies":[{"name":"wp","href":"https:\/\/api.w.org\/{rel}","templated":true}]}}