{"id":15084,"date":"2025-02-24T22:48:00","date_gmt":"2025-02-24T21:48:00","guid":{"rendered":"https:\/\/staviori.com.pl\/product\/pierscionek-z-diamentem-pbd3749\/"},"modified":"2026-02-11T00:09:05","modified_gmt":"2026-02-10T23:09:05","slug":"pierscionek-z-diamentem-pbd3749","status":"publish","type":"product","link":"https:\/\/staviori.com.pl\/de\/product\/pierscionek-z-diamentem-pbd3749\/","title":{"rendered":"Rosenring aus Wei\u00dfgold mit Diamant"},"content":{"rendered":"<p>Model: PBD3749<br \/>\nGewicht ca. 1,90g<\/p>\n<p>Ring.<br \/>\nBia\u0142e Z\u0142oto 0,585 pokryte r\u00f3\u017cowym rodem<br \/>\n1 Diament, szlif brylantowy, o masie 0,01ct, barwa H, czysto\u015b\u0107 I1.<\/p>\n<p>\u015arednica korony ok. 5 mm.<br \/>\nSzeroko\u015b\u0107 obr\u0105czki ok. 2 mm.<\/p>\n<p>Nur einige Gr\u00f6\u00dfen verf\u00fcgbar - bitte anfragen<\/p>","protected":false},"excerpt":{"rendered":"<p>Uroczy pier\u015bcionek z bia\u0142ego z\u0142ota pr\u00f3by 0,585, kt\u00f3ry zachwyca delikatno\u015bci\u0105 i subtelnym wdzi\u0119kiem. Centralnym punktem jest male\u0144ka r\u00f3\u017ca pokryta r\u00f3\u017cowym z\u0142otem, w kt\u00f3rej sercu l\u015bni drobny diament w szlifie brylantowym. Symbolika kwiatu mi\u0142o\u015bci i blask szlachetnego kamienia czyni\u0105 ten model wyj\u0105tkowym wyborem dla romantycznych dusz. Idealny jako prezent z serca \u2013 pe\u0142en uroku i emocji.<\/p>","protected":false},"featured_media":5082,"comment_status":"closed","ping_status":"closed","template":"","meta":{"om_disable_all_campaigns":false},"product_brand":[2284],"product_cat":[1838,2182,801],"product_tag":[4679,4865,4863,4867,4866,4767,4686,4839,4864,2579],"class_list":{"0":"post-15084","1":"product","2":"type-product","3":"status-publish","4":"has-post-thumbnail","6":"product_brand-staviori","7":"product_cat-diamenty","8":"product_cat-pierscionek-z-diamentem","9":"product_cat-pierscionki","10":"product_tag-delikatny-pierscionek","11":"product_tag-motyw-rozy","12":"product_tag-pbd3749","13":"product_tag-pierscionek-dla-dziecka","14":"product_tag-pierscionek-dla-dziewczynki","15":"product_tag-pierscionek-z-bialego-zlota","16":"product_tag-pierscionek-z-diamentem","17":"product_tag-pierscionek-z-kwiatem","18":"product_tag-pierscionek-z-rozowym-zlotem","19":"product_tag-romantyczna-bizuteria","20":"pa_barwa-h-2","21":"pa_czystosc-i1","22":"pa_dostawca-iza","23":"pa_kamien-diament","24":"pa_kolor-biale","25":"pa_kruszec-zloto","26":"pa_proba-0-585","27":"pa_rozmiar-4862","28":"pa_srednica-korony-ok-5mm","29":"pa_szerokosc-obraczki-ok-2mm","30":"pa_waga-190g","32":"first","33":"instock","34":"purchasable","35":"product-type-simple"},"aioseo_notices":[],"_links":{"self":[{"href":"https:\/\/staviori.com.pl\/de\/wp-json\/wp\/v2\/product\/15084","targetHints":{"allow":["GET"]}}],"collection":[{"href":"https:\/\/staviori.com.pl\/de\/wp-json\/wp\/v2\/product"}],"about":[{"href":"https:\/\/staviori.com.pl\/de\/wp-json\/wp\/v2\/types\/product"}],"replies":[{"embeddable":true,"href":"https:\/\/staviori.com.pl\/de\/wp-json\/wp\/v2\/comments?post=15084"}],"wp:featuredmedia":[{"embeddable":true,"href":"https:\/\/staviori.com.pl\/de\/wp-json\/wp\/v2\/media\/5082"}],"wp:attachment":[{"href":"https:\/\/staviori.com.pl\/de\/wp-json\/wp\/v2\/media?parent=15084"}],"wp:term":[{"taxonomy":"product_brand","embeddable":true,"href":"https:\/\/staviori.com.pl\/de\/wp-json\/wp\/v2\/product_brand?post=15084"},{"taxonomy":"product_cat","embeddable":true,"href":"https:\/\/staviori.com.pl\/de\/wp-json\/wp\/v2\/product_cat?post=15084"},{"taxonomy":"product_tag","embeddable":true,"href":"https:\/\/staviori.com.pl\/de\/wp-json\/wp\/v2\/product_tag?post=15084"}],"curies":[{"name":"wp","href":"https:\/\/api.w.org\/{rel}","templated":true}]}}