{"id":15078,"date":"2025-02-24T22:47:56","date_gmt":"2025-02-24T21:47:56","guid":{"rendered":"https:\/\/staviori.com.pl\/product\/bizuteria-inwestycyjna-pierscionek-pbd3600\/"},"modified":"2026-02-11T00:09:03","modified_gmt":"2026-02-10T23:09:03","slug":"bizuteria-inwestycyjna-pierscionek-pbd3600","status":"publish","type":"product","link":"https:\/\/staviori.com.pl\/de\/product\/bizuteria-inwestycyjna-pierscionek-pbd3600\/","title":{"rendered":"Saphir- und Diamantring im Duchess-Kate-Stil"},"content":{"rendered":"<p>Model: PBD3600<br \/>\nGewicht ca. 3,90g<\/p>\n<p>Ring.<br \/>\nWei\u00dfgold 0,585.<br \/>\n12 Diament\u00f3w, szlif brylantowy, o masie 0,51ct, barwa H-I, czysto\u015b\u0107 I1.<br \/>\n1 Szafir, o masie 0,95ct.<\/p>\n<p>Korona 12&#215;10 mm.<br \/>\nWymiary 7&#215;5 mm.<br \/>\nWysoko\u015b\u0107 6 mm.<\/p>\n<p>Szeroko\u015b\u0107 obr\u0105czki ok. 2 mm.<\/p>\n<p>Nur einige Gr\u00f6\u00dfen verf\u00fcgbar - bitte anfragen<\/p>","protected":false},"excerpt":{"rendered":"<p>Ol\u015bniewaj\u0105cy pier\u015bcionek z bia\u0142ego z\u0142ota pr\u00f3by 0,585 z majestatycznym szafirem o masie 0,95 ct, otoczonym dwunastoma brylantami o \u0142\u0105cznej masie 0,51 ct. Kamienie tworz\u0105 klasyczn\u0105 kompozycj\u0119 w stylu kr\u00f3lewskim, przywo\u0142uj\u0105c na my\u015bl s\u0142ynne pier\u015bcionki z rodzin kr\u00f3lewskich. Harmonijna forma i kunsztowne wykonanie sprawiaj\u0105, \u017ce ten model emanuje luksusem i ponadczasow\u0105 elegancj\u0105. Idealny jako wyj\u0105tkowy pier\u015bcionek zar\u0119czynowy lub prezent na bardzo szczeg\u00f3ln\u0105 okazj\u0119.<\/p>","protected":false},"featured_media":5008,"comment_status":"closed","ping_status":"closed","template":"","meta":{"om_disable_all_campaigns":false},"product_brand":[2284],"product_cat":[1803,6741,801],"product_tag":[2308,4853,4855,4852,4685,4668,4854,4760],"class_list":{"0":"post-15078","1":"product","2":"type-product","3":"status-publish","4":"has-post-thumbnail","6":"product_brand-staviori","7":"product_cat-brylanty-exclusive","8":"product_cat-pierscionki-brylanty-exclusive","9":"product_cat-pierscionki","10":"product_tag-biale-zloto","11":"product_tag-krolewski-pierscionek","12":"product_tag-pbd3600","13":"product_tag-pbd3600s","14":"product_tag-pierscionek-z-szafirem","15":"product_tag-pierscionek-zareczynowy","16":"product_tag-styl-ksieznej-diany","17":"product_tag-szafir-i-diamenty","18":"pa_barwa-h-i","19":"pa_czystosc-i1","20":"pa_dostawca-jigar","21":"pa_kamien-brylanty","22":"pa_kamien-szafir","23":"pa_kolor-biale","24":"pa_korona-12x10mm","25":"pa_kruszec-zloto","26":"pa_okazja-idealne-na-zareczyny","27":"pa_proba-0-585","28":"pa_rozmiar-2353","29":"pa_waga-390g","30":"pa_wymiary-7x5mm","32":"first","33":"instock","34":"purchasable","35":"product-type-simple"},"aioseo_notices":[],"_links":{"self":[{"href":"https:\/\/staviori.com.pl\/de\/wp-json\/wp\/v2\/product\/15078","targetHints":{"allow":["GET"]}}],"collection":[{"href":"https:\/\/staviori.com.pl\/de\/wp-json\/wp\/v2\/product"}],"about":[{"href":"https:\/\/staviori.com.pl\/de\/wp-json\/wp\/v2\/types\/product"}],"replies":[{"embeddable":true,"href":"https:\/\/staviori.com.pl\/de\/wp-json\/wp\/v2\/comments?post=15078"}],"wp:featuredmedia":[{"embeddable":true,"href":"https:\/\/staviori.com.pl\/de\/wp-json\/wp\/v2\/media\/5008"}],"wp:attachment":[{"href":"https:\/\/staviori.com.pl\/de\/wp-json\/wp\/v2\/media?parent=15078"}],"wp:term":[{"taxonomy":"product_brand","embeddable":true,"href":"https:\/\/staviori.com.pl\/de\/wp-json\/wp\/v2\/product_brand?post=15078"},{"taxonomy":"product_cat","embeddable":true,"href":"https:\/\/staviori.com.pl\/de\/wp-json\/wp\/v2\/product_cat?post=15078"},{"taxonomy":"product_tag","embeddable":true,"href":"https:\/\/staviori.com.pl\/de\/wp-json\/wp\/v2\/product_tag?post=15078"}],"curies":[{"name":"wp","href":"https:\/\/api.w.org\/{rel}","templated":true}]}}