{"id":15072,"date":"2025-02-24T22:47:56","date_gmt":"2025-02-24T21:47:56","guid":{"rendered":"https:\/\/staviori.com.pl\/product\/bizuteria-inwestycyjna-pierscionek-pbd3299\/"},"modified":"2026-02-11T00:09:03","modified_gmt":"2026-02-10T23:09:03","slug":"bizuteria-inwestycyjna-pierscionek-pbd3299","status":"publish","type":"product","link":"https:\/\/staviori.com.pl\/de\/product\/bizuteria-inwestycyjna-pierscionek-pbd3299\/","title":{"rendered":"Exklusiver Ring mit schwarzen und wei\u00dfen Diamanten in Form einer Rose"},"content":{"rendered":"<p>Model: DDR1319<br \/>\nWaga ok. 22,70g<\/p>\n<p>Ring.<br \/>\nWei\u00dfgold 0,750.<br \/>\n245 Diament\u00f3w, szlif brylantowy, o masie 1,55ct, barwa G, czysto\u015b\u0107 SI1.<br \/>\n581 Diament\u00f3w, kolor czarny, szlif brylantowy, o masie 4,13ct.<\/p>\n<p>\u015arednica korony ok. 36 mm.<br \/>\n12 mm hoch.<br \/>\nSzeroko\u015b\u0107 obr\u0105czki ok. 5 mm.<\/p>\n<p>Produkt w dowolnym rozmiarze, dost\u0119pny wy\u0142\u0105cznie na zam\u00f3wienie, czas realizacji ok. 4 tygodnie.<\/p>","protected":false},"excerpt":{"rendered":"<p>Zjawiskowy pier\u015bcionek w formie rozkwitaj\u0105cej r\u00f3\u017cy, wykonany z bia\u0142ego z\u0142ota pr\u00f3by 0,750. Niezwykle efektowny i misternie wykonany, zdobiony a\u017c 826 diamentami \u2013 245 bia\u0142ymi (1,55 ct) i 581 czarnymi (4,13 ct) w szlifie brylantowym. Rze\u017abiarska forma i kontrast barw tworz\u0105 kompozycj\u0119 pe\u0142n\u0105 dramatyzmu i elegancji. Idealny wyb\u00f3r dla kobiet, kt\u00f3re kochaj\u0105 wyrazist\u0105, luksusow\u0105 bi\u017cuteri\u0119 i nie boj\u0105 si\u0119 przyci\u0105ga\u0107 spojrze\u0144.<\/p>","protected":false},"featured_media":19465,"comment_status":"closed","ping_status":"closed","template":"","meta":{"om_disable_all_campaigns":false},"product_brand":[2284],"product_cat":[1803,6741,801],"product_tag":[2278,2907,2319,4836,2280,4838,4837,4708],"class_list":{"0":"post-15072","1":"product","2":"type-product","3":"status-publish","4":"has-post-thumbnail","6":"product_brand-staviori","7":"product_cat-brylanty-exclusive","8":"product_cat-pierscionki-brylanty-exclusive","9":"product_cat-pierscionki","10":"product_tag-biale-zloto-18k","11":"product_tag-bizuteria-artystyczna","12":"product_tag-czarne-diamenty","13":"product_tag-ddr1319","14":"product_tag-luksusowa-bizuteria","15":"product_tag-pbd3299","16":"product_tag-pierscionek-roza","17":"product_tag-pierscionek-z-diamentami","18":"pa_barwa-g-2","19":"pa_czystosc-si1","20":"pa_dostawca-draco","21":"pa_kamien-biale-diamenty","22":"pa_kamien-brylanty","23":"pa_kamien-czarne-diamenty","24":"pa_kolor-biale","25":"pa_kruszec-zloto","26":"pa_motyw-kwiatek","27":"pa_proba-0-750","28":"pa_srednica-korony-ok-36mm","29":"pa_waga-2190g","30":"pa_wysokosc-12mm","32":"first","33":"onbackorder","34":"purchasable","35":"product-type-simple"},"aioseo_notices":[],"_links":{"self":[{"href":"https:\/\/staviori.com.pl\/de\/wp-json\/wp\/v2\/product\/15072","targetHints":{"allow":["GET"]}}],"collection":[{"href":"https:\/\/staviori.com.pl\/de\/wp-json\/wp\/v2\/product"}],"about":[{"href":"https:\/\/staviori.com.pl\/de\/wp-json\/wp\/v2\/types\/product"}],"replies":[{"embeddable":true,"href":"https:\/\/staviori.com.pl\/de\/wp-json\/wp\/v2\/comments?post=15072"}],"wp:featuredmedia":[{"embeddable":true,"href":"https:\/\/staviori.com.pl\/de\/wp-json\/wp\/v2\/media\/19465"}],"wp:attachment":[{"href":"https:\/\/staviori.com.pl\/de\/wp-json\/wp\/v2\/media?parent=15072"}],"wp:term":[{"taxonomy":"product_brand","embeddable":true,"href":"https:\/\/staviori.com.pl\/de\/wp-json\/wp\/v2\/product_brand?post=15072"},{"taxonomy":"product_cat","embeddable":true,"href":"https:\/\/staviori.com.pl\/de\/wp-json\/wp\/v2\/product_cat?post=15072"},{"taxonomy":"product_tag","embeddable":true,"href":"https:\/\/staviori.com.pl\/de\/wp-json\/wp\/v2\/product_tag?post=15072"}],"curies":[{"name":"wp","href":"https:\/\/api.w.org\/{rel}","templated":true}]}}