{"id":15071,"date":"2025-02-24T22:47:56","date_gmt":"2025-02-24T21:47:56","guid":{"rendered":"https:\/\/staviori.com.pl\/product\/bizuteria-inwestycyjna-pierscionek-pbd2813\/"},"modified":"2026-02-11T00:09:03","modified_gmt":"2026-02-10T23:09:03","slug":"bizuteria-inwestycyjna-pierscionek-pbd2813","status":"publish","type":"product","link":"https:\/\/staviori.com.pl\/de\/product\/bizuteria-inwestycyjna-pierscionek-pbd2813\/","title":{"rendered":"Exklusiver Ring aus 750er Wei\u00dfgold mit Diamanten in Form einer Blume"},"content":{"rendered":"<p>Model: DDR0569<br \/>\nWaga ok. 13,90g<\/p>\n<p>Ring.<br \/>\nWei\u00dfgold 0,750.<br \/>\n166 Diament\u00f3w, szlif brylantowy, o masie 2,95ct, barwa G-H, czysto\u015b\u0107 SI1.<\/p>\n<p>\u015arednica 25 mm.<\/p>\n<p>Produkt in jeder Gr\u00f6\u00dfe, nur auf Anfrage erh\u00e4ltlich, Lieferzeit ca. 5 Wochen.<\/p>","protected":false},"excerpt":{"rendered":"<p>Imponuj\u0105cy pier\u015bcionek z bia\u0142ego z\u0142ota pr\u00f3by 0,750, kt\u00f3rego forma zachwyca precyzj\u0105 wykonania i bogactwem detali. Kunsztownie ukszta\u0142towany w formie przestrzennego kwiatu, ozdobiony zosta\u0142 a\u017c 166 brylantami o \u0142\u0105cznej masie 2,95 ct. Migocz\u0105ce kamienie osadzone na a\u017curowych p\u0142atkach tworz\u0105 spektakularny efekt, przyci\u0105gaj\u0105cy wzrok i emanuj\u0105cy luksusem. Bi\u017cuteria stworzona z my\u015bl\u0105 o kobietach, kt\u00f3re kochaj\u0105 odwa\u017cne, artystyczne formy i bi\u017cuteri\u0119 z charakterem.<\/p>","protected":false},"featured_media":19450,"comment_status":"closed","ping_status":"closed","template":"","meta":{"om_disable_all_campaigns":false},"product_brand":[2284],"product_cat":[1803,6741,801],"product_tag":[2278,2907,4834,2555,4772,4833,4746],"class_list":{"0":"post-15071","1":"product","2":"type-product","3":"status-publish","4":"has-post-thumbnail","6":"product_brand-staviori","7":"product_cat-brylanty-exclusive","8":"product_cat-pierscionki-brylanty-exclusive","9":"product_cat-pierscionki","10":"product_tag-biale-zloto-18k","11":"product_tag-bizuteria-artystyczna","12":"product_tag-ddr0569","13":"product_tag-ekskluzywna-bizuteria","14":"product_tag-kwiatowy-pierscionek","15":"product_tag-pbd2813","16":"product_tag-pierscionek-z-brylantami","17":"pa_barwa-g-h","18":"pa_czystosc-si1","19":"pa_dostawca-draco","20":"pa_kamien-diamenty","21":"pa_kamien-brylanty","22":"pa_kolor-biale","23":"pa_kruszec-zloto","24":"pa_motyw-kwiatek","25":"pa_proba-0-750","26":"pa_srednica-25mm","27":"pa_waga-1290g","29":"first","30":"onbackorder","31":"purchasable","32":"product-type-simple"},"aioseo_notices":[],"_links":{"self":[{"href":"https:\/\/staviori.com.pl\/de\/wp-json\/wp\/v2\/product\/15071","targetHints":{"allow":["GET"]}}],"collection":[{"href":"https:\/\/staviori.com.pl\/de\/wp-json\/wp\/v2\/product"}],"about":[{"href":"https:\/\/staviori.com.pl\/de\/wp-json\/wp\/v2\/types\/product"}],"replies":[{"embeddable":true,"href":"https:\/\/staviori.com.pl\/de\/wp-json\/wp\/v2\/comments?post=15071"}],"wp:featuredmedia":[{"embeddable":true,"href":"https:\/\/staviori.com.pl\/de\/wp-json\/wp\/v2\/media\/19450"}],"wp:attachment":[{"href":"https:\/\/staviori.com.pl\/de\/wp-json\/wp\/v2\/media?parent=15071"}],"wp:term":[{"taxonomy":"product_brand","embeddable":true,"href":"https:\/\/staviori.com.pl\/de\/wp-json\/wp\/v2\/product_brand?post=15071"},{"taxonomy":"product_cat","embeddable":true,"href":"https:\/\/staviori.com.pl\/de\/wp-json\/wp\/v2\/product_cat?post=15071"},{"taxonomy":"product_tag","embeddable":true,"href":"https:\/\/staviori.com.pl\/de\/wp-json\/wp\/v2\/product_tag?post=15071"}],"curies":[{"name":"wp","href":"https:\/\/api.w.org\/{rel}","templated":true}]}}