{"id":15064,"date":"2025-02-24T22:47:56","date_gmt":"2025-02-24T21:47:56","guid":{"rendered":"https:\/\/staviori.com.pl\/product\/pierscionek-z-diamentem-pbd2724s\/"},"modified":"2026-02-11T00:09:03","modified_gmt":"2026-02-10T23:09:03","slug":"pierscionek-z-diamentem-pbd2724s","status":"publish","type":"product","link":"https:\/\/staviori.com.pl\/de\/product\/pierscionek-z-diamentem-pbd2724s\/","title":{"rendered":"Wei\u00dfgoldring mit Saphiren und Diamanten"},"content":{"rendered":"<p>Model: PBD2700S<br \/>\nWaga ok. 1,65g<\/p>\n<p>Ring.<br \/>\nWei\u00dfgold 0,585.<br \/>\n5 Diament\u00f3w, szlif brylantowy, o masie 0,03ct, barwa H, czysto\u015b\u0107 I1.<br \/>\n1 Szafir, o masie 1,50ct.<\/p>\n<p>\u015arednica korony ok. 5&#215;10 mm.<\/p>\n<p>Nur einige Gr\u00f6\u00dfen verf\u00fcgbar - bitte anfragen<\/p>","protected":false},"excerpt":{"rendered":"<p>Elegancki pier\u015bcionek z bia\u0142ego z\u0142ota pr\u00f3by 0,585, kt\u00f3rego sercem jest okaza\u0142y szafir o masie 1,50 ct w szlifie markiza. G\u0142\u0119boka niebieska barwa kamienia pi\u0119knie kontrastuje z delikatn\u0105 lini\u0105 pi\u0119ciu diament\u00f3w w szlifie achtkant, dodaj\u0105cych subtelnego blasku. Finezyjnie rozdzielona szyna podkre\u015bla nowoczesny charakter projektu. To wyrafinowana propozycja dla kobiet kochaj\u0105cych klasyk\u0119 z nut\u0105 koloru.<\/p>","protected":false},"featured_media":4920,"comment_status":"closed","ping_status":"closed","template":"","meta":{"om_disable_all_campaigns":false},"product_brand":[2284],"product_cat":[1838,2182,801],"product_tag":[2308,2603,4842,4319,4846,4847,4708,4685],"class_list":{"0":"post-15064","1":"product","2":"type-product","3":"status-publish","4":"has-post-thumbnail","6":"product_brand-staviori","7":"product_cat-diamenty","8":"product_cat-pierscionek-z-diamentem","9":"product_cat-pierscionki","10":"product_tag-biale-zloto","11":"product_tag-klasyczna-bizuteria","12":"product_tag-markiza","13":"product_tag-niebieski-kamien","14":"product_tag-pbd2700s","15":"product_tag-pbd2724s","16":"product_tag-pierscionek-z-diamentami","17":"product_tag-pierscionek-z-szafirem","18":"pa_barwa-h-2","19":"pa_czystosc-i1","20":"pa_dostawca-estrella","21":"pa_kamien-brylanty","22":"pa_kamien-szafir","23":"pa_kolor-biale","24":"pa_kruszec-zloto","25":"pa_proba-0-585","26":"pa_rozmiar-2353","27":"pa_rozmiar-2354","28":"pa_srednica-korony-ok-5x10mm","29":"pa_waga-160g","31":"first","32":"instock","33":"purchasable","34":"product-type-simple"},"aioseo_notices":[],"_links":{"self":[{"href":"https:\/\/staviori.com.pl\/de\/wp-json\/wp\/v2\/product\/15064","targetHints":{"allow":["GET"]}}],"collection":[{"href":"https:\/\/staviori.com.pl\/de\/wp-json\/wp\/v2\/product"}],"about":[{"href":"https:\/\/staviori.com.pl\/de\/wp-json\/wp\/v2\/types\/product"}],"replies":[{"embeddable":true,"href":"https:\/\/staviori.com.pl\/de\/wp-json\/wp\/v2\/comments?post=15064"}],"wp:featuredmedia":[{"embeddable":true,"href":"https:\/\/staviori.com.pl\/de\/wp-json\/wp\/v2\/media\/4920"}],"wp:attachment":[{"href":"https:\/\/staviori.com.pl\/de\/wp-json\/wp\/v2\/media?parent=15064"}],"wp:term":[{"taxonomy":"product_brand","embeddable":true,"href":"https:\/\/staviori.com.pl\/de\/wp-json\/wp\/v2\/product_brand?post=15064"},{"taxonomy":"product_cat","embeddable":true,"href":"https:\/\/staviori.com.pl\/de\/wp-json\/wp\/v2\/product_cat?post=15064"},{"taxonomy":"product_tag","embeddable":true,"href":"https:\/\/staviori.com.pl\/de\/wp-json\/wp\/v2\/product_tag?post=15064"}],"curies":[{"name":"wp","href":"https:\/\/api.w.org\/{rel}","templated":true}]}}