{"id":15062,"date":"2025-02-24T22:47:56","date_gmt":"2025-02-24T21:47:56","guid":{"rendered":"https:\/\/staviori.com.pl\/product\/pierscionek-z-diamentem-pbd2724e\/"},"modified":"2026-02-11T00:09:03","modified_gmt":"2026-02-10T23:09:03","slug":"pierscionek-z-diamentem-pbd2724e","status":"publish","type":"product","link":"https:\/\/staviori.com.pl\/de\/product\/pierscionek-z-diamentem-pbd2724e\/","title":{"rendered":"Wei\u00dfgoldring mit Smaragd und Diamanten"},"content":{"rendered":"<p>Model: PBD2700E<br \/>\nWaga ok. 1,63g<\/p>\n<p>Ring.<br \/>\nWei\u00dfgold 0,585.<br \/>\n5 Diament\u00f3w, szlif brylantowy, o masie 0,025ct, barwa H, czysto\u015b\u0107 I1.<br \/>\n1 Szmaragd, o masie 0,48ct.<\/p>\n<p>\u015arednica korony ok. 5&#215;10 mm.<\/p>\n<p>Nur einige Gr\u00f6\u00dfen verf\u00fcgbar - bitte anfragen<\/p>","protected":false},"excerpt":{"rendered":"<p>Zachwycaj\u0105cy pier\u015bcionek zar\u0119czynowy ze szmaragdem w szlifie markiza, wykonany z bia\u0142ego z\u0142ota pr\u00f3by 0,585. G\u0142\u0119boka ziele\u0144 centralnego kamienia o masie 0,48 ct otoczona jest delikatn\u0105 lini\u0105 pi\u0119ciu diament\u00f3w, kt\u00f3re podkre\u015blaj\u0105 jego naturalne pi\u0119kno. Smuk\u0142a szyna z lekkim rozci\u0119ciem dodaje ca\u0142o\u015bci lekko\u015bci i nowoczesnego charakteru. To wyj\u0105tkowa propozycja dla kobiet ceni\u0105cych elegancj\u0119 i kolorowe kamienie szlachetne.<\/p>","protected":false},"featured_media":4900,"comment_status":"closed","ping_status":"closed","template":"","meta":{"om_disable_all_campaigns":false},"product_brand":[2284],"product_cat":[1838,2182,801],"product_tag":[2308,4842,4845,4844,4843,4668,4147,4841],"class_list":{"0":"post-15062","1":"product","2":"type-product","3":"status-publish","4":"has-post-thumbnail","6":"product_brand-staviori","7":"product_cat-diamenty","8":"product_cat-pierscionek-z-diamentem","9":"product_cat-pierscionki","10":"product_tag-biale-zloto","11":"product_tag-markiza","12":"product_tag-pbd2700e","13":"product_tag-pbd2724e","14":"product_tag-pierscionek-z-kamieniem","15":"product_tag-pierscionek-zareczynowy","16":"product_tag-szmaragd","17":"product_tag-szmaragd-i-diamenty","18":"pa_barwa-h-2","19":"pa_czystosc-i1","20":"pa_dostawca-estrella","21":"pa_kamien-brylanty","22":"pa_kamien-szmaragd","23":"pa_kolor-biale","24":"pa_kruszec-zloto","25":"pa_proba-0-585","26":"pa_rozmiar-2352","27":"pa_srednica-korony-ok-5x10mm","28":"pa_waga-160g","30":"first","31":"instock","32":"purchasable","33":"product-type-simple"},"aioseo_notices":[],"_links":{"self":[{"href":"https:\/\/staviori.com.pl\/de\/wp-json\/wp\/v2\/product\/15062","targetHints":{"allow":["GET"]}}],"collection":[{"href":"https:\/\/staviori.com.pl\/de\/wp-json\/wp\/v2\/product"}],"about":[{"href":"https:\/\/staviori.com.pl\/de\/wp-json\/wp\/v2\/types\/product"}],"replies":[{"embeddable":true,"href":"https:\/\/staviori.com.pl\/de\/wp-json\/wp\/v2\/comments?post=15062"}],"wp:featuredmedia":[{"embeddable":true,"href":"https:\/\/staviori.com.pl\/de\/wp-json\/wp\/v2\/media\/4900"}],"wp:attachment":[{"href":"https:\/\/staviori.com.pl\/de\/wp-json\/wp\/v2\/media?parent=15062"}],"wp:term":[{"taxonomy":"product_brand","embeddable":true,"href":"https:\/\/staviori.com.pl\/de\/wp-json\/wp\/v2\/product_brand?post=15062"},{"taxonomy":"product_cat","embeddable":true,"href":"https:\/\/staviori.com.pl\/de\/wp-json\/wp\/v2\/product_cat?post=15062"},{"taxonomy":"product_tag","embeddable":true,"href":"https:\/\/staviori.com.pl\/de\/wp-json\/wp\/v2\/product_tag?post=15062"}],"curies":[{"name":"wp","href":"https:\/\/api.w.org\/{rel}","templated":true}]}}