{"id":15050,"date":"2025-02-24T22:47:51","date_gmt":"2025-02-24T21:47:51","guid":{"rendered":"https:\/\/staviori.com.pl\/product\/pierscionek-z-diamentem-pbd2500\/"},"modified":"2026-02-11T00:09:03","modified_gmt":"2026-02-10T23:09:03","slug":"pierscionek-z-diamentem-pbd2500","status":"publish","type":"product","link":"https:\/\/staviori.com.pl\/de\/product\/pierscionek-z-diamentem-pbd2500\/","title":{"rendered":"Sch\u00f6ner schlichter perfekter 0,20ct Verlobungsring in Wei\u00dfgold"},"content":{"rendered":"<p>Model: PBD2500<br \/>\nWaga ok. 1,80g<\/p>\n<p>Ring.<br \/>\nWei\u00dfgold 0,585.<br \/>\n1 Diament, szlif brylantowy, o masie 0,20ct, barwa G-H, czysto\u015b\u0107 SI1-SI2.<\/p>\n<p>Szeroko\u015b\u0107 obr\u0105czki ok. 1.5 mm.<br \/>\nGrubo\u015b\u0107 1.2 mm.<br \/>\nWysoko\u015b\u0107 4.5 mm.<\/p>\n<p>Pier\u015bcionek dost\u0119pny na zam\u00f3wienie.<br \/>\nTermin realizacji oko\u0142o 1 tygodnia.<\/p>\n<p>Prze\u015bliczny pier\u015bcionek zar\u0119czynowy z cudownie l\u015bni\u0105cym 0,20ct brylantem. Idealne proporcje okr\u0105g\u0142ej szyny z 14-karatowego bia\u0142ego z\u0142ota oraz delikatnego szatonu z czterema \u0142apkami, tworzy wz\u00f3r wprost idealny. Niezwykle pi\u0119kny model, kt\u00f3ry spodoba si\u0119 ka\u017cdej wybrance. Prostota<\/p>","protected":false},"excerpt":{"rendered":"<p>Subtelny i elegancki pier\u015bcionek zar\u0119czynowy wykonany z bia\u0142ego z\u0142ota pr\u00f3by 0,585. Centralnym punktem jest zachwycaj\u0105cy brylant o masie 0,20 ct, oprawiony w klasyczny szaton z czterema \u0142apkami, kt\u00f3ry pi\u0119knie eksponuje kamie\u0144. Minimalistyczna forma w po\u0142\u0105czeniu z luksusowym blaskiem diamentu tworzy kompozycj\u0119 idealn\u0105 na wyj\u0105tkowy moment o\u015bwiadczyn. To ponadczasowy wyb\u00f3r, kt\u00f3ry podkre\u015bli pi\u0119kno ka\u017cdej d\u0142oni.<\/p>","protected":false},"featured_media":4792,"comment_status":"closed","ping_status":"closed","template":"","meta":{"om_disable_all_campaigns":false},"product_brand":[2284],"product_cat":[1838,2182,801],"product_tag":[2308,4674,4812,4673,4811,4668,4771],"class_list":{"0":"post-15050","1":"product","2":"type-product","3":"status-publish","4":"has-post-thumbnail","6":"product_brand-staviori","7":"product_cat-diamenty","8":"product_cat-pierscionek-z-diamentem","9":"product_cat-pierscionki","10":"product_tag-biale-zloto","11":"product_tag-bizuteria-zareczynowa","12":"product_tag-brylant-0-20ct","13":"product_tag-klasyczny-pierscionek","14":"product_tag-pbd2500","15":"product_tag-pierscionek-zareczynowy","16":"product_tag-zloty-pierscionek-z-diamentem","17":"pa_barwa-g-h","18":"pa_czystosc-si1","19":"pa_dostawca-dembowska","20":"pa_dostawca-iza","21":"pa_grubosc-1-2mm","22":"pa_kamien-brylant","23":"pa_kamien-diament","24":"pa_kolor-biale","25":"pa_kruszec-zloto","26":"pa_masa-karatowa-020ct","27":"pa_okazja-idealne-na-zareczyny","28":"pa_proba-0-585","29":"pa_szerokosc-obraczki-ok-1-5mm","30":"pa_waga-180g","32":"first","33":"onbackorder","34":"purchasable","35":"product-type-simple"},"aioseo_notices":[],"_links":{"self":[{"href":"https:\/\/staviori.com.pl\/de\/wp-json\/wp\/v2\/product\/15050","targetHints":{"allow":["GET"]}}],"collection":[{"href":"https:\/\/staviori.com.pl\/de\/wp-json\/wp\/v2\/product"}],"about":[{"href":"https:\/\/staviori.com.pl\/de\/wp-json\/wp\/v2\/types\/product"}],"replies":[{"embeddable":true,"href":"https:\/\/staviori.com.pl\/de\/wp-json\/wp\/v2\/comments?post=15050"}],"wp:featuredmedia":[{"embeddable":true,"href":"https:\/\/staviori.com.pl\/de\/wp-json\/wp\/v2\/media\/4792"}],"wp:attachment":[{"href":"https:\/\/staviori.com.pl\/de\/wp-json\/wp\/v2\/media?parent=15050"}],"wp:term":[{"taxonomy":"product_brand","embeddable":true,"href":"https:\/\/staviori.com.pl\/de\/wp-json\/wp\/v2\/product_brand?post=15050"},{"taxonomy":"product_cat","embeddable":true,"href":"https:\/\/staviori.com.pl\/de\/wp-json\/wp\/v2\/product_cat?post=15050"},{"taxonomy":"product_tag","embeddable":true,"href":"https:\/\/staviori.com.pl\/de\/wp-json\/wp\/v2\/product_tag?post=15050"}],"curies":[{"name":"wp","href":"https:\/\/api.w.org\/{rel}","templated":true}]}}