{"id":15046,"date":"2025-02-24T22:47:51","date_gmt":"2025-02-24T21:47:51","guid":{"rendered":"https:\/\/staviori.com.pl\/product\/pierscionek-z-diamentem-pbd1932\/"},"modified":"2026-02-11T00:09:02","modified_gmt":"2026-02-10T23:09:02","slug":"pierscionek-z-diamentem-pbd1932","status":"publish","type":"product","link":"https:\/\/staviori.com.pl\/de\/product\/pierscionek-z-diamentem-pbd1932\/","title":{"rendered":"Exklusive | Schlange Ring aus 18 Karat Wei\u00dfgold"},"content":{"rendered":"<p>Model: DDR0893<br \/>\nWaga ok. 5,90g<\/p>\n<p>Ring.<br \/>\nWei\u00dfgold 0,750.<br \/>\n2 Diamenty, szlif brylantowy, o masie 0,03ct, barwa G, czysto\u015b\u0107 SI1.<\/p>\n<p>Szeroko\u015b\u0107 6-3 mm.<br \/>\nGrubo\u015b\u0107 4.5 mm.<\/p>\n<p>Kann auch in einer anderen Goldfarbe hergestellt werden.<br \/>\nProdukt in jeder Gr\u00f6\u00dfe, nur auf Anfrage erh\u00e4ltlich, Lieferzeit ca. 5 Wochen.<\/p>","protected":false},"excerpt":{"rendered":"<p>Unikatowy pier\u015bcionek z bia\u0142ego z\u0142ota pr\u00f3by 0,585 w formie zmys\u0142owego w\u0119\u017ca \u2013 symbolu si\u0142y, transformacji i tajemniczo\u015bci. Oczy zdobi\u0105 dwa subtelne brylanty o \u0142\u0105cznej masie 0,03 ct, kt\u00f3re dodaj\u0105 projektowi eleganckiego blasku i g\u0142\u0119bi. Zmys\u0142owa linia i precyzyjne wykonanie sprawiaj\u0105, \u017ce pier\u015bcionek idealnie wpisuje si\u0119 w styl nowoczesnej kobiety ceni\u0105cej oryginalno\u015b\u0107. Model dost\u0119pny r\u00f3wnie\u017c w innych odcieniach z\u0142ota \u2013 na indywidualne zam\u00f3wienie.<\/p>","protected":false},"featured_media":19422,"comment_status":"closed","ping_status":"closed","template":"","meta":{"om_disable_all_campaigns":false},"product_brand":[2284],"product_cat":[1803,1838,2182,801],"product_tag":[2308,4813,2967,4817,4814,4708,4816,4815],"class_list":{"0":"post-15046","1":"product","2":"type-product","3":"status-publish","4":"has-post-thumbnail","6":"product_brand-staviori","7":"product_cat-brylanty-exclusive","8":"product_cat-diamenty","9":"product_cat-pierscionek-z-diamentem","10":"product_cat-pierscionki","11":"product_tag-biale-zloto","12":"product_tag-ddr0893","13":"product_tag-oryginalna-bizuteria","14":"product_tag-pbd1932","15":"product_tag-pierscionek-w-ksztalcie-weza","16":"product_tag-pierscionek-z-diamentami","17":"product_tag-symbolika-weza","18":"product_tag-unikatowy-pierscionek","19":"pa_barwa-g-2","20":"pa_czystosc-si1","21":"pa_dostawca-draco","22":"pa_grubosc-4-5mm","23":"pa_kamien-diamenty","24":"pa_kamien-brylanty","25":"pa_kolor-biale","26":"pa_kruszec-zloto","27":"pa_motyw-waz","28":"pa_proba-0-585","29":"pa_szerokosc-6-3mm","30":"pa_waga-590g","32":"first","33":"onbackorder","34":"purchasable","35":"product-type-simple"},"aioseo_notices":[],"_links":{"self":[{"href":"https:\/\/staviori.com.pl\/de\/wp-json\/wp\/v2\/product\/15046","targetHints":{"allow":["GET"]}}],"collection":[{"href":"https:\/\/staviori.com.pl\/de\/wp-json\/wp\/v2\/product"}],"about":[{"href":"https:\/\/staviori.com.pl\/de\/wp-json\/wp\/v2\/types\/product"}],"replies":[{"embeddable":true,"href":"https:\/\/staviori.com.pl\/de\/wp-json\/wp\/v2\/comments?post=15046"}],"wp:featuredmedia":[{"embeddable":true,"href":"https:\/\/staviori.com.pl\/de\/wp-json\/wp\/v2\/media\/19422"}],"wp:attachment":[{"href":"https:\/\/staviori.com.pl\/de\/wp-json\/wp\/v2\/media?parent=15046"}],"wp:term":[{"taxonomy":"product_brand","embeddable":true,"href":"https:\/\/staviori.com.pl\/de\/wp-json\/wp\/v2\/product_brand?post=15046"},{"taxonomy":"product_cat","embeddable":true,"href":"https:\/\/staviori.com.pl\/de\/wp-json\/wp\/v2\/product_cat?post=15046"},{"taxonomy":"product_tag","embeddable":true,"href":"https:\/\/staviori.com.pl\/de\/wp-json\/wp\/v2\/product_tag?post=15046"}],"curies":[{"name":"wp","href":"https:\/\/api.w.org\/{rel}","templated":true}]}}