{"id":15043,"date":"2025-02-24T22:47:51","date_gmt":"2025-02-24T21:47:51","guid":{"rendered":"https:\/\/staviori.com.pl\/product\/pierscionek-z-diamentem-pbd1921s\/"},"modified":"2026-02-11T00:09:02","modified_gmt":"2026-02-10T23:09:02","slug":"pierscionek-z-diamentem-pbd1921s","status":"publish","type":"product","link":"https:\/\/staviori.com.pl\/de\/product\/pierscionek-z-diamentem-pbd1921s\/","title":{"rendered":"Wei\u00dfgoldring mit Saphiren und Diamanten"},"content":{"rendered":"<p>Model: PBD1922S<br \/>\nWaga ok. 1,60g<\/p>\n<p>Ring.<br \/>\nWei\u00dfgold 0,585.<br \/>\n2 Diamenty, szlif brylantowy, o masie 0,10ct, barwa H, czysto\u015b\u0107 I1.<br \/>\n1 Szafir, o masie 0,60ct.<\/p>\n<p>\u015arednica korony ok. 4&#215;6 mm.<br \/>\nSzeroko\u015b\u0107 obr\u0105czki ok. 2 mm.<\/p>\n<p>Pier\u015bcionek zar\u0119czynowy<\/p>\n<p>Nur einige Gr\u00f6\u00dfen verf\u00fcgbar - bitte anfragen<br \/>\nW przypadku braku na stanie &#8211; mo\u017cliwo\u015b\u0107 realizacji na zam\u00f3wienie w ci\u0105gu oko\u0142o 4 tygodni.<\/p>","protected":false},"excerpt":{"rendered":"<p>Zachwycaj\u0105cy pier\u015bcionek zar\u0119czynowy wykonany z bia\u0142ego z\u0142ota pr\u00f3by 0,585, kt\u00f3ry \u0142\u0105czy klasyk\u0119 z nut\u0105 kr\u00f3lewskiej elegancji. W centrum osadzono szafir o masie 0,60 ct, o intensywnej, granatowej barwie, symbolizuj\u0105cy wierno\u015b\u0107 i g\u0142\u0119bokie uczucie. Po jego bokach mieni\u0105 si\u0119 dwa diamenty o \u0142\u0105cznej masie 0,10 ct, dodaj\u0105c kompozycji blasku i finezji. Subtelna forma i doskona\u0142e proporcje czyni\u0105 ten pier\u015bcionek idealnym wyborem na zar\u0119czyny.<\/p>","protected":false},"featured_media":19435,"comment_status":"closed","ping_status":"closed","template":"","meta":{"om_disable_all_campaigns":false},"product_brand":[2284],"product_cat":[1838,2182,801],"product_tag":[2308,4674,4822,4821,4708,4685,4668,4153],"class_list":{"0":"post-15043","1":"product","2":"type-product","3":"status-publish","4":"has-post-thumbnail","6":"product_brand-staviori","7":"product_cat-diamenty","8":"product_cat-pierscionek-z-diamentem","9":"product_cat-pierscionki","10":"product_tag-biale-zloto","11":"product_tag-bizuteria-zareczynowa","12":"product_tag-pbd1921s","13":"product_tag-pbd1922s","14":"product_tag-pierscionek-z-diamentami","15":"product_tag-pierscionek-z-szafirem","16":"product_tag-pierscionek-zareczynowy","17":"product_tag-szafir","18":"pa_barwa-h-2","19":"pa_czystosc-i1","20":"pa_dostawca-estrella","21":"pa_kamien-diamenty","22":"pa_kamien-brylanty","23":"pa_kamien-szafir","24":"pa_kolor-biale","25":"pa_kruszec-zloto","26":"pa_proba-0-585","27":"pa_srednica-korony-ok-4x6mm","28":"pa_szerokosc-obraczki-ok-2mm","29":"pa_waga-160g","31":"first","32":"instock","33":"purchasable","34":"product-type-simple"},"aioseo_notices":[],"_links":{"self":[{"href":"https:\/\/staviori.com.pl\/de\/wp-json\/wp\/v2\/product\/15043","targetHints":{"allow":["GET"]}}],"collection":[{"href":"https:\/\/staviori.com.pl\/de\/wp-json\/wp\/v2\/product"}],"about":[{"href":"https:\/\/staviori.com.pl\/de\/wp-json\/wp\/v2\/types\/product"}],"replies":[{"embeddable":true,"href":"https:\/\/staviori.com.pl\/de\/wp-json\/wp\/v2\/comments?post=15043"}],"wp:featuredmedia":[{"embeddable":true,"href":"https:\/\/staviori.com.pl\/de\/wp-json\/wp\/v2\/media\/19435"}],"wp:attachment":[{"href":"https:\/\/staviori.com.pl\/de\/wp-json\/wp\/v2\/media?parent=15043"}],"wp:term":[{"taxonomy":"product_brand","embeddable":true,"href":"https:\/\/staviori.com.pl\/de\/wp-json\/wp\/v2\/product_brand?post=15043"},{"taxonomy":"product_cat","embeddable":true,"href":"https:\/\/staviori.com.pl\/de\/wp-json\/wp\/v2\/product_cat?post=15043"},{"taxonomy":"product_tag","embeddable":true,"href":"https:\/\/staviori.com.pl\/de\/wp-json\/wp\/v2\/product_tag?post=15043"}],"curies":[{"name":"wp","href":"https:\/\/api.w.org\/{rel}","templated":true}]}}