{"id":15038,"date":"2025-02-24T22:47:46","date_gmt":"2025-02-24T21:47:46","guid":{"rendered":"https:\/\/staviori.com.pl\/product\/pierscionek-z-diamentem-pbd1888\/"},"modified":"2026-02-11T00:09:02","modified_gmt":"2026-02-10T23:09:02","slug":"pierscionek-z-diamentem-pbd1888","status":"publish","type":"product","link":"https:\/\/staviori.com.pl\/de\/product\/pierscionek-z-diamentem-pbd1888\/","title":{"rendered":"Ausgefallener Diamantring aus Wei\u00dfgold"},"content":{"rendered":"<p>Model: PBD1888<br \/>\nGewicht ca. 1,45g<\/p>\n<p>Ring.<br \/>\nWei\u00dfgold 0,585.<br \/>\n5 Diament\u00f3w, szlif achtkant, o masie 0,03ct., barwa H, czysto\u015b\u0107 I1<\/p>\n<p>Kronen-Durchmesser ca. 10 mm.<br \/>\nSzeroko\u015b\u0107 obr\u0105czki ok. 1.5 mm.<\/p>\n<p>Dost\u0119pne tylko niekt\u00f3re rozmiary.<\/p>","protected":false},"excerpt":{"rendered":"<p>Model: PBD1888 Waga ok. 1,45g Pier\u015bcionek. Bia\u0142e Z\u0142oto 0,585. 5 Diament\u00f3w, szlif achtkant, o masie 0,03ct., barwa H, czysto\u015b\u0107 I1 \u015arednica korony ok. 10 mm. Szeroko\u015b\u0107 obr\u0105czki ok. 1.5 mm. Dost\u0119pne tylko niekt\u00f3re rozmiary.<\/p>","protected":false},"featured_media":4661,"comment_status":"closed","ping_status":"closed","template":"","meta":{"om_disable_all_campaigns":false},"product_brand":[2284],"product_cat":[1838,2182,801],"product_tag":[2300,2907,4679,4758,3480,4757,4756,4759],"class_list":{"0":"post-15038","1":"product","2":"type-product","3":"status-publish","4":"has-post-thumbnail","6":"product_brand-staviori","7":"product_cat-diamenty","8":"product_cat-pierscionek-z-diamentem","9":"product_cat-pierscionki","10":"product_tag-biale-zloto-14k","11":"product_tag-bizuteria-artystyczna","12":"product_tag-delikatny-pierscionek","13":"product_tag-diamenty-achtkant","14":"product_tag-minimalistyczna-elegancja","15":"product_tag-nowoczesny-pierscionek","16":"product_tag-pbd1888","17":"product_tag-stylowy-prezent","18":"pa_barwa-h-2","19":"pa_czystosc-i1","20":"pa_kamien-diamenty","21":"pa_kolor-biale","22":"pa_kruszec-zloto","23":"pa_proba-0-585","24":"pa_rozmiar-4355","25":"pa_rozmiar-2355","26":"pa_srednica-korony-ok-10mm","27":"pa_szerokosc-obraczki-ok-1-5mm","28":"pa_waga-145g","30":"first","31":"instock","32":"purchasable","33":"product-type-simple"},"aioseo_notices":[],"_links":{"self":[{"href":"https:\/\/staviori.com.pl\/de\/wp-json\/wp\/v2\/product\/15038","targetHints":{"allow":["GET"]}}],"collection":[{"href":"https:\/\/staviori.com.pl\/de\/wp-json\/wp\/v2\/product"}],"about":[{"href":"https:\/\/staviori.com.pl\/de\/wp-json\/wp\/v2\/types\/product"}],"replies":[{"embeddable":true,"href":"https:\/\/staviori.com.pl\/de\/wp-json\/wp\/v2\/comments?post=15038"}],"wp:featuredmedia":[{"embeddable":true,"href":"https:\/\/staviori.com.pl\/de\/wp-json\/wp\/v2\/media\/4661"}],"wp:attachment":[{"href":"https:\/\/staviori.com.pl\/de\/wp-json\/wp\/v2\/media?parent=15038"}],"wp:term":[{"taxonomy":"product_brand","embeddable":true,"href":"https:\/\/staviori.com.pl\/de\/wp-json\/wp\/v2\/product_brand?post=15038"},{"taxonomy":"product_cat","embeddable":true,"href":"https:\/\/staviori.com.pl\/de\/wp-json\/wp\/v2\/product_cat?post=15038"},{"taxonomy":"product_tag","embeddable":true,"href":"https:\/\/staviori.com.pl\/de\/wp-json\/wp\/v2\/product_tag?post=15038"}],"curies":[{"name":"wp","href":"https:\/\/api.w.org\/{rel}","templated":true}]}}