{"id":15020,"date":"2025-02-24T22:47:46","date_gmt":"2025-02-24T21:47:46","guid":{"rendered":"https:\/\/staviori.com.pl\/product\/bizuteria-inwestycyjna-pierscionek-pbd1684\/"},"modified":"2026-02-11T00:09:01","modified_gmt":"2026-02-10T23:09:01","slug":"bizuteria-inwestycyjna-pierscionek-pbd1684","status":"publish","type":"product","link":"https:\/\/staviori.com.pl\/de\/product\/bizuteria-inwestycyjna-pierscionek-pbd1684\/","title":{"rendered":"Exklusiver | Anlageschmuck Schlangenring mit Diamanten aus 18 Karat Gold"},"content":{"rendered":"<p>Model: DDR0557<br \/>\nWaga ok. 11,10g<\/p>\n<p>Ring.<br \/>\nWei\u00dfgold 0,750.<br \/>\n243 Diamenty, szlif brylantowy, o masie 1,67ct, barwa G-H, czysto\u015b\u0107 SI1.<br \/>\n2 Diamenty, kolor czarny, szlif brylantowy, o masie 0,03ct.<\/p>\n<p>Szeroko\u015b\u0107 35 mm.<br \/>\nH\u00f6he 4 mm.<br \/>\nSzeroko\u015b\u0107 obr\u0105czki ok. 5 mm.<\/p>\n<p>Produkt in jeder Gr\u00f6\u00dfe, nur auf Anfrage erh\u00e4ltlich, Lieferzeit ca. 5 Wochen.<\/p>","protected":false},"excerpt":{"rendered":"<p>Zjawiskowy pier\u015bcionek w formie wij\u0105cego si\u0119 w\u0119\u017ca, wykonany z 18-karatowego bia\u0142ego z\u0142ota. Jego powierzchni\u0119 zdobi a\u017c 243 l\u015bni\u0105ce brylanty o \u0142\u0105cznej masie 1,67 ct, kt\u00f3re pi\u0119knie podkre\u015blaj\u0105 unikalny kszta\u0142t bi\u017cuterii. G\u0142ow\u0119 w\u0119\u017ca akcentuj\u0105 dwa czarne diamenty, nadaj\u0105c ca\u0142o\u015bci wyrazistego charakteru i tajemniczej elegancji. To wyj\u0105tkowy pier\u015bcionek, kt\u00f3ry zachwyci mi\u0142o\u015bnik\u00f3w odwa\u017cnych, luksusowych dodatk\u00f3w.<\/p>","protected":false},"featured_media":4536,"comment_status":"closed","ping_status":"closed","template":"","meta":{"om_disable_all_campaigns":false},"product_brand":[2284],"product_cat":[1803,6741,801],"product_tag":[2658,6176,2311,6454,6448,4923,5577,4928,3747,3753,6171,6449,4733,6453,4708,6451,6455,6456,6452,6450,5668,6457],"class_list":{"0":"post-15020","1":"product","2":"type-product","3":"status-publish","4":"has-post-thumbnail","6":"product_brand-staviori","7":"product_cat-brylanty-exclusive","8":"product_cat-pierscionki-brylanty-exclusive","9":"product_cat-pierscionki","10":"product_tag-biale-zloto-750","11":"product_tag-bile-zlato-750","12":"product_tag-bizuteria-luksusowa","13":"product_tag-black-diamond-ring","14":"product_tag-ddr0557","15":"product_tag-diamantovy-prsten","16":"product_tag-diamantring","17":"product_tag-diamond-ring","18":"product_tag-luxury-jewelry","19":"product_tag-luxusni-sperky","20":"product_tag-luxusschmuck","21":"product_tag-pbd1684","22":"product_tag-pierscionek-waz","23":"product_tag-pierscionek-z-czarnymi-diamentami","24":"product_tag-pierscionek-z-diamentami","25":"product_tag-prsten-had","26":"product_tag-prsten-s-cernymi-diamanty","27":"product_tag-ring-mit-schwarzen-diamanten","28":"product_tag-ring-schlange","29":"product_tag-ring-snake","30":"product_tag-weisgold-750","31":"product_tag-white-gold-750","32":"pa_barwa-g-h","33":"pa_czystosc-si1","34":"pa_kamien-brylanty","35":"pa_kolor-biale","36":"pa_kruszec-zloto","37":"pa_motyw-waz","38":"pa_proba-0-750","39":"pa_szerokosc-35mm","40":"pa_waga-1100g","41":"pa_wysokosc-4mm","43":"first","44":"onbackorder","45":"purchasable","46":"product-type-simple"},"aioseo_notices":[],"_links":{"self":[{"href":"https:\/\/staviori.com.pl\/de\/wp-json\/wp\/v2\/product\/15020","targetHints":{"allow":["GET"]}}],"collection":[{"href":"https:\/\/staviori.com.pl\/de\/wp-json\/wp\/v2\/product"}],"about":[{"href":"https:\/\/staviori.com.pl\/de\/wp-json\/wp\/v2\/types\/product"}],"replies":[{"embeddable":true,"href":"https:\/\/staviori.com.pl\/de\/wp-json\/wp\/v2\/comments?post=15020"}],"wp:featuredmedia":[{"embeddable":true,"href":"https:\/\/staviori.com.pl\/de\/wp-json\/wp\/v2\/media\/4536"}],"wp:attachment":[{"href":"https:\/\/staviori.com.pl\/de\/wp-json\/wp\/v2\/media?parent=15020"}],"wp:term":[{"taxonomy":"product_brand","embeddable":true,"href":"https:\/\/staviori.com.pl\/de\/wp-json\/wp\/v2\/product_brand?post=15020"},{"taxonomy":"product_cat","embeddable":true,"href":"https:\/\/staviori.com.pl\/de\/wp-json\/wp\/v2\/product_cat?post=15020"},{"taxonomy":"product_tag","embeddable":true,"href":"https:\/\/staviori.com.pl\/de\/wp-json\/wp\/v2\/product_tag?post=15020"}],"curies":[{"name":"wp","href":"https:\/\/api.w.org\/{rel}","templated":true}]}}