{"id":15019,"date":"2025-02-24T22:47:46","date_gmt":"2025-02-24T21:47:46","guid":{"rendered":"https:\/\/staviori.com.pl\/product\/bizuteria-inwestycyjna-pierscionek-pbd1637\/"},"modified":"2026-02-11T00:09:01","modified_gmt":"2026-02-10T23:09:01","slug":"bizuteria-inwestycyjna-pierscionek-pbd1637","status":"publish","type":"product","link":"https:\/\/staviori.com.pl\/de\/product\/bizuteria-inwestycyjna-pierscionek-pbd1637\/","title":{"rendered":"Exklusiver | sch\u00f6ner Diamantring mit Saphir in 750er Gold"},"content":{"rendered":"<p>Model: PBD1637<br \/>\nWaga ok. 4,30g<\/p>\n<p>Ring.<br \/>\nWei\u00dfgold 0,750.<br \/>\n22 Diamenty, szlif brylantowy, o masie ok. 0,50ct, barwa G-H, czysto\u015b\u0107 SI1.<br \/>\n1 Szafir, o masie ok. 0,97ct.<\/p>\n<p>Korona 10&#215;10.5 mm.<br \/>\nWysoko\u015b\u0107 5.5 mm.<\/p>\n<p>Produkt in jeder Gr\u00f6\u00dfe, nur auf Anfrage erh\u00e4ltlich, Lieferzeit ca. 5 Wochen.<\/p>","protected":false},"excerpt":{"rendered":"<p>Ekskluzywny pier\u015bcionek z bia\u0142ego z\u0142ota pr\u00f3by 0,750, ol\u015bniewaj\u0105cy klasycznym pi\u0119knem i g\u0142\u0119bokim kolorem szafiru o masie 0,97 ct. Owalny kamie\u0144 szlachetny otoczony jest delikatn\u0105 aureol\u0105 z 22 brylant\u00f3w o \u0142\u0105cznej masie 0,50 ct, kt\u00f3re pot\u0119guj\u0105 jego blask i nadaj\u0105 ca\u0142o\u015bci elegancji. Bi\u017cuteria inspirowana stylem kr\u00f3lewskim, idealna na zar\u0119czyny lub wyj\u0105tkowy prezent. Ponadczasowa forma, kt\u00f3ra urzeka luksusem i subtelno\u015bci\u0105.<\/p>","protected":false},"featured_media":4527,"comment_status":"closed","ping_status":"closed","template":"","meta":{"om_disable_all_campaigns":false},"product_brand":[2284],"product_cat":[1803,801],"product_tag":[2278,4744,4673,2280,4745,4746,4685,3248,4747],"class_list":{"0":"post-15019","1":"product","2":"type-product","3":"status-publish","4":"has-post-thumbnail","6":"product_brand-staviori","7":"product_cat-brylanty-exclusive","8":"product_cat-pierscionki","9":"product_tag-biale-zloto-18k","10":"product_tag-dsr0056","11":"product_tag-klasyczny-pierscionek","12":"product_tag-luksusowa-bizuteria","13":"product_tag-pbd1637","14":"product_tag-pierscionek-z-brylantami","15":"product_tag-pierscionek-z-szafirem","16":"product_tag-prezent-z-szafirem","17":"product_tag-zareczynowy-z-szafirem","18":"pa_barwa-g-h","19":"pa_czystosc-si1","20":"pa_dostawca-draco","21":"pa_kamien-diamenty","22":"pa_kamien-brylanty","23":"pa_kamien-szafir","24":"pa_kolor-biale","25":"pa_korona-10x10-5mm","26":"pa_kruszec-zloto","27":"pa_proba-0-750","28":"pa_waga-430g","29":"pa_wysokosc-5-5mm","31":"first","32":"onbackorder","33":"purchasable","34":"product-type-simple"},"aioseo_notices":[],"_links":{"self":[{"href":"https:\/\/staviori.com.pl\/de\/wp-json\/wp\/v2\/product\/15019","targetHints":{"allow":["GET"]}}],"collection":[{"href":"https:\/\/staviori.com.pl\/de\/wp-json\/wp\/v2\/product"}],"about":[{"href":"https:\/\/staviori.com.pl\/de\/wp-json\/wp\/v2\/types\/product"}],"replies":[{"embeddable":true,"href":"https:\/\/staviori.com.pl\/de\/wp-json\/wp\/v2\/comments?post=15019"}],"wp:featuredmedia":[{"embeddable":true,"href":"https:\/\/staviori.com.pl\/de\/wp-json\/wp\/v2\/media\/4527"}],"wp:attachment":[{"href":"https:\/\/staviori.com.pl\/de\/wp-json\/wp\/v2\/media?parent=15019"}],"wp:term":[{"taxonomy":"product_brand","embeddable":true,"href":"https:\/\/staviori.com.pl\/de\/wp-json\/wp\/v2\/product_brand?post=15019"},{"taxonomy":"product_cat","embeddable":true,"href":"https:\/\/staviori.com.pl\/de\/wp-json\/wp\/v2\/product_cat?post=15019"},{"taxonomy":"product_tag","embeddable":true,"href":"https:\/\/staviori.com.pl\/de\/wp-json\/wp\/v2\/product_tag?post=15019"}],"curies":[{"name":"wp","href":"https:\/\/api.w.org\/{rel}","templated":true}]}}