{"id":15016,"date":"2025-02-24T22:47:41","date_gmt":"2025-02-24T21:47:41","guid":{"rendered":"https:\/\/staviori.com.pl\/product\/bizuteria-inwestycyjna-pierscionek-pbd1628\/"},"modified":"2026-02-11T00:09:00","modified_gmt":"2026-02-10T23:09:00","slug":"bizuteria-inwestycyjna-pierscionek-pbd1628","status":"publish","type":"product","link":"https:\/\/staviori.com.pl\/de\/product\/bizuteria-inwestycyjna-pierscionek-pbd1628\/","title":{"rendered":"Exklusive | Ring Ring mit schwarzen und wei\u00dfen Diamanten aus 750er Gold"},"content":{"rendered":"<p>Model: DDR0648<br \/>\nWaga ok. 5,30g<\/p>\n<p>Ring.<br \/>\nWei\u00dfgold 0,750.<br \/>\n42 Diamenty, szlif brylantowy, o masie 0,47ct, barwa G-H, czysto\u015b\u0107 SI1.<br \/>\n65 Diament\u00f3w, kolor czarny, szlif brylantowy, o masie 0,93ct.<\/p>\n<p>Szeroko\u015b\u0107 6.1 mm.<\/p>\n<p>Produkt in jeder Gr\u00f6\u00dfe, nur auf Anfrage erh\u00e4ltlich, Lieferzeit ca. 5 Wochen.<br \/>\nMasa kamieni oraz z\u0142ota mo\u017ce si\u0119 r\u00f3\u017cni\u0107 w zale\u017cno\u015bci od rozmiaru.<\/p>","protected":false},"excerpt":{"rendered":"<p>Nowoczesna elegancja i zmys\u0142owy kontrast \u2013 ten wyj\u0105tkowy pier\u015bcionek z bia\u0142ego z\u0142ota pr\u00f3by 0,750 zachwyca po\u0142\u0105czeniem bia\u0142ych i czarnych diament\u00f3w. 42 bia\u0142e brylanty o \u0142\u0105cznej masie 0,47 ct idealnie wsp\u00f3\u0142graj\u0105 z 65 czarnymi diamentami (0,93 ct), tworz\u0105c hipnotyzuj\u0105cy efekt g\u0142\u0119bi i blasku. Ponadczasowa forma i luksusowe wyko\u0144czenie czyni\u0105 ten model doskona\u0142ym wyborem dla kobiet, kt\u00f3re ceni\u0105 oryginalno\u015b\u0107 i klasyczny szyk.<\/p>","protected":false},"featured_media":4493,"comment_status":"closed","ping_status":"closed","template":"","meta":{"om_disable_all_campaigns":false},"product_brand":[2284],"product_cat":[1803,801,6741],"product_tag":[4720,2759,4716,4672,2280,4717,4718,4719,4708],"class_list":{"0":"post-15016","1":"product","2":"type-product","3":"status-publish","4":"has-post-thumbnail","6":"product_brand-staviori","7":"product_cat-brylanty-exclusive","8":"product_cat-pierscionki","9":"product_cat-pierscionki-brylanty-exclusive","10":"product_tag-biale-i-czarne-diamenty","11":"product_tag-bizuteria-z-czarnymi-diamentami","12":"product_tag-ddr0648","13":"product_tag-elegancki-pierscionek","14":"product_tag-luksusowa-bizuteria","15":"product_tag-pbd1628","16":"product_tag-pierscionek-czarne-zloto","17":"product_tag-pierscionek-kontrastowy","18":"product_tag-pierscionek-z-diamentami","19":"pa_barwa-g-h","20":"pa_czystosc-si1","21":"pa_dostawca-draco","22":"pa_kamien-biale-diamenty","23":"pa_kamien-czarne-diamenty","24":"pa_kolor-biale","25":"pa_kruszec-zloto","26":"pa_proba-0-750","27":"pa_szerokosc-6-1mm","28":"pa_waga-530g","30":"first","31":"onbackorder","32":"purchasable","33":"product-type-simple"},"aioseo_notices":[],"_links":{"self":[{"href":"https:\/\/staviori.com.pl\/de\/wp-json\/wp\/v2\/product\/15016","targetHints":{"allow":["GET"]}}],"collection":[{"href":"https:\/\/staviori.com.pl\/de\/wp-json\/wp\/v2\/product"}],"about":[{"href":"https:\/\/staviori.com.pl\/de\/wp-json\/wp\/v2\/types\/product"}],"replies":[{"embeddable":true,"href":"https:\/\/staviori.com.pl\/de\/wp-json\/wp\/v2\/comments?post=15016"}],"wp:featuredmedia":[{"embeddable":true,"href":"https:\/\/staviori.com.pl\/de\/wp-json\/wp\/v2\/media\/4493"}],"wp:attachment":[{"href":"https:\/\/staviori.com.pl\/de\/wp-json\/wp\/v2\/media?parent=15016"}],"wp:term":[{"taxonomy":"product_brand","embeddable":true,"href":"https:\/\/staviori.com.pl\/de\/wp-json\/wp\/v2\/product_brand?post=15016"},{"taxonomy":"product_cat","embeddable":true,"href":"https:\/\/staviori.com.pl\/de\/wp-json\/wp\/v2\/product_cat?post=15016"},{"taxonomy":"product_tag","embeddable":true,"href":"https:\/\/staviori.com.pl\/de\/wp-json\/wp\/v2\/product_tag?post=15016"}],"curies":[{"name":"wp","href":"https:\/\/api.w.org\/{rel}","templated":true}]}}