{"id":15015,"date":"2025-02-24T22:47:41","date_gmt":"2025-02-24T21:47:41","guid":{"rendered":"https:\/\/staviori.com.pl\/product\/bizuteria-inwestycyjna-pierscionek-pbd1627\/"},"modified":"2026-02-11T00:09:00","modified_gmt":"2026-02-10T23:09:00","slug":"bizuteria-inwestycyjna-pierscionek-pbd1627","status":"publish","type":"product","link":"https:\/\/staviori.com.pl\/de\/product\/bizuteria-inwestycyjna-pierscionek-pbd1627\/","title":{"rendered":"Exklusiver Ring mit drehbarem Ring aus 750er Gold und Diamanten"},"content":{"rendered":"<p>Model: DDR0528<br \/>\nWaga ok. 7,90g<\/p>\n<p>Ring.<br \/>\nWei\u00dfgold 0,750.<br \/>\n152 Diamenty, szlif brylantowy, o masie 1,16ct, barwa G-H, czysto\u015b\u0107 SI1.<\/p>\n<p>Szeroko\u015b\u0107 6.8 mm.<\/p>\n<p>Obr\u0105czka zewn\u0119trzna obraca si\u0119 dooko\u0142a wewn\u0119trznej.<\/p>\n<p>Das Steingewicht und der angegebene Preis beziehen sich auf die Gr\u00f6\u00dfe 13.<\/p>\n<p>Produkt in jeder Gr\u00f6\u00dfe, nur auf Anfrage erh\u00e4ltlich, Lieferzeit ca. 5 Wochen.<\/p>","protected":false},"excerpt":{"rendered":"<p>Oryginalny pier\u015bcionek z bia\u0142ego z\u0142ota pr\u00f3by 0,750 o unikalnej o\u015bmiok\u0105tnej formie, kt\u00f3ra od razu przyci\u0105ga wzrok. Bi\u017cuteria zosta\u0142a wysadzana a\u017c 152 diamentami o \u0142\u0105cznej masie 1,16 ct, l\u015bni\u0105cymi w szlifie brylantowym. Szczeg\u00f3ln\u0105 cech\u0105 pier\u015bcionka jest ruchoma, zewn\u0119trzna obr\u0105czka, kt\u00f3ra obraca si\u0119 wok\u00f3\u0142 wewn\u0119trznej cz\u0119\u015bci \u2013 po\u0142\u0105czenie elegancji z elementem nowoczesnej zabawy form\u0105. To idealny wyb\u00f3r dla m\u0119\u017cczyzn i kobiet ceni\u0105cych niebanalne projekty i kunszt jubilerski.<\/p>","protected":false},"featured_media":19290,"comment_status":"closed","ping_status":"closed","template":"","meta":{"om_disable_all_campaigns":false},"product_brand":[2284],"product_cat":[1803,6741,801],"product_tag":[2308,4713,2569,4723,4721,4722,4708,4724],"class_list":{"0":"post-15015","1":"product","2":"type-product","3":"status-publish","4":"has-post-thumbnail","6":"product_brand-staviori","7":"product_cat-brylanty-exclusive","8":"product_cat-pierscionki-brylanty-exclusive","9":"product_cat-pierscionki","10":"product_tag-biale-zloto","11":"product_tag-luksusowy-pierscionek","12":"product_tag-nowoczesna-bizuteria","13":"product_tag-obraczka-z-brylantami","14":"product_tag-pbd1627","15":"product_tag-pierscionek-obrotowy","16":"product_tag-pierscionek-z-diamentami","17":"product_tag-unikalna-bizuteria","18":"pa_barwa-g-h","19":"pa_czystosc-si1","20":"pa_dostawca-draco","21":"pa_kamien-diamenty","22":"pa_kamien-brylanty","23":"pa_kolor-biale","24":"pa_kruszec-zloto","25":"pa_proba-0-750","26":"pa_szerokosc-6-8mm","27":"pa_waga-790g","29":"first","30":"onbackorder","31":"purchasable","32":"product-type-simple"},"aioseo_notices":[],"_links":{"self":[{"href":"https:\/\/staviori.com.pl\/de\/wp-json\/wp\/v2\/product\/15015","targetHints":{"allow":["GET"]}}],"collection":[{"href":"https:\/\/staviori.com.pl\/de\/wp-json\/wp\/v2\/product"}],"about":[{"href":"https:\/\/staviori.com.pl\/de\/wp-json\/wp\/v2\/types\/product"}],"replies":[{"embeddable":true,"href":"https:\/\/staviori.com.pl\/de\/wp-json\/wp\/v2\/comments?post=15015"}],"wp:featuredmedia":[{"embeddable":true,"href":"https:\/\/staviori.com.pl\/de\/wp-json\/wp\/v2\/media\/19290"}],"wp:attachment":[{"href":"https:\/\/staviori.com.pl\/de\/wp-json\/wp\/v2\/media?parent=15015"}],"wp:term":[{"taxonomy":"product_brand","embeddable":true,"href":"https:\/\/staviori.com.pl\/de\/wp-json\/wp\/v2\/product_brand?post=15015"},{"taxonomy":"product_cat","embeddable":true,"href":"https:\/\/staviori.com.pl\/de\/wp-json\/wp\/v2\/product_cat?post=15015"},{"taxonomy":"product_tag","embeddable":true,"href":"https:\/\/staviori.com.pl\/de\/wp-json\/wp\/v2\/product_tag?post=15015"}],"curies":[{"name":"wp","href":"https:\/\/api.w.org\/{rel}","templated":true}]}}