{"id":15014,"date":"2025-02-24T22:47:41","date_gmt":"2025-02-24T21:47:41","guid":{"rendered":"https:\/\/staviori.com.pl\/product\/bizuteria-inwestycyjna-pierscionek-pbd1603\/"},"modified":"2026-02-11T00:09:00","modified_gmt":"2026-02-10T23:09:00","slug":"bizuteria-inwestycyjna-pierscionek-pbd1603","status":"publish","type":"product","link":"https:\/\/staviori.com.pl\/de\/product\/bizuteria-inwestycyjna-pierscionek-pbd1603\/","title":{"rendered":"Exklusive | blumenf\u00f6rmiger Diamantring aus 18 Karat Gold"},"content":{"rendered":"<p>Model: PBD1603<br \/>\nWaga ok. 11,90g<\/p>\n<p>Ring.<br \/>\nWei\u00dfgold 0,750.<br \/>\n260 Diament\u00f3w, szlif brylantowy, o masie ok. 2,50ct, barwa G-H, czysto\u015b\u0107 SI1.<\/p>\n<p>\u015arednica korony ok. 24 mm.<br \/>\n12 mm hoch.<\/p>\n<p>Produkt in jeder Gr\u00f6\u00dfe, nur auf Anfrage erh\u00e4ltlich, Lieferzeit ca. 5 Wochen.<\/p>","protected":false},"excerpt":{"rendered":"<p>Zjawiskowy pier\u015bcionek z bia\u0142ego z\u0142ota pr\u00f3by 0,750, kt\u00f3ry ol\u015bniewa swoj\u0105 form\u0105 i blaskiem. Przepi\u0119kny motyw przestrzennego kwiatu zosta\u0142 misternie wysadzany a\u017c 260 brylantami o \u0142\u0105cznej masie 2,54 ct. Ka\u017cdy detal tej bi\u017cuterii zachwyca \u2013 od kunsztownie uformowanych p\u0142atk\u00f3w po eleganck\u0105, podw\u00f3jn\u0105 szyn\u0119. To spektakularny pier\u015bcionek, kt\u00f3ry \u0142\u0105czy luksus z artystycznym wyrafinowaniem. Idealny dla kobiet kochaj\u0105cych unikalne i efektowne dodatki.<\/p>","protected":false},"featured_media":4465,"comment_status":"closed","ping_status":"closed","template":"","meta":{"om_disable_all_campaigns":false},"product_brand":[2284],"product_cat":[1803,6741,801],"product_tag":[2663,4714,4709,4715,4713,4710,4712,4711,4708],"class_list":{"0":"post-15014","1":"product","2":"type-product","3":"status-publish","4":"has-post-thumbnail","6":"product_brand-staviori","7":"product_cat-brylanty-exclusive","8":"product_cat-pierscionki-brylanty-exclusive","9":"product_cat-pierscionki","10":"product_tag-bizuteria-z-brylantami","11":"product_tag-brylantowy-kwiat","12":"product_tag-ddr0570","13":"product_tag-duzy-pierscionek-z-diamentami","14":"product_tag-luksusowy-pierscionek","15":"product_tag-pbd1603","16":"product_tag-pierscionek-biale-zloto","17":"product_tag-pierscionek-kwiat","18":"product_tag-pierscionek-z-diamentami","19":"pa_barwa-g-h","20":"pa_czystosc-si1","21":"pa_dostawca-draco","22":"pa_kamien-diamenty","23":"pa_kamien-brylanty","24":"pa_kolor-biale","25":"pa_kruszec-zloto","26":"pa_motyw-kwiatek","27":"pa_proba-0-750","28":"pa_srednica-korony-ok-24mm","29":"pa_waga-1190g","30":"pa_wysokosc-12mm","32":"first","33":"onbackorder","34":"purchasable","35":"product-type-simple"},"aioseo_notices":[],"_links":{"self":[{"href":"https:\/\/staviori.com.pl\/de\/wp-json\/wp\/v2\/product\/15014","targetHints":{"allow":["GET"]}}],"collection":[{"href":"https:\/\/staviori.com.pl\/de\/wp-json\/wp\/v2\/product"}],"about":[{"href":"https:\/\/staviori.com.pl\/de\/wp-json\/wp\/v2\/types\/product"}],"replies":[{"embeddable":true,"href":"https:\/\/staviori.com.pl\/de\/wp-json\/wp\/v2\/comments?post=15014"}],"wp:featuredmedia":[{"embeddable":true,"href":"https:\/\/staviori.com.pl\/de\/wp-json\/wp\/v2\/media\/4465"}],"wp:attachment":[{"href":"https:\/\/staviori.com.pl\/de\/wp-json\/wp\/v2\/media?parent=15014"}],"wp:term":[{"taxonomy":"product_brand","embeddable":true,"href":"https:\/\/staviori.com.pl\/de\/wp-json\/wp\/v2\/product_brand?post=15014"},{"taxonomy":"product_cat","embeddable":true,"href":"https:\/\/staviori.com.pl\/de\/wp-json\/wp\/v2\/product_cat?post=15014"},{"taxonomy":"product_tag","embeddable":true,"href":"https:\/\/staviori.com.pl\/de\/wp-json\/wp\/v2\/product_tag?post=15014"}],"curies":[{"name":"wp","href":"https:\/\/api.w.org\/{rel}","templated":true}]}}