{"id":15009,"date":"2025-02-24T22:47:41","date_gmt":"2025-02-24T21:47:41","guid":{"rendered":"https:\/\/staviori.com.pl\/product\/pierscionek-z-diamentem-pbd1595b\/"},"modified":"2026-02-11T00:09:00","modified_gmt":"2026-02-10T23:09:00","slug":"pierscionek-z-diamentem-pbd1595b","status":"publish","type":"product","link":"https:\/\/staviori.com.pl\/de\/product\/pierscionek-z-diamentem-pbd1595b\/","title":{"rendered":"Exklusive | Verlobungsring mit 0,25ct schwarzem Diamanten in 750 Gold"},"content":{"rendered":"<p>Model: PBD0660B<br \/>\nWaga ok. 3,70g<\/p>\n<p>Ring.<br \/>\nWei\u00dfgold 0,750.<br \/>\n1 Diament, kolor czarny, szlif brylantowy, o masie 0,25ct.<br \/>\n\u015arednica korony ok. 5mm.<br \/>\nSzeroko\u015b\u0107 obr\u0105czki ok. 3mm.<\/p>\n<p>Pier\u015bcionek zar\u0119czynowy<\/p>\n<p>Mephisto&#8230;<br \/>\nUnikalne po\u0142\u0105czenie bia\u0142ego z\u0142ota z czarnym naturalnym brylantem. Daj si\u0119 skusi\u0107 doskona\u0142ej formie mrocznego przedmiotu po\u017c\u0105dania.<br \/>\nProdukt in jeder Gr\u00f6\u00dfe, nur auf Anfrage erh\u00e4ltlich, Lieferzeit ca. 2 Wochen.<\/p>","protected":false},"excerpt":{"rendered":"<p>Model: PBD0660B Waga ok. 3,70g Pier\u015bcionek. Bia\u0142e Z\u0142oto 0,750. 1 Diament, kolor czarny, szlif brylantowy, o masie 0,25ct. \u015arednica korony ok. 5mm. Szeroko\u015b\u0107 obr\u0105czki ok. 3mm. Pier\u015bcionek zar\u0119czynowy Mephisto&#8230; Unikalne po\u0142\u0105czenie bia\u0142ego z\u0142ota z czarnym naturalnym brylantem. Daj si\u0119 skusi\u0107 doskona\u0142ej formie mrocznego przedmiotu po\u017c\u0105dania. Produkt w dowolnym rozmiarze, dost\u0119pny wy\u0142\u0105cznie na zam\u00f3wienie, czas realizacji [&#8230;]","protected":false},"featured_media":4422,"comment_status":"closed","ping_status":"closed","template":"","meta":{"om_disable_all_campaigns":false},"product_brand":[2284],"product_cat":[1803,1838,2182,801],"product_tag":[4669,2405,4036,4693,4696,4672,4694,4695,4692,4691,4668],"class_list":{"0":"post-15009","1":"product","2":"type-product","3":"status-publish","4":"has-post-thumbnail","6":"product_brand-staviori","7":"product_cat-brylanty-exclusive","8":"product_cat-diamenty","9":"product_cat-pierscionek-z-diamentem","10":"product_cat-pierscionki","11":"product_tag-biale-zloto-0-750","12":"product_tag-czarne-zloto","13":"product_tag-czarny-diament","14":"product_tag-ddr0660b","15":"product_tag-diament-0-25-ct","16":"product_tag-elegancki-pierscionek","17":"product_tag-mephisto","18":"product_tag-nietypowy-pierscionek","19":"product_tag-pbd0660b","20":"product_tag-pbd1595b","21":"product_tag-pierscionek-zareczynowy","22":"pa_kamien-czarny-diament","23":"pa_kolor-biale","24":"pa_kruszec-zloto","25":"pa_proba-0-750","26":"pa_srednica-korony-ok-5mm","27":"pa_szerokosc-obraczki-ok-3mm","28":"pa_waga-370g","30":"first","31":"onbackorder","32":"purchasable","33":"product-type-simple"},"aioseo_notices":[],"_links":{"self":[{"href":"https:\/\/staviori.com.pl\/de\/wp-json\/wp\/v2\/product\/15009","targetHints":{"allow":["GET"]}}],"collection":[{"href":"https:\/\/staviori.com.pl\/de\/wp-json\/wp\/v2\/product"}],"about":[{"href":"https:\/\/staviori.com.pl\/de\/wp-json\/wp\/v2\/types\/product"}],"replies":[{"embeddable":true,"href":"https:\/\/staviori.com.pl\/de\/wp-json\/wp\/v2\/comments?post=15009"}],"wp:featuredmedia":[{"embeddable":true,"href":"https:\/\/staviori.com.pl\/de\/wp-json\/wp\/v2\/media\/4422"}],"wp:attachment":[{"href":"https:\/\/staviori.com.pl\/de\/wp-json\/wp\/v2\/media?parent=15009"}],"wp:term":[{"taxonomy":"product_brand","embeddable":true,"href":"https:\/\/staviori.com.pl\/de\/wp-json\/wp\/v2\/product_brand?post=15009"},{"taxonomy":"product_cat","embeddable":true,"href":"https:\/\/staviori.com.pl\/de\/wp-json\/wp\/v2\/product_cat?post=15009"},{"taxonomy":"product_tag","embeddable":true,"href":"https:\/\/staviori.com.pl\/de\/wp-json\/wp\/v2\/product_tag?post=15009"}],"curies":[{"name":"wp","href":"https:\/\/api.w.org\/{rel}","templated":true}]}}