{"id":15004,"date":"2025-02-24T22:47:41","date_gmt":"2025-02-24T21:47:41","guid":{"rendered":"https:\/\/staviori.com.pl\/product\/bizuteria-inwestycyjna-pierscionek-pbd1534s\/"},"modified":"2026-02-11T00:09:00","modified_gmt":"2026-02-10T23:09:00","slug":"bizuteria-inwestycyjna-pierscionek-pbd1534s","status":"publish","type":"product","link":"https:\/\/staviori.com.pl\/de\/product\/bizuteria-inwestycyjna-pierscionek-pbd1534s\/","title":{"rendered":"Exklusiver Ring | Blume mit Saphiren und Diamanten aus 750er Gold"},"content":{"rendered":"<p>Model: DSR0249<br \/>\nGewicht ca. 3,90g<\/p>\n<p>Ring.<br \/>\nWei\u00dfgold 0,750.<br \/>\n30 Diament\u00f3w, szlif brylantowy, o masie 0,24ct, barwa G-H, czysto\u015b\u0107 SI1.<br \/>\n5 Szafir\u00f3w, o masie 1,45ct.<\/p>\n<p>Kronen-Durchmesser ca. 10 mm.<br \/>\nH\u00f6he 4 mm.<br \/>\nSzeroko\u015b\u0107 obr\u0105czki ok. 3 mm.<\/p>\n<p>Produkt w dowolnym rozmiarze, dost\u0119pny wy\u0142\u0105cznie na zam\u00f3wienie, czas realizacji ok. 4 tygodnie.<br \/>\nMo\u017cliwo\u015b\u0107 oprawienia rubin\u00f3w zamiast szafir\u00f3w.<\/p>","protected":false},"excerpt":{"rendered":"<p>Zachwycaj\u0105cy pier\u015bcionek zar\u0119czynowy wykonany z bia\u0142ego z\u0142ota pr\u00f3by 750, kt\u00f3ry ol\u015bniewa swoj\u0105 wyj\u0105tkow\u0105 kompozycj\u0105 kamieni. Centrum pier\u015bcionka zdobi kwiatowy motyw utworzony z pi\u0119ciu intensywnie niebieskich szafir\u00f3w o \u0142\u0105cznej masie 1,45 ct oraz brylantowego diamentu osadzonego po\u015brodku. Dodatkowo, obr\u0105czka zdobiona jest 30 drobnymi brylantami, kt\u00f3re subtelnie podkre\u015blaj\u0105 luksusowy charakter bi\u017cuterii. To propozycja dla kobiet ceni\u0105cych elegancj\u0119 z nut\u0105 oryginalno\u015bci.<\/p>","protected":false},"featured_media":19237,"comment_status":"closed","ping_status":"closed","template":"","meta":{"om_disable_all_campaigns":false},"product_brand":[2284],"product_cat":[1803,801,6741],"product_tag":[2308,4707,2280,4708,4685,4668,2732,3724,2810],"class_list":{"0":"post-15004","1":"product","2":"type-product","3":"status-publish","4":"has-post-thumbnail","6":"product_brand-staviori","7":"product_cat-brylanty-exclusive","8":"product_cat-pierscionki","9":"product_cat-pierscionki-brylanty-exclusive","10":"product_tag-biale-zloto","11":"product_tag-dsr0249","12":"product_tag-luksusowa-bizuteria","13":"product_tag-pierscionek-z-diamentami","14":"product_tag-pierscionek-z-szafirem","15":"product_tag-pierscionek-zareczynowy","16":"product_tag-rubiny","17":"product_tag-staviori","18":"product_tag-szafir-i-diament","19":"pa_barwa-g-h","20":"pa_czystosc-si1","21":"pa_dostawca-draco","22":"pa_kamien-diamenty","23":"pa_kamien-szafiry","24":"pa_kolor-biale","25":"pa_kruszec-zloto","26":"pa_motyw-kwiatek","27":"pa_proba-0-750","28":"pa_srednica-korony-ok-10mm","29":"pa_waga-390g","30":"pa_wysokosc-4mm","32":"first","33":"onbackorder","34":"purchasable","35":"product-type-simple"},"aioseo_notices":[],"_links":{"self":[{"href":"https:\/\/staviori.com.pl\/de\/wp-json\/wp\/v2\/product\/15004","targetHints":{"allow":["GET"]}}],"collection":[{"href":"https:\/\/staviori.com.pl\/de\/wp-json\/wp\/v2\/product"}],"about":[{"href":"https:\/\/staviori.com.pl\/de\/wp-json\/wp\/v2\/types\/product"}],"replies":[{"embeddable":true,"href":"https:\/\/staviori.com.pl\/de\/wp-json\/wp\/v2\/comments?post=15004"}],"wp:featuredmedia":[{"embeddable":true,"href":"https:\/\/staviori.com.pl\/de\/wp-json\/wp\/v2\/media\/19237"}],"wp:attachment":[{"href":"https:\/\/staviori.com.pl\/de\/wp-json\/wp\/v2\/media?parent=15004"}],"wp:term":[{"taxonomy":"product_brand","embeddable":true,"href":"https:\/\/staviori.com.pl\/de\/wp-json\/wp\/v2\/product_brand?post=15004"},{"taxonomy":"product_cat","embeddable":true,"href":"https:\/\/staviori.com.pl\/de\/wp-json\/wp\/v2\/product_cat?post=15004"},{"taxonomy":"product_tag","embeddable":true,"href":"https:\/\/staviori.com.pl\/de\/wp-json\/wp\/v2\/product_tag?post=15004"}],"curies":[{"name":"wp","href":"https:\/\/api.w.org\/{rel}","templated":true}]}}