{"id":15001,"date":"2025-02-24T22:47:41","date_gmt":"2025-02-24T21:47:41","guid":{"rendered":"https:\/\/staviori.com.pl\/product\/bizuteria-inwestycyjna-pierscionek-pbd1532\/"},"modified":"2026-02-11T00:09:00","modified_gmt":"2026-02-10T23:09:00","slug":"bizuteria-inwestycyjna-pierscionek-pbd1532","status":"publish","type":"product","link":"https:\/\/staviori.com.pl\/de\/product\/bizuteria-inwestycyjna-pierscionek-pbd1532\/","title":{"rendered":"Exklusiver | pr\u00e4chtiger Diamant-Schlangenring aus 750er Gold"},"content":{"rendered":"<p>Model: DDR0562<br \/>\nGewicht ca. 12,90g<\/p>\n<p>Ring.<br \/>\nWei\u00dfgold 0,750.<br \/>\n234 Diamenty, szlif brylantowy, o masie 1,30ct, barwa G-H, czysto\u015b\u0107 SI1.<br \/>\n2 Garnety zielone, o masie 0,05ct.<\/p>\n<p>Szeroko\u015b\u0107 45 mm.<br \/>\nH\u00f6he 4 mm.<br \/>\nSzeroko\u015b\u0107 obr\u0105czki ok. 5 mm.<\/p>\n<p>Produkt in jeder Gr\u00f6\u00dfe, nur auf Anfrage erh\u00e4ltlich, Lieferzeit ca. 5 Wochen.<\/p>","protected":false},"excerpt":{"rendered":"<p>Zachwycaj\u0105cy pier\u015bcionek w kszta\u0142cie wij\u0105cego si\u0119 w\u0119\u017ca to odwa\u017cna bi\u017cuteria dla kobiet ceni\u0105cych wyrazisty styl. Wykonany z najwy\u017cszej pr\u00f3by bia\u0142ego z\u0142ota 0,750, skrzy si\u0119 blaskiem a\u017c 234 diament\u00f3w o \u0142\u0105cznej masie 1,30 ct. Hipnotyzuj\u0105ce zielone granaty, osadzone jako oczy, dodaj\u0105 ca\u0142o\u015bci tajemniczego uroku. Pier\u015bcie\u0144 oplata palec zmys\u0142ow\u0105 form\u0105, tworz\u0105c niezwyk\u0142y efekt wizualny \u2013 idealny zar\u00f3wno do wieczorowych stylizacji, jak i jako bi\u017cuteryjne dzie\u0142o sztuki.<\/p>","protected":false},"featured_media":4343,"comment_status":"closed","ping_status":"closed","template":"","meta":{"om_disable_all_campaigns":false},"product_brand":[2284],"product_cat":[1803,801,6741],"product_tag":[2278,2907,4738,2280,4741,4739,4733,4708,4740],"class_list":{"0":"post-15001","1":"product","2":"type-product","3":"status-publish","4":"has-post-thumbnail","6":"product_brand-staviori","7":"product_cat-brylanty-exclusive","8":"product_cat-pierscionki","9":"product_cat-pierscionki-brylanty-exclusive","10":"product_tag-biale-zloto-18k","11":"product_tag-bizuteria-artystyczna","12":"product_tag-ddr0562","13":"product_tag-luksusowa-bizuteria","14":"product_tag-ozdobny-pierscionek","15":"product_tag-pbd1532","16":"product_tag-pierscionek-waz","17":"product_tag-pierscionek-z-diamentami","18":"product_tag-pierscionek-z-granatami","19":"pa_barwa-g-h","20":"pa_czystosc-si1","21":"pa_dostawca-draco","22":"pa_kamien-biale-diamenty","23":"pa_kamien-brylanty","24":"pa_kamien-garnety-zielone","25":"pa_kolor-biale","26":"pa_kruszec-zloto","27":"pa_motyw-waz","28":"pa_proba-0-750","29":"pa_szerokosc-45mm","30":"pa_waga-1190g","31":"pa_wysokosc-4mm","33":"first","34":"onbackorder","35":"purchasable","36":"product-type-simple"},"aioseo_notices":[],"_links":{"self":[{"href":"https:\/\/staviori.com.pl\/de\/wp-json\/wp\/v2\/product\/15001","targetHints":{"allow":["GET"]}}],"collection":[{"href":"https:\/\/staviori.com.pl\/de\/wp-json\/wp\/v2\/product"}],"about":[{"href":"https:\/\/staviori.com.pl\/de\/wp-json\/wp\/v2\/types\/product"}],"replies":[{"embeddable":true,"href":"https:\/\/staviori.com.pl\/de\/wp-json\/wp\/v2\/comments?post=15001"}],"wp:featuredmedia":[{"embeddable":true,"href":"https:\/\/staviori.com.pl\/de\/wp-json\/wp\/v2\/media\/4343"}],"wp:attachment":[{"href":"https:\/\/staviori.com.pl\/de\/wp-json\/wp\/v2\/media?parent=15001"}],"wp:term":[{"taxonomy":"product_brand","embeddable":true,"href":"https:\/\/staviori.com.pl\/de\/wp-json\/wp\/v2\/product_brand?post=15001"},{"taxonomy":"product_cat","embeddable":true,"href":"https:\/\/staviori.com.pl\/de\/wp-json\/wp\/v2\/product_cat?post=15001"},{"taxonomy":"product_tag","embeddable":true,"href":"https:\/\/staviori.com.pl\/de\/wp-json\/wp\/v2\/product_tag?post=15001"}],"curies":[{"name":"wp","href":"https:\/\/api.w.org\/{rel}","templated":true}]}}