{"id":14999,"date":"2025-02-24T22:47:41","date_gmt":"2025-02-24T21:47:41","guid":{"rendered":"https:\/\/staviori.com.pl\/product\/pierscionek-z-diamentem-pbd1411\/"},"modified":"2026-02-11T00:09:00","modified_gmt":"2026-02-10T23:09:00","slug":"pierscionek-z-diamentem-pbd1411","status":"publish","type":"product","link":"https:\/\/staviori.com.pl\/de\/product\/pierscionek-z-diamentem-pbd1411\/","title":{"rendered":"Wei\u00dfgoldring mit 0,10ct Diamant"},"content":{"rendered":"<p>Modell: PBD1411<br \/>\nGewicht ca. 1,20g<\/p>\n<p>Ring.<br \/>\nWei\u00dfgold 0,585.<br \/>\n1 Diamant, Brillantschliff, Gewicht 0,10ct, Farbe H, Reinheit SI1.<\/p>\n<p>Kronen-Durchmesser ca. 4 mm.<br \/>\n2 mm hoch.<\/p>\n<p>Kann auch in einer anderen Goldfarbe hergestellt werden.<br \/>\nAuf Bestellung erh\u00e4ltlich - Vorlaufzeit ca. 2 Wochen.<\/p>","protected":false},"excerpt":{"rendered":"<p>Ein atemberaubender Verlobungsring aus 0,585er Wei\u00dfgold mit einer subtilen Linie, die sich um einen funkelnden 0,10-kar\u00e4tigen Diamanten windet. Die moderne Form mit einer leicht gewellten Schiene verleiht dem ganzen St\u00fcck einen zarten und doch unverwechselbaren Charakter. Der Stein, der so gefasst ist, dass er im Licht voll zur Geltung kommt, verleiht dem Ganzen eine au\u00dfergew\u00f6hnliche Brillanz. Eine ideale Wahl f\u00fcr Frauen, die Minimalismus und Eleganz in einem sch\u00e4tzen.<\/p>","protected":false},"featured_media":4312,"comment_status":"closed","ping_status":"closed","template":"","meta":{"om_disable_all_campaigns":false},"product_brand":[2284],"product_cat":[1838,2182,801],"product_tag":[2300,4436,4742,2569,4668,2291,4743],"class_list":{"0":"post-14999","1":"product","2":"type-product","3":"status-publish","4":"has-post-thumbnail","6":"product_brand-staviori","7":"product_cat-diamenty","8":"product_cat-pierscionek-z-diamentem","9":"product_cat-pierscionki","10":"product_tag-biale-zloto-14k","11":"product_tag-bizuteria-z-diamentem","12":"product_tag-diament-0-10-ct","13":"product_tag-nowoczesna-bizuteria","14":"product_tag-pierscionek-zareczynowy","15":"product_tag-prezent-dla-niej","16":"product_tag-subtelny-pierscionek","17":"pa_barwa-h-2","18":"pa_czystosc-si1-si2","19":"pa_kamien-brylant","20":"pa_kamien-diament","21":"pa_kolor-biale","22":"pa_kruszec-zloto","23":"pa_proba-0-585","24":"pa_srednica-korony-ok-4mm","25":"pa_waga-120g","26":"pa_wysokosc-2mm","28":"first","29":"instock","30":"purchasable","31":"product-type-simple"},"aioseo_notices":[],"_links":{"self":[{"href":"https:\/\/staviori.com.pl\/de\/wp-json\/wp\/v2\/product\/14999","targetHints":{"allow":["GET"]}}],"collection":[{"href":"https:\/\/staviori.com.pl\/de\/wp-json\/wp\/v2\/product"}],"about":[{"href":"https:\/\/staviori.com.pl\/de\/wp-json\/wp\/v2\/types\/product"}],"replies":[{"embeddable":true,"href":"https:\/\/staviori.com.pl\/de\/wp-json\/wp\/v2\/comments?post=14999"}],"wp:featuredmedia":[{"embeddable":true,"href":"https:\/\/staviori.com.pl\/de\/wp-json\/wp\/v2\/media\/4312"}],"wp:attachment":[{"href":"https:\/\/staviori.com.pl\/de\/wp-json\/wp\/v2\/media?parent=14999"}],"wp:term":[{"taxonomy":"product_brand","embeddable":true,"href":"https:\/\/staviori.com.pl\/de\/wp-json\/wp\/v2\/product_brand?post=14999"},{"taxonomy":"product_cat","embeddable":true,"href":"https:\/\/staviori.com.pl\/de\/wp-json\/wp\/v2\/product_cat?post=14999"},{"taxonomy":"product_tag","embeddable":true,"href":"https:\/\/staviori.com.pl\/de\/wp-json\/wp\/v2\/product_tag?post=14999"}],"curies":[{"name":"wp","href":"https:\/\/api.w.org\/{rel}","templated":true}]}}