{"id":14997,"date":"2025-02-24T22:47:36","date_gmt":"2025-02-24T21:47:36","guid":{"rendered":"https:\/\/staviori.com.pl\/product\/bizuteria-inwestycyjna-pierscionek-pbd1184\/"},"modified":"2026-02-11T00:09:00","modified_gmt":"2026-02-10T23:09:00","slug":"bizuteria-inwestycyjna-pierscionek-pbd1184","status":"publish","type":"product","link":"https:\/\/staviori.com.pl\/de\/product\/bizuteria-inwestycyjna-pierscionek-pbd1184\/","title":{"rendered":"Exklusiver Ring in Schlangenform mit Diamanten aus Wei\u00dfgold 750"},"content":{"rendered":"<p>Model: DDR0529<br \/>\nWaga ok. 4,80g<\/p>\n<p>Ring.<br \/>\nWei\u00dfgold 0,750.<br \/>\n69 Diament\u00f3w, szlif brylantowy, o masie 0,30ct, barwa G-H, czysto\u015b\u0107 SI1.<\/p>\n<p>Szeroko\u015b\u0107 30 mm.<br \/>\nWysoko\u015b\u0107 3 mm.<br \/>\nSzeroko\u015b\u0107 obr\u0105czki ok. 5 mm.<\/p>\n<p>Produkt in jeder Gr\u00f6\u00dfe, nur auf Anfrage erh\u00e4ltlich, Lieferzeit ca. 5 Wochen.<\/p>","protected":false},"excerpt":{"rendered":"<p>Nowoczesny i niezwykle oryginalny pier\u015bcionek z bia\u0142ego z\u0142ota pr\u00f3by 0,750, inspirowany kszta\u0142tem zmys\u0142owego w\u0119\u017ca. Jego otulaj\u0105ca form\u0119 konstrukcja ozdobiona zosta\u0142a a\u017c 69 l\u015bni\u0105cymi diamentami, kt\u00f3re tworz\u0105 ol\u015bniewaj\u0105c\u0105 gr\u0119 \u015bwiat\u0142a. To wyrazisty i luksusowy dodatek, kt\u00f3ry idealnie podkre\u015bli odwa\u017cny styl i pewno\u015b\u0107 siebie. Dla kobiet, kt\u00f3re kochaj\u0105 bi\u017cuteri\u0119 z charakterem.<\/p>","protected":false},"featured_media":19358,"comment_status":"closed","ping_status":"closed","template":"","meta":{"om_disable_all_campaigns":false},"product_brand":[2284],"product_cat":[1803,801,6741],"product_tag":[2658,4779,4480,4713,4780,4781,4733],"class_list":{"0":"post-14997","1":"product","2":"type-product","3":"status-publish","4":"has-post-thumbnail","6":"product_brand-staviori","7":"product_cat-brylanty-exclusive","8":"product_cat-pierscionki","9":"product_cat-pierscionki-brylanty-exclusive","10":"product_tag-biale-zloto-750","11":"product_tag-ddr0529","12":"product_tag-designerska-bizuteria","13":"product_tag-luksusowy-pierscionek","14":"product_tag-pierscionek-diamentowy","15":"product_tag-pierscionek-na-zamowienie","16":"product_tag-pierscionek-waz","17":"pa_barwa-g-h","18":"pa_czystosc-si1","19":"pa_dostawca-draco","20":"pa_kamien-biale-diamenty","21":"pa_kamien-brylanty","22":"pa_kolor-biale","23":"pa_kruszec-zloto","24":"pa_motyw-waz","25":"pa_proba-0-750","26":"pa_szerokosc-30mm","27":"pa_waga-480g","28":"pa_wysokosc-3mm","30":"first","31":"onbackorder","32":"purchasable","33":"product-type-simple"},"aioseo_notices":[],"_links":{"self":[{"href":"https:\/\/staviori.com.pl\/de\/wp-json\/wp\/v2\/product\/14997","targetHints":{"allow":["GET"]}}],"collection":[{"href":"https:\/\/staviori.com.pl\/de\/wp-json\/wp\/v2\/product"}],"about":[{"href":"https:\/\/staviori.com.pl\/de\/wp-json\/wp\/v2\/types\/product"}],"replies":[{"embeddable":true,"href":"https:\/\/staviori.com.pl\/de\/wp-json\/wp\/v2\/comments?post=14997"}],"wp:featuredmedia":[{"embeddable":true,"href":"https:\/\/staviori.com.pl\/de\/wp-json\/wp\/v2\/media\/19358"}],"wp:attachment":[{"href":"https:\/\/staviori.com.pl\/de\/wp-json\/wp\/v2\/media?parent=14997"}],"wp:term":[{"taxonomy":"product_brand","embeddable":true,"href":"https:\/\/staviori.com.pl\/de\/wp-json\/wp\/v2\/product_brand?post=14997"},{"taxonomy":"product_cat","embeddable":true,"href":"https:\/\/staviori.com.pl\/de\/wp-json\/wp\/v2\/product_cat?post=14997"},{"taxonomy":"product_tag","embeddable":true,"href":"https:\/\/staviori.com.pl\/de\/wp-json\/wp\/v2\/product_tag?post=14997"}],"curies":[{"name":"wp","href":"https:\/\/api.w.org\/{rel}","templated":true}]}}