{"id":14995,"date":"2025-02-24T22:47:36","date_gmt":"2025-02-24T21:47:36","guid":{"rendered":"https:\/\/staviori.com.pl\/product\/pierscionek-z-diamentem-pbd1170\/"},"modified":"2026-02-11T00:09:46","modified_gmt":"2026-02-10T23:09:46","slug":"pierscionek-z-diamentem-pbd1000r","status":"publish","type":"product","link":"https:\/\/staviori.com.pl\/de\/product\/pierscionek-z-diamentem-pbd1000r\/","title":{"rendered":"H\u00fcbscher Blumenring mit Rubinen und Diamanten aus Wei\u00dfgold"},"content":{"rendered":"<p>Model: PBD1000R<br \/>\nWaga ok. 1,75g<\/p>\n<p>Ring.<br \/>\nWei\u00dfgold 0,585.<br \/>\n1 Diamant, Brillantschliff, Gewicht 0,005ct, Farbe H, Reinheit I1.<br \/>\n6 Rubin\u00f3w, o masie 0,20ct.<\/p>\n<p>\u015arednica korony ok. 7 mm.<br \/>\nWysoko\u015b\u0107 3.1 mm.<\/p>\n<p>Szeroko\u015b\u0107 obr\u0105czki ok. 1.65 mm.<\/p>","protected":false},"excerpt":{"rendered":"<p>Subtelny i urzekaj\u0105cy pier\u015bcionek z bia\u0142ego z\u0142ota, kt\u00f3rego serce zdobi kwiatowa kompozycja z sze\u015bciu intensywnie czerwonych rubin\u00f3w i drobnego diamentu w centrum. Finezyjna forma oraz harmonijne po\u0142\u0105czenie szlachetnych kamieni sprawiaj\u0105, \u017ce ten model emanuje romantyzmem i delikatno\u015bci\u0105. Idealny wyb\u00f3r dla kobiet ceni\u0105cych klasyczn\u0105 elegancj\u0119 z nut\u0105 koloru.<\/p>","protected":false},"featured_media":19343,"comment_status":"closed","ping_status":"closed","template":"","meta":{"om_disable_all_campaigns":false},"product_brand":[2284],"product_cat":[1838,2182,801],"product_tag":[3252,4672,4772,4769,4768,4773,4767,4770,4771],"class_list":{"0":"post-14995","1":"product","2":"type-product","3":"status-publish","4":"has-post-thumbnail","6":"product_brand-staviori","7":"product_cat-diamenty","8":"product_cat-pierscionek-z-diamentem","9":"product_cat-pierscionki","10":"product_tag-bizuteria-z-rubinem","11":"product_tag-elegancki-pierscionek","12":"product_tag-kwiatowy-pierscionek","13":"product_tag-pbd1000r","14":"product_tag-pbd1170","15":"product_tag-pierscionek-dla-niej","16":"product_tag-pierscionek-z-bialego-zlota","17":"product_tag-pierscionek-z-rubinami","18":"product_tag-zloty-pierscionek-z-diamentem","19":"pa_barwa-h-2","20":"pa_czystosc-i1","21":"pa_dostawca-estrella","22":"pa_kamien-diament","23":"pa_kamien-rubiny","24":"pa_kolor-biale","25":"pa_kruszec-zloto","26":"pa_motyw-kwiatek","27":"pa_proba-0-585","28":"pa_rozmiar-2351","29":"pa_rozmiar-2352","30":"pa_rozmiar-2353","31":"pa_rozmiar-2354","32":"pa_rozmiar-2355","33":"pa_srednica-korony-ok-7mm","34":"pa_waga-175g","35":"pa_wysokosc-3-1mm","37":"first","38":"instock","39":"purchasable","40":"product-type-variable"},"aioseo_notices":[],"_links":{"self":[{"href":"https:\/\/staviori.com.pl\/de\/wp-json\/wp\/v2\/product\/14995","targetHints":{"allow":["GET"]}}],"collection":[{"href":"https:\/\/staviori.com.pl\/de\/wp-json\/wp\/v2\/product"}],"about":[{"href":"https:\/\/staviori.com.pl\/de\/wp-json\/wp\/v2\/types\/product"}],"replies":[{"embeddable":true,"href":"https:\/\/staviori.com.pl\/de\/wp-json\/wp\/v2\/comments?post=14995"}],"wp:featuredmedia":[{"embeddable":true,"href":"https:\/\/staviori.com.pl\/de\/wp-json\/wp\/v2\/media\/19343"}],"wp:attachment":[{"href":"https:\/\/staviori.com.pl\/de\/wp-json\/wp\/v2\/media?parent=14995"}],"wp:term":[{"taxonomy":"product_brand","embeddable":true,"href":"https:\/\/staviori.com.pl\/de\/wp-json\/wp\/v2\/product_brand?post=14995"},{"taxonomy":"product_cat","embeddable":true,"href":"https:\/\/staviori.com.pl\/de\/wp-json\/wp\/v2\/product_cat?post=14995"},{"taxonomy":"product_tag","embeddable":true,"href":"https:\/\/staviori.com.pl\/de\/wp-json\/wp\/v2\/product_tag?post=14995"}],"curies":[{"name":"wp","href":"https:\/\/api.w.org\/{rel}","templated":true}]}}