{"id":14994,"date":"2025-02-24T22:47:36","date_gmt":"2025-02-24T21:47:36","guid":{"rendered":"https:\/\/staviori.com.pl\/product\/bizuteria-inwestycyjna-pierscionek-pbd11572\/"},"modified":"2026-02-11T00:09:00","modified_gmt":"2026-02-10T23:09:00","slug":"bizuteria-inwestycyjna-pierscionek-pbd11572","status":"publish","type":"product","link":"https:\/\/staviori.com.pl\/de\/product\/bizuteria-inwestycyjna-pierscionek-pbd11572\/","title":{"rendered":"Exklusive | Ring mit 2ct Diamant in 18 Karat Gold"},"content":{"rendered":"<p>Modell: DDR06620<br \/>\nGewicht ca. 5,50g<\/p>\n<p>Ring.<br \/>\nWei\u00df-, Gelb- oder Ros\u00e9gold 0,750.<br \/>\n1 Diamant, Brillantschliff, Gewicht 2,00ct, Farbe G, Reinheit SI1.<\/p>\n<p>Kronen-Durchmesser ca. 10 mm.<br \/>\nH\u00f6he 8 mm.<\/p>\n<p>Internationales Zertifikat.<br \/>\nDie Farbe des Goldes, die Gr\u00f6\u00dfe und die genauen Parameter des Diamanten sind bei der Bestellung zu bestimmen.<br \/>\nProdukt in jeder Gr\u00f6\u00dfe, nur auf Anfrage erh\u00e4ltlich, Lieferzeit ca. 5 Wochen.<\/p>","protected":false},"excerpt":{"rendered":"<p>Ph\u00e4nomenaler Verlobungsring aus hochwertigem Wei\u00dfgold 0,750. In der Mitte der Komposition ist ein beeindruckender Diamant mit einem Gewicht von 2,00 ct gefasst, der durch seine Reinheit und Farbe G besticht. Die klassische Fassung mit sechs Zargenf\u00fc\u00dfen hebt die Sch\u00f6nheit des Steins subtil hervor und gibt ihm Raum, um maximal zu gl\u00e4nzen. Ein luxuri\u00f6ses Angebot f\u00fcr eine au\u00dfergew\u00f6hnliche Frau - ein Symbol f\u00fcr dauerhafte Liebe und Eleganz in ihrer reinsten Form.<\/p>","protected":false},"featured_media":19334,"comment_status":"closed","ping_status":"closed","template":"","meta":{"om_disable_all_campaigns":false},"product_brand":[2284],"product_cat":[1803,6741,801],"product_tag":[4703,4674,4765,4766,4673,2280,4767,4668],"class_list":{"0":"post-14994","1":"product","2":"type-product","3":"status-publish","4":"has-post-thumbnail","6":"product_brand-staviori","7":"product_cat-brylanty-exclusive","8":"product_cat-pierscionki-brylanty-exclusive","9":"product_cat-pierscionki","10":"product_tag-bialy-diament","11":"product_tag-bizuteria-zareczynowa","12":"product_tag-ddr06620","13":"product_tag-diament-2ct","14":"product_tag-klasyczny-pierscionek","15":"product_tag-luksusowa-bizuteria","16":"product_tag-pierscionek-z-bialego-zlota","17":"product_tag-pierscionek-zareczynowy","18":"pa_barwa-g-2","19":"pa_czystosc-si1","20":"pa_dostawca-draco","21":"pa_kamien-brylant","22":"pa_kamien-diament","23":"pa_kolor-biale","24":"pa_kruszec-zloto","25":"pa_proba-0-750","26":"pa_srednica-korony-ok-10mm","27":"pa_waga-550g","28":"pa_wysokosc-8mm","30":"first","31":"onbackorder","32":"purchasable","33":"product-type-simple"},"aioseo_notices":[],"_links":{"self":[{"href":"https:\/\/staviori.com.pl\/de\/wp-json\/wp\/v2\/product\/14994","targetHints":{"allow":["GET"]}}],"collection":[{"href":"https:\/\/staviori.com.pl\/de\/wp-json\/wp\/v2\/product"}],"about":[{"href":"https:\/\/staviori.com.pl\/de\/wp-json\/wp\/v2\/types\/product"}],"replies":[{"embeddable":true,"href":"https:\/\/staviori.com.pl\/de\/wp-json\/wp\/v2\/comments?post=14994"}],"wp:featuredmedia":[{"embeddable":true,"href":"https:\/\/staviori.com.pl\/de\/wp-json\/wp\/v2\/media\/19334"}],"wp:attachment":[{"href":"https:\/\/staviori.com.pl\/de\/wp-json\/wp\/v2\/media?parent=14994"}],"wp:term":[{"taxonomy":"product_brand","embeddable":true,"href":"https:\/\/staviori.com.pl\/de\/wp-json\/wp\/v2\/product_brand?post=14994"},{"taxonomy":"product_cat","embeddable":true,"href":"https:\/\/staviori.com.pl\/de\/wp-json\/wp\/v2\/product_cat?post=14994"},{"taxonomy":"product_tag","embeddable":true,"href":"https:\/\/staviori.com.pl\/de\/wp-json\/wp\/v2\/product_tag?post=14994"}],"curies":[{"name":"wp","href":"https:\/\/api.w.org\/{rel}","templated":true}]}}