{"id":14992,"date":"2025-02-24T22:47:36","date_gmt":"2025-02-24T21:47:36","guid":{"rendered":"https:\/\/staviori.com.pl\/product\/pierscionek-z-diamentem-pbd0759\/"},"modified":"2026-02-11T00:09:00","modified_gmt":"2026-02-10T23:09:00","slug":"pierscionek-z-diamentem-pbd0759","status":"publish","type":"product","link":"https:\/\/staviori.com.pl\/de\/product\/pierscionek-z-diamentem-pbd0759\/","title":{"rendered":"Wei\u00dfgoldring mit Diamanten und Baguette-Diamanten"},"content":{"rendered":"<p>Model: PBD1182<br \/>\nWaga ok. 2,70g<\/p>\n<p>Ring.<br \/>\nWei\u00dfgold 0,585.<br \/>\n42 Diamenty, szlif brylantowy, o masie 0,26ct, barwa H-J, czysto\u015b\u0107 SI2-I1.<br \/>\n25 Diament\u00f3w, szlif bagieta, o masie 0,25ct, barwa H-J, czysto\u015b\u0107 SI1-SI2.<\/p>\n<p>Szeroko\u015b\u0107 obr\u0105czki ok. 2.0-4.3 mm.<br \/>\nWysoko\u015b\u0107 2.80 mm.<\/p>\n<p>Produkt in jeder Gr\u00f6\u00dfe, nur auf Anfrage erh\u00e4ltlich, Lieferzeit ca. 5 Wochen.<\/p>","protected":false},"excerpt":{"rendered":"<p>Ol\u015bniewaj\u0105cy pier\u015bcionek z bia\u0142ego z\u0142ota pr\u00f3by 0,585 to luksusowa propozycja dla mi\u0142o\u015bniczek wyrazistej bi\u017cuterii. Trzy rz\u0119dy doskonale osadzonych diament\u00f3w \u2013 brylantowych i w szlifie bagietkowym \u2013 tworz\u0105 efektown\u0105, l\u015bni\u0105c\u0105 kompozycj\u0119. Precyzyjne wykonanie i harmonijna forma sprawiaj\u0105, \u017ce pier\u015bcionek przyci\u0105ga spojrzenia i zachwyca elegancj\u0105. Idealny wyb\u00f3r na specjalne okazje lub jako wyj\u0105tkowy prezent.<\/p>","protected":false},"featured_media":19377,"comment_status":"closed","ping_status":"closed","template":"","meta":{"om_disable_all_campaigns":false},"product_brand":[2284],"product_cat":[1838,2182,801],"product_tag":[4807,2880,4672,2280,4806,4809,4746,4708,4808],"class_list":{"0":"post-14992","1":"product","2":"type-product","3":"status-publish","4":"has-post-thumbnail","6":"product_brand-staviori","7":"product_cat-diamenty","8":"product_cat-pierscionek-z-diamentem","9":"product_cat-pierscionki","10":"product_tag-biale-zloto-585","11":"product_tag-bizuteria-na-prezent","12":"product_tag-elegancki-pierscionek","13":"product_tag-luksusowa-bizuteria","14":"product_tag-pbd1182","15":"product_tag-pierscionek-staviori","16":"product_tag-pierscionek-z-brylantami","17":"product_tag-pierscionek-z-diamentami","18":"product_tag-szlif-bagietkowy","19":"pa_barwa-h-j","20":"pa_czystosc-si1-i1-2","21":"pa_dostawca-estrella","22":"pa_kamien-brylanty","23":"pa_kamien-diamenty-bagietowe","24":"pa_kolor-biale","25":"pa_kruszec-zloto","26":"pa_proba-0-585","27":"pa_szerokosc-4-5mm","28":"pa_waga-270g","30":"first","31":"onbackorder","32":"purchasable","33":"product-type-simple"},"aioseo_notices":[],"_links":{"self":[{"href":"https:\/\/staviori.com.pl\/de\/wp-json\/wp\/v2\/product\/14992","targetHints":{"allow":["GET"]}}],"collection":[{"href":"https:\/\/staviori.com.pl\/de\/wp-json\/wp\/v2\/product"}],"about":[{"href":"https:\/\/staviori.com.pl\/de\/wp-json\/wp\/v2\/types\/product"}],"replies":[{"embeddable":true,"href":"https:\/\/staviori.com.pl\/de\/wp-json\/wp\/v2\/comments?post=14992"}],"wp:featuredmedia":[{"embeddable":true,"href":"https:\/\/staviori.com.pl\/de\/wp-json\/wp\/v2\/media\/19377"}],"wp:attachment":[{"href":"https:\/\/staviori.com.pl\/de\/wp-json\/wp\/v2\/media?parent=14992"}],"wp:term":[{"taxonomy":"product_brand","embeddable":true,"href":"https:\/\/staviori.com.pl\/de\/wp-json\/wp\/v2\/product_brand?post=14992"},{"taxonomy":"product_cat","embeddable":true,"href":"https:\/\/staviori.com.pl\/de\/wp-json\/wp\/v2\/product_cat?post=14992"},{"taxonomy":"product_tag","embeddable":true,"href":"https:\/\/staviori.com.pl\/de\/wp-json\/wp\/v2\/product_tag?post=14992"}],"curies":[{"name":"wp","href":"https:\/\/api.w.org\/{rel}","templated":true}]}}