{"id":14989,"date":"2025-02-24T22:47:36","date_gmt":"2025-02-24T21:47:36","guid":{"rendered":"https:\/\/staviori.com.pl\/product\/pierscionek-z-diamentem-pbd0660\/"},"modified":"2026-02-11T00:09:00","modified_gmt":"2026-02-10T23:09:00","slug":"pierscionek-z-diamentem-pbd0660","status":"publish","type":"product","link":"https:\/\/staviori.com.pl\/de\/product\/pierscionek-z-diamentem-pbd0660\/","title":{"rendered":"Exklusive | Verlobungsring 0,25ct G\/Si in Wei\u00dfgold 750"},"content":{"rendered":"<p>Model: PBD0660<br \/>\nGewicht ca. 3,90g<\/p>\n<p>Pier\u015bcionek zar\u0119czynowy<br \/>\nWei\u00dfgold 0,750.<br \/>\n1 Diament, szlif brylantowy, o masie 0,25ct, barwa G, czysto\u015b\u0107 Si.<\/p>\n<p>\u015arednica korony ok. 4.50 mm.<br \/>\nSzeroko\u015b\u0107 obr\u0105czki ok. 2.90 mm.<\/p>\n<p>Dost\u0119pny na zam\u00f3wienie &#8211; termin realizacji oko\u0142o 1 tydzie\u0144.<\/p>","protected":false},"excerpt":{"rendered":"<p>Ol\u015bniewaj\u0105cy pier\u015bcionek zar\u0119czynowy wykonany z bia\u0142ego z\u0142ota pr\u00f3by 0,750 to ponadczasowa klasyka w nowoczesnym wydaniu. Centralnym punktem kompozycji jest brylant o masie 0,25ct, barwie G i czysto\u015bci Si, osadzony w eleganckim, sze\u015bcioramiennym szatonie, kt\u00f3ry podkre\u015bla jego naturalny blask. Smuk\u0142a obr\u0105czka o szeroko\u015bci 2,9 mm subtelnie otacza kamie\u0144, tworz\u0105c harmonijn\u0105 i niezwykle kobiec\u0105 ca\u0142o\u015b\u0107. Doskona\u0142y wyb\u00f3r na najwa\u017cniejsze pytanie w \u017cyciu.<\/p>","protected":false},"featured_media":4207,"comment_status":"closed","ping_status":"closed","template":"","meta":{"om_disable_all_campaigns":false},"product_brand":[2284],"product_cat":[1803,1838,2182,801,6741],"product_tag":[4669,4675,4674,4670,4671,4672,4673,4667,4668],"class_list":{"0":"post-14989","1":"product","2":"type-product","3":"status-publish","4":"has-post-thumbnail","6":"product_brand-staviori","7":"product_cat-brylanty-exclusive","8":"product_cat-diamenty","9":"product_cat-pierscionek-z-diamentem","10":"product_cat-pierscionki","11":"product_cat-pierscionki-brylanty-exclusive","12":"product_tag-biale-zloto-0-750","13":"product_tag-biale-zloto-z-brylantem","14":"product_tag-bizuteria-zareczynowa","15":"product_tag-brylant-0-25-ct","16":"product_tag-diament-g-si1","17":"product_tag-elegancki-pierscionek","18":"product_tag-klasyczny-pierscionek","19":"product_tag-pbd0660","20":"product_tag-pierscionek-zareczynowy","21":"pa_barwa-g-2","22":"pa_czystosc-si1","23":"pa_dostawca-draco","24":"pa_dostawca-odlewnia-malicki","25":"pa_kamien-brylant","26":"pa_kamien-diament","27":"pa_kolor-biale","28":"pa_kruszec-zloto","29":"pa_okazja-idealne-na-zareczyny","30":"pa_proba-0-750","31":"pa_srednica-korony-ok-4-50mm","32":"pa_szerokosc-obraczki-ok-2-90mm","33":"pa_waga-390g","35":"first","36":"onbackorder","37":"sale","38":"purchasable","39":"product-type-simple"},"aioseo_notices":[],"_links":{"self":[{"href":"https:\/\/staviori.com.pl\/de\/wp-json\/wp\/v2\/product\/14989","targetHints":{"allow":["GET"]}}],"collection":[{"href":"https:\/\/staviori.com.pl\/de\/wp-json\/wp\/v2\/product"}],"about":[{"href":"https:\/\/staviori.com.pl\/de\/wp-json\/wp\/v2\/types\/product"}],"replies":[{"embeddable":true,"href":"https:\/\/staviori.com.pl\/de\/wp-json\/wp\/v2\/comments?post=14989"}],"wp:featuredmedia":[{"embeddable":true,"href":"https:\/\/staviori.com.pl\/de\/wp-json\/wp\/v2\/media\/4207"}],"wp:attachment":[{"href":"https:\/\/staviori.com.pl\/de\/wp-json\/wp\/v2\/media?parent=14989"}],"wp:term":[{"taxonomy":"product_brand","embeddable":true,"href":"https:\/\/staviori.com.pl\/de\/wp-json\/wp\/v2\/product_brand?post=14989"},{"taxonomy":"product_cat","embeddable":true,"href":"https:\/\/staviori.com.pl\/de\/wp-json\/wp\/v2\/product_cat?post=14989"},{"taxonomy":"product_tag","embeddable":true,"href":"https:\/\/staviori.com.pl\/de\/wp-json\/wp\/v2\/product_tag?post=14989"}],"curies":[{"name":"wp","href":"https:\/\/api.w.org\/{rel}","templated":true}]}}