{"id":14930,"date":"2025-02-24T22:47:28","date_gmt":"2025-02-24T21:47:28","guid":{"rendered":"https:\/\/staviori.com.pl\/product\/zlote-naszyjniki-nzg6463\/"},"modified":"2026-02-11T00:08:59","modified_gmt":"2026-02-10T23:08:59","slug":"zlote-naszyjniki-nzg6463","status":"publish","type":"product","link":"https:\/\/staviori.com.pl\/de\/product\/zlote-naszyjniki-nzg6463\/","title":{"rendered":"Gold zarte Halskette - feierliche Fu\u00dfkettchen - 42cm"},"content":{"rendered":"<p>Model: NZG6463<br \/>\nGewicht ca. 1,50g<\/p>\n<p>Halskette 42 cm.<br \/>\nGelbgold 0,585.<br \/>\n0,6 mm breit.<br \/>\n\u015arednica kulki 1 mm.<\/p>\n<p>Precyzyjnie wykonany z\u0142oty naszyjnik pr\u00f3by 585. Naszyjnik splot ankier ze \u015blicznymi, delikatnymi kosteczkami.<\/p>","protected":false},"excerpt":{"rendered":"<p>Subtelny naszyjnik z \u017c\u00f3\u0142tego z\u0142ota pr\u00f3by 0,585 zachwyca precyzyjnym wykonaniem i minimalistycznym charakterem. Delikatny splot typu ankier zosta\u0142 ozdobiony male\u0144kimi kosteczkami, kt\u00f3re odbijaj\u0105 \u015bwiat\u0142o i nadaj\u0105 bi\u017cuterii wyj\u0105tkowego uroku. Doskonale sprawdzi si\u0119 jako samodzielna ozdoba lub w po\u0142\u0105czeniu z innymi naszyjnikami w stylu warstwowym. Idealny wyb\u00f3r na co dzie\u0144 dla kobiet ceni\u0105cych dyskretn\u0105 elegancj\u0119.<\/p>\n<p>EN:<\/p>","protected":false},"featured_media":14931,"comment_status":"closed","ping_status":"closed","template":"","meta":{"om_disable_all_campaigns":false},"product_brand":[2284],"product_cat":[719,2128,1930],"product_tag":[4614,4615,2565,2384,4613,4609,4612,4616,2522],"class_list":{"0":"post-14930","1":"product","2":"type-product","3":"status-publish","4":"has-post-thumbnail","6":"product_brand-staviori","7":"product_cat-naszyjniki","8":"product_cat-zlote-naszyjniki","9":"product_cat-zloto-2","10":"product_tag-cienki-naszyjnik","11":"product_tag-codzienna-elegancja","12":"product_tag-delikatna-bizuteria","13":"product_tag-minimalistyczna-bizuteria","14":"product_tag-naszyjnik-ankier","15":"product_tag-naszyjnik-zloto-0-585","16":"product_tag-nzg6463","17":"product_tag-zloty-naszyjnik-z-kostkami","18":"product_tag-zolte-zloto","19":"pa_kolor-zolte","20":"pa_kruszec-zloto","21":"pa_proba-0-585","22":"pa_rozmiar-42cm","23":"pa_srednica-kulki-1mm","24":"pa_szerokosc-0-6mm","25":"pa_waga-1-50g","27":"first","28":"instock","29":"purchasable","30":"product-type-simple"},"aioseo_notices":[],"_links":{"self":[{"href":"https:\/\/staviori.com.pl\/de\/wp-json\/wp\/v2\/product\/14930","targetHints":{"allow":["GET"]}}],"collection":[{"href":"https:\/\/staviori.com.pl\/de\/wp-json\/wp\/v2\/product"}],"about":[{"href":"https:\/\/staviori.com.pl\/de\/wp-json\/wp\/v2\/types\/product"}],"replies":[{"embeddable":true,"href":"https:\/\/staviori.com.pl\/de\/wp-json\/wp\/v2\/comments?post=14930"}],"wp:featuredmedia":[{"embeddable":true,"href":"https:\/\/staviori.com.pl\/de\/wp-json\/wp\/v2\/media\/14931"}],"wp:attachment":[{"href":"https:\/\/staviori.com.pl\/de\/wp-json\/wp\/v2\/media?parent=14930"}],"wp:term":[{"taxonomy":"product_brand","embeddable":true,"href":"https:\/\/staviori.com.pl\/de\/wp-json\/wp\/v2\/product_brand?post=14930"},{"taxonomy":"product_cat","embeddable":true,"href":"https:\/\/staviori.com.pl\/de\/wp-json\/wp\/v2\/product_cat?post=14930"},{"taxonomy":"product_tag","embeddable":true,"href":"https:\/\/staviori.com.pl\/de\/wp-json\/wp\/v2\/product_tag?post=14930"}],"curies":[{"name":"wp","href":"https:\/\/api.w.org\/{rel}","templated":true}]}}