{"id":14926,"date":"2025-02-24T22:47:28","date_gmt":"2025-02-24T21:47:28","guid":{"rendered":"https:\/\/staviori.com.pl\/product\/zlote-naszyjniki-nzg6051\/"},"modified":"2026-02-11T00:08:59","modified_gmt":"2026-02-10T23:08:59","slug":"zlote-naszyjniki-nzg6051","status":"publish","type":"product","link":"https:\/\/staviori.com.pl\/de\/product\/zlote-naszyjniki-nzg6051\/","title":{"rendered":"Gold-Kropfband - festliche Halskette mit 3-farbigen Perlen 35 + 3cm"},"content":{"rendered":"<p>Model: NZG6051<br \/>\nWaga ok. 1,14g<\/p>\n<p>Naszyjnik 38 cm.<br \/>\n\u017b\u00f3\u0142te, Bia\u0142e, R\u00f3\u017cowe Z\u0142oto 0,585.<br \/>\n\u015arednica kulki 1.5 mm.<\/p>\n<p>Precyzyjnie wykonany z\u0142oty CHOKER pr\u00f3by 585. Naszyjnik splot ankier ze \u015blicznymi, diamentowanymi kuleczkami w trzech kolorach z\u0142ota.<br \/>\nD\u0142ugo\u015b\u0107 regulowana 35 + 3cm<\/p>","protected":false},"excerpt":{"rendered":"<p>Stylowy choker z tr\u00f3jkolorowego z\u0142ota pr\u00f3by 0,585 to wyj\u0105tkowa propozycja dla kobiet ceni\u0105cych nowoczesn\u0105 elegancj\u0119. Subtelny splot typu ankier zosta\u0142 ozdobiony diamentowanymi kuleczkami w odcieniach \u017c\u00f3\u0142tego, bia\u0142ego i r\u00f3\u017cowego z\u0142ota, tworz\u0105c efektown\u0105 i pe\u0142n\u0105 blasku kompozycj\u0119. Regulowana d\u0142ugo\u015b\u0107 35 + 3 cm pozwala idealnie dopasowa\u0107 naszyjnik do szyi. Doskona\u0142y dodatek zar\u00f3wno do codziennych stylizacji, jak i wieczorowych kreacji.<\/p>","protected":false},"featured_media":3992,"comment_status":"closed","ping_status":"closed","template":"","meta":{"om_disable_all_campaigns":false},"product_brand":[2284],"product_cat":[719,2128,1930],"product_tag":[4001,4625,4627,2317,4628,4620,4624,2521,4626],"class_list":{"0":"post-14926","1":"product","2":"type-product","3":"status-publish","4":"has-post-thumbnail","6":"product_brand-staviori","7":"product_cat-naszyjniki","8":"product_cat-zlote-naszyjniki","9":"product_cat-zloto-2","10":"product_tag-ankier","11":"product_tag-choker-zloto-0-585","12":"product_tag-diamentowane-kulki","13":"product_tag-elegancka-bizuteria","14":"product_tag-modny-choker","15":"product_tag-naszyjnik-z-kuleczkami","16":"product_tag-nzg6051","17":"product_tag-trojkolorowe-zloto","18":"product_tag-zloto-biale-rozowe-zolte","19":"pa_kolor-zolte","20":"pa_kruszec-zloto","21":"pa_proba-0-585","22":"pa_rozmiar-35cm","23":"pa_rozmiar-38cm","24":"pa_srednica-kulki-1-5mm","25":"pa_waga-1-14g","27":"first","28":"instock","29":"purchasable","30":"product-type-simple"},"aioseo_notices":[],"_links":{"self":[{"href":"https:\/\/staviori.com.pl\/de\/wp-json\/wp\/v2\/product\/14926","targetHints":{"allow":["GET"]}}],"collection":[{"href":"https:\/\/staviori.com.pl\/de\/wp-json\/wp\/v2\/product"}],"about":[{"href":"https:\/\/staviori.com.pl\/de\/wp-json\/wp\/v2\/types\/product"}],"replies":[{"embeddable":true,"href":"https:\/\/staviori.com.pl\/de\/wp-json\/wp\/v2\/comments?post=14926"}],"wp:featuredmedia":[{"embeddable":true,"href":"https:\/\/staviori.com.pl\/de\/wp-json\/wp\/v2\/media\/3992"}],"wp:attachment":[{"href":"https:\/\/staviori.com.pl\/de\/wp-json\/wp\/v2\/media?parent=14926"}],"wp:term":[{"taxonomy":"product_brand","embeddable":true,"href":"https:\/\/staviori.com.pl\/de\/wp-json\/wp\/v2\/product_brand?post=14926"},{"taxonomy":"product_cat","embeddable":true,"href":"https:\/\/staviori.com.pl\/de\/wp-json\/wp\/v2\/product_cat?post=14926"},{"taxonomy":"product_tag","embeddable":true,"href":"https:\/\/staviori.com.pl\/de\/wp-json\/wp\/v2\/product_tag?post=14926"}],"curies":[{"name":"wp","href":"https:\/\/api.w.org\/{rel}","templated":true}]}}