{"id":14924,"date":"2025-02-24T22:47:24","date_gmt":"2025-02-24T21:47:24","guid":{"rendered":"https:\/\/staviori.com.pl\/product\/naszyjnik-z-brylantami-nzd6000s\/"},"modified":"2026-02-11T00:08:59","modified_gmt":"2026-02-10T23:08:59","slug":"naszyjnik-z-brylantami-nzd6000s","status":"publish","type":"product","link":"https:\/\/staviori.com.pl\/de\/product\/naszyjnik-z-brylantami-nzd6000s\/","title":{"rendered":"Exklusive Halskette mit Saphiren und Diamanten aus 18 Karat Gelbgold"},"content":{"rendered":"<p>Model: NZD6000S<br \/>\nGewicht ca. 1,50g<\/p>\n<p>Halskette 42 cm.<br \/>\nGelbgold 0,750.<br \/>\n22 Diamenty, szlif brylantowy, o masie 0,06ct, barwa G, czysto\u015b\u0107 VS2-SI1.<br \/>\n1 Szafir, o masie 0,45ct.<br \/>\nD\u0142ugo\u015b\u0107 8 mm.<br \/>\n6 mm breit.<\/p>\n<p>Produkt nur auf Anfrage erh\u00e4ltlich, Vorlaufzeit ca. 2 Wochen.<\/p>","protected":false},"excerpt":{"rendered":"<p>Zachwycaj\u0105cy naszyjnik z 18-karatowego \u017c\u00f3\u0142tego z\u0142ota, kt\u00f3rego serce stanowi g\u0142\u0119boko niebieski szafir o masie 0,45 ct. Kamie\u0144 otoczony jest subtelnym wie\u0144cem z 22 ol\u015bniewaj\u0105cych diament\u00f3w, kt\u00f3re dodaj\u0105 blasku i elegancji ca\u0142ej kompozycji. Ten delikatny, ale niezwykle efektowny model emanuje ponadczasow\u0105 klas\u0105 i subtelno\u015bci\u0105. Idealny wyb\u00f3r dla kobiet ceni\u0105cych luksus w wyrafinowanej formie.<\/p>","protected":false},"featured_media":3983,"comment_status":"closed","ping_status":"closed","template":"","meta":{"om_disable_all_campaigns":false},"product_brand":[2284],"product_cat":[1803,1838,2120,719],"product_tag":[2311,4177,4761,4308,2291,4153,4760],"class_list":{"0":"post-14924","1":"product","2":"type-product","3":"status-publish","4":"has-post-thumbnail","6":"product_brand-staviori","7":"product_cat-brylanty-exclusive","8":"product_cat-diamenty","9":"product_cat-naszyjnik-z-brylantami","10":"product_cat-naszyjniki","11":"product_tag-bizuteria-luksusowa","12":"product_tag-elegancki-naszyjnik","13":"product_tag-naszyjnik-z-zoltego-zlota","14":"product_tag-naszyjnik-zloty","15":"product_tag-prezent-dla-niej","16":"product_tag-szafir","17":"product_tag-szafir-i-diamenty","18":"pa_barwa-g-2","19":"pa_czystosc-vs2","20":"pa_dlugosc-8mm","21":"pa_dostawca-hosgor","22":"pa_kamien-diamenty","23":"pa_kamien-brylanty","24":"pa_kamien-szafir","25":"pa_kolor-zolte","26":"pa_kruszec-zloto","27":"pa_proba-0-750","28":"pa_rozmiar-42cm","29":"pa_szerokosc-6mm","30":"pa_waga-1-50g","32":"first","33":"onbackorder","34":"purchasable","35":"product-type-simple"},"aioseo_notices":[],"_links":{"self":[{"href":"https:\/\/staviori.com.pl\/de\/wp-json\/wp\/v2\/product\/14924","targetHints":{"allow":["GET"]}}],"collection":[{"href":"https:\/\/staviori.com.pl\/de\/wp-json\/wp\/v2\/product"}],"about":[{"href":"https:\/\/staviori.com.pl\/de\/wp-json\/wp\/v2\/types\/product"}],"replies":[{"embeddable":true,"href":"https:\/\/staviori.com.pl\/de\/wp-json\/wp\/v2\/comments?post=14924"}],"wp:featuredmedia":[{"embeddable":true,"href":"https:\/\/staviori.com.pl\/de\/wp-json\/wp\/v2\/media\/3983"}],"wp:attachment":[{"href":"https:\/\/staviori.com.pl\/de\/wp-json\/wp\/v2\/media?parent=14924"}],"wp:term":[{"taxonomy":"product_brand","embeddable":true,"href":"https:\/\/staviori.com.pl\/de\/wp-json\/wp\/v2\/product_brand?post=14924"},{"taxonomy":"product_cat","embeddable":true,"href":"https:\/\/staviori.com.pl\/de\/wp-json\/wp\/v2\/product_cat?post=14924"},{"taxonomy":"product_tag","embeddable":true,"href":"https:\/\/staviori.com.pl\/de\/wp-json\/wp\/v2\/product_tag?post=14924"}],"curies":[{"name":"wp","href":"https:\/\/api.w.org\/{rel}","templated":true}]}}