{"id":14918,"date":"2025-02-24T22:47:24","date_gmt":"2025-02-24T21:47:24","guid":{"rendered":"https:\/\/staviori.com.pl\/product\/naszyjnik-z-brylantami-nzd4750\/"},"modified":"2026-02-11T00:08:58","modified_gmt":"2026-02-10T23:08:58","slug":"naszyjnik-z-brylantami-nzd4750","status":"publish","type":"product","link":"https:\/\/staviori.com.pl\/de\/product\/naszyjnik-z-brylantami-nzd4750\/","title":{"rendered":"Wundersch\u00f6ner Goldpavillon mit 0,15ct Diamant"},"content":{"rendered":"<p>Model: NZD4750<br \/>\nGewicht ca. 0,80g<\/p>\n<p>Naszyjnik 43 cm.<br \/>\nGelbgold 0,585.<br \/>\n1 Diament, szlif brylantowy, o masie 0,15ct, barwa G-H, czysto\u015b\u0107 SI1.<\/p>\n<p>\u015arednica 4.93 mm.<br \/>\nGrubo\u015b\u0107 3.5 mm.<\/p>\n<p>Mo\u017cliwo\u015b\u0107 regulacji d\u0142ugo\u015bci 40cm lub 43cm.<\/p>\n<p><strong>W przypadku braku na magazynie &#8211; produkt dost\u0119pny jest na zam\u00f3wienie.<br \/>\nTermin realizacji to oko\u0142o 2 tygodnie.<\/strong><\/p>","protected":false},"excerpt":{"rendered":"<p>Minimalistyczny naszyjnik z \u017c\u00f3\u0142tego z\u0142ota pr\u00f3by 0,585 zachwyca elegancj\u0105 i ponadczasowym stylem. G\u0142\u00f3wn\u0105 ozdob\u0105 jest perfekcyjnie oprawiony brylantowy diament o masie 0,15 ct, kt\u00f3ry pi\u0119knie odbija \u015bwiat\u0142o i przyci\u0105ga spojrzenia. Prosty, klasyczny design sprawia, \u017ce naszyjnik doskonale komponuje si\u0119 zar\u00f3wno z codziennymi, jak i wieczorowymi stylizacjami. To bi\u017cuteria, kt\u00f3ra podkre\u015bli naturalne pi\u0119kno ka\u017cdej kobiety i b\u0119dzie doskona\u0142ym pomys\u0142em na wyj\u0105tkowy prezent.<\/p>","protected":false},"featured_media":3917,"comment_status":"closed","ping_status":"closed","template":"","meta":{"om_disable_all_campaigns":false},"product_brand":[2284],"product_cat":[1838,6752,2120,719],"product_tag":[3720,4123,3722,3710,3717,2464,2378,4339,4078,2332,3806,2522],"class_list":{"0":"post-14918","1":"product","2":"type-product","3":"status-publish","4":"has-post-thumbnail","6":"product_brand-staviori","7":"product_cat-diamenty","8":"product_cat-kolekcja-staviori-must-have","9":"product_cat-naszyjnik-z-brylantami","10":"product_cat-naszyjniki","11":"product_tag-bizuteria","12":"product_tag-brylant","13":"product_tag-diament","14":"product_tag-elegancja","15":"product_tag-klasyka","16":"product_tag-minimalistyczny","17":"product_tag-naszyjnik","18":"product_tag-nzd4750","19":"product_tag-ponadczasowy","20":"product_tag-prezent","21":"product_tag-zloto","22":"product_tag-zolte-zloto","23":"pa_barwa-g-h","24":"pa_czystosc-si1","25":"pa_dostawca-iza","26":"pa_grubosc-3-5mm","27":"pa_kamien-diament","28":"pa_kolor-zolte","29":"pa_kruszec-zloto","30":"pa_proba-0-585","31":"pa_rozmiar-43cm","32":"pa_srednica-4-93mm","33":"pa_waga-0-80g","35":"first","36":"instock","37":"purchasable","38":"product-type-simple"},"aioseo_notices":[],"_links":{"self":[{"href":"https:\/\/staviori.com.pl\/de\/wp-json\/wp\/v2\/product\/14918","targetHints":{"allow":["GET"]}}],"collection":[{"href":"https:\/\/staviori.com.pl\/de\/wp-json\/wp\/v2\/product"}],"about":[{"href":"https:\/\/staviori.com.pl\/de\/wp-json\/wp\/v2\/types\/product"}],"replies":[{"embeddable":true,"href":"https:\/\/staviori.com.pl\/de\/wp-json\/wp\/v2\/comments?post=14918"}],"wp:featuredmedia":[{"embeddable":true,"href":"https:\/\/staviori.com.pl\/de\/wp-json\/wp\/v2\/media\/3917"}],"wp:attachment":[{"href":"https:\/\/staviori.com.pl\/de\/wp-json\/wp\/v2\/media?parent=14918"}],"wp:term":[{"taxonomy":"product_brand","embeddable":true,"href":"https:\/\/staviori.com.pl\/de\/wp-json\/wp\/v2\/product_brand?post=14918"},{"taxonomy":"product_cat","embeddable":true,"href":"https:\/\/staviori.com.pl\/de\/wp-json\/wp\/v2\/product_cat?post=14918"},{"taxonomy":"product_tag","embeddable":true,"href":"https:\/\/staviori.com.pl\/de\/wp-json\/wp\/v2\/product_tag?post=14918"}],"curies":[{"name":"wp","href":"https:\/\/api.w.org\/{rel}","templated":true}]}}