{"id":14917,"date":"2025-02-24T22:47:24","date_gmt":"2025-02-24T21:47:24","guid":{"rendered":"https:\/\/staviori.com.pl\/product\/naszyjnik-z-brylantami-nzd4206\/"},"modified":"2026-02-11T00:08:58","modified_gmt":"2026-02-10T23:08:58","slug":"naszyjnik-z-brylantami-nzd4206","status":"publish","type":"product","link":"https:\/\/staviori.com.pl\/de\/product\/naszyjnik-z-brylantami-nzd4206\/","title":{"rendered":"Celebrity Diamant-Halskette Gelbgold"},"content":{"rendered":"<p>Model: NZD4206<br \/>\nWaga ok. 1,67g<\/p>\n<p>Naszyjnik 43 cm.<br \/>\nGelbgold 0,585.<br \/>\n1 Diament, szlif brylantowy, o masie 0,02 ct., barwa H, czysto\u015b\u0107 SI2.<\/p>\n<p>\u015arednica 10 mm.<br \/>\nMo\u017cliwo\u015b\u0107 regulacji d\u0142ugo\u015bci 42cm &#8211; 47cm.<\/p>\n<p><strong>Je\u015bli brak na stanie &#8211; produkt dost\u0119pny na zam\u00f3wienie.<br \/>\nTermin realizacji oko\u0142o 2 tygodnie.<\/strong><\/p>","protected":false},"excerpt":{"rendered":"<p>Elegancki naszyjnik z \u017c\u00f3\u0142tego z\u0142ota pr\u00f3by 0,585, kt\u00f3ry zachwyca minimalistyczn\u0105 form\u0105 i blaskiem diamentu o szlifie brylantowym. Delikatna, okr\u0105g\u0142a zawieszka z subtelnie oprawionym kamieniem doskonale podkre\u015bla szyj\u0119 i nadaje stylizacji wyj\u0105tkowego charakteru. To propozycja dla kobiet ceni\u0105cych klasyk\u0119 z nowoczesnym akcentem. Doskona\u0142y na co dzie\u0144 i na wyj\u0105tkowe okazje.<\/p>","protected":false},"featured_media":3907,"comment_status":"closed","ping_status":"closed","template":"","meta":{"om_disable_all_campaigns":false},"product_brand":[2284],"product_cat":[1838,6752,2120,719],"product_tag":[4332],"class_list":{"0":"post-14917","1":"product","2":"type-product","3":"status-publish","4":"has-post-thumbnail","6":"product_brand-staviori","7":"product_cat-diamenty","8":"product_cat-kolekcja-staviori-must-have","9":"product_cat-naszyjnik-z-brylantami","10":"product_cat-naszyjniki","11":"product_tag-nzd4206","12":"pa_barwa-h-2","13":"pa_czystosc-si2","14":"pa_dostawca-iza","15":"pa_kamien-brylant","16":"pa_kolor-zolte","17":"pa_kruszec-zloto","18":"pa_proba-0-585","19":"pa_rozmiar-43cm","20":"pa_srednica-10mm","21":"pa_waga-1-67g","23":"first","24":"onbackorder","25":"purchasable","26":"product-type-simple"},"aioseo_notices":[],"_links":{"self":[{"href":"https:\/\/staviori.com.pl\/de\/wp-json\/wp\/v2\/product\/14917","targetHints":{"allow":["GET"]}}],"collection":[{"href":"https:\/\/staviori.com.pl\/de\/wp-json\/wp\/v2\/product"}],"about":[{"href":"https:\/\/staviori.com.pl\/de\/wp-json\/wp\/v2\/types\/product"}],"replies":[{"embeddable":true,"href":"https:\/\/staviori.com.pl\/de\/wp-json\/wp\/v2\/comments?post=14917"}],"wp:featuredmedia":[{"embeddable":true,"href":"https:\/\/staviori.com.pl\/de\/wp-json\/wp\/v2\/media\/3907"}],"wp:attachment":[{"href":"https:\/\/staviori.com.pl\/de\/wp-json\/wp\/v2\/media?parent=14917"}],"wp:term":[{"taxonomy":"product_brand","embeddable":true,"href":"https:\/\/staviori.com.pl\/de\/wp-json\/wp\/v2\/product_brand?post=14917"},{"taxonomy":"product_cat","embeddable":true,"href":"https:\/\/staviori.com.pl\/de\/wp-json\/wp\/v2\/product_cat?post=14917"},{"taxonomy":"product_tag","embeddable":true,"href":"https:\/\/staviori.com.pl\/de\/wp-json\/wp\/v2\/product_tag?post=14917"}],"curies":[{"name":"wp","href":"https:\/\/api.w.org\/{rel}","templated":true}]}}