{"id":14906,"date":"2025-02-24T22:47:24","date_gmt":"2025-02-24T21:47:24","guid":{"rendered":"https:\/\/staviori.com.pl\/product\/zlote-naszyjniki-nzc6695\/"},"modified":"2026-03-18T09:27:02","modified_gmt":"2026-03-18T08:27:02","slug":"zlote-naszyjniki-nzc6695","status":"publish","type":"product","link":"https:\/\/staviori.com.pl\/de\/product\/zlote-naszyjniki-nzc6695\/","title":{"rendered":"Goldreiche Halskette aus Gelbgold 585"},"content":{"rendered":"<p>Model: NZC6695<br \/>\nWaga ok. 2,92g<\/p>\n<p>Halskette 45 cm.<br \/>\n\u017b\u00f3\u0142te Z\u0142oto 0,585<\/p>","protected":false},"excerpt":{"rendered":"<p>Klasyczny naszyjnik wykonany z \u017c\u00f3\u0142tego z\u0142ota pr\u00f3by 0,585 to ponadczasowa propozycja dla mi\u0142o\u015bnik\u00f3w eleganckiej i uniwersalnej bi\u017cuterii. Zjawiskowe, po\u0142yskuj\u0105ce ogniwa tworz\u0105 efektowny, a zarazem delikatny wz\u00f3r, kt\u00f3ry pi\u0119knie prezentuje si\u0119 zar\u00f3wno solo, jak i w zestawieniu z innymi dodatkami. Ten z\u0142oty naszyjnik to idealny wyb\u00f3r na co dzie\u0144 oraz na wyj\u0105tkowe okazje \u2013 subtelnie podkre\u015bli Tw\u00f3j styl i doda blasku ka\u017cdej stylizacji.<\/p>","protected":false},"featured_media":14907,"comment_status":"closed","ping_status":"closed","template":"","meta":{"om_disable_all_campaigns":false},"product_brand":[2284,2350],"product_cat":[719,2128,1930],"product_tag":[4313,4314],"class_list":{"0":"post-14906","1":"product","2":"type-product","3":"status-publish","4":"has-post-thumbnail","6":"product_brand-staviori","7":"product_brand-verona","8":"product_cat-naszyjniki","9":"product_cat-zlote-naszyjniki","10":"product_cat-zloto-2","11":"product_tag-nz19829","12":"product_tag-nzc6695","13":"pa_kolor-zolte","14":"pa_kruszec-zloto","15":"pa_proba-0-585","16":"pa_rozmiar-45cm","17":"pa_waga-2-92g","19":"first","20":"instock","21":"sale","22":"purchasable","23":"product-type-simple"},"aioseo_notices":[],"_links":{"self":[{"href":"https:\/\/staviori.com.pl\/de\/wp-json\/wp\/v2\/product\/14906","targetHints":{"allow":["GET"]}}],"collection":[{"href":"https:\/\/staviori.com.pl\/de\/wp-json\/wp\/v2\/product"}],"about":[{"href":"https:\/\/staviori.com.pl\/de\/wp-json\/wp\/v2\/types\/product"}],"replies":[{"embeddable":true,"href":"https:\/\/staviori.com.pl\/de\/wp-json\/wp\/v2\/comments?post=14906"}],"wp:featuredmedia":[{"embeddable":true,"href":"https:\/\/staviori.com.pl\/de\/wp-json\/wp\/v2\/media\/14907"}],"wp:attachment":[{"href":"https:\/\/staviori.com.pl\/de\/wp-json\/wp\/v2\/media?parent=14906"}],"wp:term":[{"taxonomy":"product_brand","embeddable":true,"href":"https:\/\/staviori.com.pl\/de\/wp-json\/wp\/v2\/product_brand?post=14906"},{"taxonomy":"product_cat","embeddable":true,"href":"https:\/\/staviori.com.pl\/de\/wp-json\/wp\/v2\/product_cat?post=14906"},{"taxonomy":"product_tag","embeddable":true,"href":"https:\/\/staviori.com.pl\/de\/wp-json\/wp\/v2\/product_tag?post=14906"}],"curies":[{"name":"wp","href":"https:\/\/api.w.org\/{rel}","templated":true}]}}