{"id":14899,"date":"2025-02-24T22:47:24","date_gmt":"2025-02-24T21:47:24","guid":{"rendered":"https:\/\/staviori.com.pl\/product\/zlote-naszyjniki-nzc6546t\/"},"modified":"2026-02-11T00:08:58","modified_gmt":"2026-02-10T23:08:58","slug":"zlote-naszyjniki-nzc6546t","status":"publish","type":"product","link":"https:\/\/staviori.com.pl\/de\/product\/zlote-naszyjniki-nzc6546t\/","title":{"rendered":"Goldhalskette mit gro\u00dfem Londoner Blautopas"},"content":{"rendered":"<p>Model: NZC6546T<br \/>\nWaga ok. 1,89g<\/p>\n<p>Halskette 45 cm.<br \/>\nGelbgold 0,585.<br \/>\n1 Topaz London Blue, o masie 1,30ct.<\/p>\n<p>W przypadku braku na magazynie &#8211; mo\u017cliwo\u015b\u0107 zam\u00f3wienia &#8211; realizacja oko\u0142o 1 tydzie\u0144.<\/p>","protected":false},"excerpt":{"rendered":"<p>Zjawiskowy naszyjnik z \u017c\u00f3\u0142tego z\u0142ota pr\u00f3by 0,585, ozdobiony niezwyk\u0142ym topazem London Blue o masie 1,30 ct. Kamie\u0144 zachwyca g\u0142\u0119bok\u0105, niebiesk\u0105 barw\u0105, kt\u00f3ra pi\u0119knie kontrastuje z ciep\u0142ym odcieniem z\u0142ota. Delikatny, a zarazem elegancki design sprawia, \u017ce naszyjnik doskonale podkre\u015bli zar\u00f3wno codzienne, jak i wieczorowe stylizacje. To wyj\u0105tkowa propozycja dla kobiet ceni\u0105cych ponadczasowe pi\u0119kno i odrobin\u0119 luksusu.<\/p>","protected":false},"featured_media":14900,"comment_status":"closed","ping_status":"closed","template":"","meta":{"om_disable_all_campaigns":false},"product_brand":[2284,2350],"product_cat":[719,2128,1930],"product_tag":[2612,4177,3717,4317,4308,4319,4316,4315,4318,2617,2522],"class_list":{"0":"post-14899","1":"product","2":"type-product","3":"status-publish","4":"has-post-thumbnail","6":"product_brand-staviori","7":"product_brand-verona","8":"product_cat-naszyjniki","9":"product_cat-zlote-naszyjniki","10":"product_cat-zloto-2","11":"product_tag-bizuteria-z-kamieniami","12":"product_tag-elegancki-naszyjnik","13":"product_tag-klasyka","14":"product_tag-luksusowy-prezent","15":"product_tag-naszyjnik-zloty","16":"product_tag-niebieski-kamien","17":"product_tag-nz19920","18":"product_tag-nzc6546t","19":"product_tag-ponadczasowa-bizuteria","20":"product_tag-topaz-london-blue","21":"product_tag-zolte-zloto","22":"pa_kamien-topaz-london-blue","23":"pa_kolor-zolte","24":"pa_kruszec-zloto","25":"pa_proba-0-585","26":"pa_rozmiar-45cm","27":"pa_waga-1-89g","29":"first","30":"onbackorder","31":"purchasable","32":"product-type-simple"},"aioseo_notices":[],"_links":{"self":[{"href":"https:\/\/staviori.com.pl\/de\/wp-json\/wp\/v2\/product\/14899","targetHints":{"allow":["GET"]}}],"collection":[{"href":"https:\/\/staviori.com.pl\/de\/wp-json\/wp\/v2\/product"}],"about":[{"href":"https:\/\/staviori.com.pl\/de\/wp-json\/wp\/v2\/types\/product"}],"replies":[{"embeddable":true,"href":"https:\/\/staviori.com.pl\/de\/wp-json\/wp\/v2\/comments?post=14899"}],"wp:featuredmedia":[{"embeddable":true,"href":"https:\/\/staviori.com.pl\/de\/wp-json\/wp\/v2\/media\/14900"}],"wp:attachment":[{"href":"https:\/\/staviori.com.pl\/de\/wp-json\/wp\/v2\/media?parent=14899"}],"wp:term":[{"taxonomy":"product_brand","embeddable":true,"href":"https:\/\/staviori.com.pl\/de\/wp-json\/wp\/v2\/product_brand?post=14899"},{"taxonomy":"product_cat","embeddable":true,"href":"https:\/\/staviori.com.pl\/de\/wp-json\/wp\/v2\/product_cat?post=14899"},{"taxonomy":"product_tag","embeddable":true,"href":"https:\/\/staviori.com.pl\/de\/wp-json\/wp\/v2\/product_tag?post=14899"}],"curies":[{"name":"wp","href":"https:\/\/api.w.org\/{rel}","templated":true}]}}