{"id":14894,"date":"2025-02-24T22:47:24","date_gmt":"2025-02-24T21:47:24","guid":{"rendered":"https:\/\/staviori.com.pl\/product\/zlote-naszyjniki-nzc6546a\/"},"modified":"2026-02-11T00:08:58","modified_gmt":"2026-02-10T23:08:58","slug":"zlote-naszyjniki-nzc6546a","status":"publish","type":"product","link":"https:\/\/staviori.com.pl\/de\/product\/zlote-naszyjniki-nzc6546a\/","title":{"rendered":"Goldene Halskette mit gro\u00dfem Amethyst"},"content":{"rendered":"<p>Model: NZC6546A<br \/>\nWaga ok. 1,83g<\/p>\n<p>Halskette 45 cm.<br \/>\nGelbgold 0,585.<br \/>\n1 Ametyst, o masie 1,10ct.<\/p>","protected":false},"excerpt":{"rendered":"<p>Delikatny naszyjnik wykonany z \u017c\u00f3\u0142tego z\u0142ota pr\u00f3by 0,585, ozdobiony pi\u0119knym ametystem o masie 1,10 ct. G\u0142\u0119boki fiolet kamienia subtelnie kontrastuje z blaskiem z\u0142ota, tworz\u0105c wyj\u0105tkowo kobiecy i elegancki duet. Ten klasyczny, a jednocze\u015bnie wyrazisty dodatek doskonale podkre\u015bli Twoj\u0105 indywidualno\u015b\u0107 \u2013 zar\u00f3wno na co dzie\u0144, jak i podczas wyj\u0105tkowych okazji. Idealny wyb\u00f3r dla kobiet, kt\u00f3re kochaj\u0105 szlachetne kamienie i ponadczasowy styl.<\/p>","protected":false},"featured_media":14895,"comment_status":"closed","ping_status":"closed","template":"","meta":{"om_disable_all_campaigns":false},"product_brand":[2284,2350],"product_cat":[719,2128,1930],"product_tag":[2472,2317,4323,3717,4317,4322,4308,4316,4321,2291,2522],"class_list":{"0":"post-14894","1":"product","2":"type-product","3":"status-publish","4":"has-post-thumbnail","6":"product_brand-staviori","7":"product_brand-verona","8":"product_cat-naszyjniki","9":"product_cat-zlote-naszyjniki","10":"product_cat-zloto-2","11":"product_tag-ametyst","12":"product_tag-elegancka-bizuteria","13":"product_tag-fioletowa-bizuteria","14":"product_tag-klasyka","15":"product_tag-luksusowy-prezent","16":"product_tag-naszyjnik-z-kamieniem","17":"product_tag-naszyjnik-zloty","18":"product_tag-nz19920","19":"product_tag-nzc6546a","20":"product_tag-prezent-dla-niej","21":"product_tag-zolte-zloto","22":"pa_kamien-ametyst-2","23":"pa_kolor-zolte","24":"pa_kruszec-zloto","25":"pa_proba-0-585","26":"pa_rozmiar-45cm","27":"pa_waga-1-83g","29":"first","30":"onbackorder","31":"purchasable","32":"product-type-simple"},"aioseo_notices":[],"_links":{"self":[{"href":"https:\/\/staviori.com.pl\/de\/wp-json\/wp\/v2\/product\/14894","targetHints":{"allow":["GET"]}}],"collection":[{"href":"https:\/\/staviori.com.pl\/de\/wp-json\/wp\/v2\/product"}],"about":[{"href":"https:\/\/staviori.com.pl\/de\/wp-json\/wp\/v2\/types\/product"}],"replies":[{"embeddable":true,"href":"https:\/\/staviori.com.pl\/de\/wp-json\/wp\/v2\/comments?post=14894"}],"wp:featuredmedia":[{"embeddable":true,"href":"https:\/\/staviori.com.pl\/de\/wp-json\/wp\/v2\/media\/14895"}],"wp:attachment":[{"href":"https:\/\/staviori.com.pl\/de\/wp-json\/wp\/v2\/media?parent=14894"}],"wp:term":[{"taxonomy":"product_brand","embeddable":true,"href":"https:\/\/staviori.com.pl\/de\/wp-json\/wp\/v2\/product_brand?post=14894"},{"taxonomy":"product_cat","embeddable":true,"href":"https:\/\/staviori.com.pl\/de\/wp-json\/wp\/v2\/product_cat?post=14894"},{"taxonomy":"product_tag","embeddable":true,"href":"https:\/\/staviori.com.pl\/de\/wp-json\/wp\/v2\/product_tag?post=14894"}],"curies":[{"name":"wp","href":"https:\/\/api.w.org\/{rel}","templated":true}]}}